{"id":10197,"date":"2024-07-30T11:34:29","date_gmt":"2024-07-30T08:34:29","guid":{"rendered":"https:\/\/maadcenter.co\/?post_type=product&#038;p=10197"},"modified":"2025-08-30T10:04:54","modified_gmt":"2025-08-30T07:04:54","slug":"safta-school-bag-for-girls-11","status":"publish","type":"product","link":"https:\/\/maadcenter.co\/krd\/shop-2\/brand\/safta\/safta-school-bag-for-girls-11\/","title":{"rendered":"\u062c\u0627\u0646\u062a\u0627\u06cc \u062e\u0648\u06ce\u0646\u062f\u0646 - \u0633\u0627\u0641\u062a\u0627 - \u06a9\u0686\u0627\u0646"},"content":{"rendered":"<ul>\n<li><span data-huuid=\"6646665390696456704\"><strong>\u0644\u06d5 \u062e\u06c6 \u062f\u06d5\u06af\u0631\u06ce\u062a<\/strong>\u00a0<\/span><span data-huuid=\"6646665390696459417\">\u0639\u06d5\u0631\u06d5\u0628\u0627\u0646\u06d5\u06a9\u06d5 \u062f\u06d5\u067e\u06ce\u0686\u06ce\u062a\u06d5\u0648\u06d5 \u062a\u0627 \u0628\u0686\u0648\u0648\u06a9 \u062f\u06d5\u0628\u06ce\u062a\u06d5\u0648\u06d5 \u0628\u06c6\u06cc\u06d5 \u062f\u06d5\u062a\u0648\u0627\u0646\u06cc\u062a \u0628\u06d5 \u0626\u0627\u0633\u0627\u0646\u06cc \u0647\u06d5\u06b5\u06cc\u0628\u06af\u0631\u06cc\u062a \u06a9\u0627\u062a\u06ce\u06a9 \u0628\u06d5\u06a9\u0627\u0631\u06cc \u0646\u0627\u0647\u06ce\u0646\u06cc\u062a.<span class=\"pjBG2e\" data-cid=\"2d9dc96e-612c-4f92-b902-8eb82d15df5d\"><span class=\"UV3uM\">\u00a0<\/span><\/span><\/span><\/li>\n<\/ul>\n<div class=\"NPrrbc\" data-cid=\"2d9dc96e-612c-4f92-b902-8eb82d15df5d\" data-uuids=\"6646665390696456704,6646665390696459417\">\n<div class=\"BMebGe btku5b fCrZyc LwdV0e FR7ZSc qVhvac OJeuxf\" role=\"button\" aria-label=\"Gir\u00eadan\u00ean t\u00eakildar bib\u00eenin\" data-hveid=\"CCYQAQ\" data-ved=\"2ahUKEwjE28ra696OAxUkgv0HHZsMLssQ3fYKegQIJhAB\"><\/div>\n<\/div>\n<ul data-hveid=\"CDgQAQ\" data-ved=\"2ahUKEwjE28ra696OAxUkgv0HHZsMLssQm_YKegQIOBAB\">\n<li><span data-huuid=\"6646665390696456651\"><strong>\u062f\u0627\u0646\u0627\u0646\u06cc \u062c\u0627\u0646\u062a\u0627\u06cc\u06d5\u06a9\u06cc \u067e\u0634\u062a\u06d5\u0648\u06d5 \u06a9\u06d5 \u0644\u06d5\u06af\u06d5\u06b5 \u0647\u06d5\u0645\u0648\u0648 \u062c\u06c6\u0631\u06d5\u06a9\u0627\u0646\u06cc\u062f\u0627 \u0628\u06af\u0648\u0646\u062c\u06ce\u062a<\/strong>\u00a0<\/span><span data-huuid=\"6646665390696459364\">\u0633\u06cc\u0633\u062a\u06d5\u0645\u06ce\u06a9 \u06a9\u06d5 \u062c\u0627\u0646\u062a\u0627\u06a9\u0627\u0646 \u0628\u06d5 \u0642\u06d5\u0628\u0627\u0631\u06d5\u06cc \u062c\u06cc\u0627\u0648\u0627\u0632 \u0628\u06d5 \u0633\u06d5\u0644\u0627\u0645\u06d5\u062a\u06cc\u062f\u06d5 \u0647\u06ce\u06b5\u06ce\u062a\u06d5\u0648\u06d5 .<span class=\"pjBG2e\" data-cid=\"cf1ab1d2-b365-4ac5-b3d6-0bf94f23e658\"><span class=\"UV3uM\">\u00a0<\/span><\/span><\/span>\n<div class=\"NPrrbc\" data-cid=\"cf1ab1d2-b365-4ac5-b3d6-0bf94f23e658\" data-uuids=\"6646665390696456651,6646665390696459364\">\n<div class=\"BMebGe btku5b fCrZyc LwdV0e FR7ZSc qVhvac OJeuxf\" role=\"button\" aria-label=\"Gir\u00eadan\u00ean t\u00eakildar bib\u00eenin\" data-hveid=\"CCQQAQ\" data-ved=\"2ahUKEwjE28ra696OAxUkgv0HHZsMLssQ3fYKegQIJBAB\">\n<div class=\"niO4u\">\n<div class=\"kHtcsd\"><\/div>\n<\/div>\n<\/div>\n<\/div>\n<\/li>\n<li><span data-huuid=\"6646665390696456598\"><strong>\u062a\u0627\u06cc\u06d5\u06a9\u0627\u0646\u06cc \u062f\u0698\u06d5 \u0647\u06d5\u0632\u06d5\u06cc\u06d5 \u0648 \u0644\u06d5\u0633\u06d5\u0631 \u062e\u06c6\u06cc\u06d5<\/strong>\u00a0<\/span><span data-huuid=\"6646665390696459311\">\u062f\u06cc\u0632\u0627\u06cc\u0646 \u06a9\u0631\u0627\u0648\u06d5 \u0628\u06c6 \u0626\u06d5\u0648\u06d5\u06cc \u0628\u06d5 \u0626\u0627\u0633\u0627\u0646\u06cc \u0648 \u0628\u06d5 \u0647\u06ce\u0645\u0646\u06cc \u0647\u06d5\u06b5\u0633\u0648 \u06a9\u06d5\u0648\u062a \u0628\u06a9\u0631\u06ce\u062a\u060c \u0632\u06c6\u0631\u062c\u0627\u0631\u06cc\u0634 \u06a9\u06d5\u06a4\u06d5\u0631\u06ce\u06a9\u06cc \u0644\u0627\u0633\u062a\u06cc\u06a9\u06cc\u06cc\u06d5.<span class=\"pjBG2e\" data-cid=\"de2e13e8-b688-4457-acd8-92f317e90ff7\"><span class=\"UV3uM\">\u00a0<\/span><\/span><\/span>\n<div class=\"NPrrbc\" data-cid=\"de2e13e8-b688-4457-acd8-92f317e90ff7\" data-uuids=\"6646665390696456598,6646665390696459311\">\n<div class=\"BMebGe btku5b fCrZyc LwdV0e FR7ZSc qVhvac OJeuxf\" role=\"button\" aria-label=\"Gir\u00eadan\u00ean t\u00eakildar bib\u00eenin\" data-hveid=\"CDAQAQ\" data-ved=\"2ahUKEwjE28ra696OAxUkgv0HHZsMLssQ3fYKegQIMBAB\">\n<div class=\"niO4u\">\n<div class=\"kHtcsd\"><\/div>\n<\/div>\n<\/div>\n<\/div>\n<\/li>\n<li><span data-huuid=\"6646665390696459258\"><strong>\u062a\u0627\u06cc\u067e\u06d5\u062a\u0645\u06d5\u0646\u062f\u06cc\u00a0<\/strong>\u062c\u0627\u0646\u062a\u0627\u06a9\u06d5  \u062f\u06d5\u062a\u0648\u0627\u0646\u0631\u06ce\u062a \u0628\u06d5 \u062f\u0648\u0648 \u0634\u06ce\u0648\u06d5 \u0628\u06d5\u06a9\u0627\u0631\u0628\u0647\u06ce\u0646\u0631\u06ce\u062a (\u062f\u06d5\u062a\u0648\u0627\u0646\u0631\u06ce\u062a \u0628\u06af\u06c6\u0695\u062f\u0631\u06ce\u062a \u0628\u06c6 \u062c\u0627\u0646\u062a\u0627\u06cc \u06a9\u06c6\u06b5\u06d5 \u067e\u0634\u062a \u06cc\u0627\u0646 \u0644\u06d5\u06af\u06d5\u06b5 \u0648\u06cc\u0644 \u0628\u06d5\u06a9\u0627\u0631\u0628\u0647\u06ce\u0646\u0631\u06ce\u062a)  .<span class=\"pjBG2e\" data-cid=\"c534d39e-ef25-4924-8684-625229830d0d\"><span class=\"UV3uM\">\u00a0<\/span><\/span><\/span>\n<div class=\"NPrrbc\" data-cid=\"c534d39e-ef25-4924-8684-625229830d0d\" data-uuids=\"6646665390696456545,6646665390696459258\">\n<div class=\"BMebGe btku5b fCrZyc LwdV0e FR7ZSc qVhvac OJeuxf\" role=\"button\" aria-label=\"Gir\u00eadan\u00ean t\u00eakildar bib\u00eenin\" data-hveid=\"CCcQAQ\" data-ved=\"2ahUKEwjE28ra696OAxUkgv0HHZsMLssQ3fYKegQIJxAB\">\n<div class=\"niO4u\">\n<div class=\"kHtcsd\"><\/div>\n<\/div>\n<\/div>\n<\/div>\n<\/li>\n<li><span data-huuid=\"6646665390696456492\"><strong>\u062f\u06d5\u0633\u06a9\u06cc \u0644\u0627\u0628\u0631\u062f\u0646:<\/strong>\u00a0<\/span><span data-huuid=\"6646665390696459205\">\u062f\u06d5\u062a\u0648\u0627\u0646\u0631\u06ce\u062a \u062f\u06d5\u0633\u062a\u06d5\u06a9\u06d5 \u062f\u06d5\u0631\u0628\u0647\u06ce\u0646\u0631\u06ce\u062a \u0626\u06d5\u06af\u06d5\u0631 \u0628\u062a\u06d5\u0648\u06ce\u062a \u0695\u06cc\u0645\u06d5\u06a9\u06d5 \u0647\u06d5\u06b5\u0628\u06af\u0631\u06cc\u062a \u06cc\u0627\u0646 \u0628\u06d5 \u0626\u0627\u0633\u0627\u0646\u06cc \u0628\u06cc\u062c\u0648\u06b5\u06ce\u0646\u06cc\u062a.<span class=\"pjBG2e\" data-cid=\"7a499cb8-1ca0-41a7-9f0b-728371d1a5e5\"><span class=\"UV3uM\">\u00a0<\/span><\/span><\/span>\n<div class=\"NPrrbc\" data-cid=\"7a499cb8-1ca0-41a7-9f0b-728371d1a5e5\" data-uuids=\"6646665390696456492,6646665390696459205\">\n<div class=\"BMebGe btku5b fCrZyc LwdV0e FR7ZSc qVhvac OJeuxf\" role=\"button\" aria-label=\"Gir\u00eadan\u00ean t\u00eakildar bib\u00eenin\" data-hveid=\"CCgQAQ\" data-ved=\"2ahUKEwjE28ra696OAxUkgv0HHZsMLssQ3fYKegQIKBAB\">\n<div class=\"niO4u\">\n<div class=\"kHtcsd\"><\/div>\n<\/div>\n<\/div>\n<\/div>\n<\/li>\n<li><span data-huuid=\"6646665390696456439\"><strong>\u06a9\u06d5\u0631\u06d5\u0633\u062a\u06d5\u06cc \u0628\u06d5\u0647\u06ce\u0632<\/strong>\u00a0<\/span><span data-huuid=\"6646665390696459152\">\u0644\u06d5 \u0645\u0627\u062f\u062f\u06d5\u06a9\u0627\u0646\u06cc \u0648\u06d5\u06a9 \u067e\u06c6\u0644\u06cc\u067e\u0631\u06c6\u067e\u0644\u06cc\u0646 \u0648 \u0626\u06d5\u0644\u06d5\u0645\u0646\u06cc\u06c6\u0645 \u062f\u0631\u0648\u0633\u062a\u06a9\u0631\u0627\u0648\u06d5 \u0628\u06c6 \u062e\u06c6\u0695\u0627\u06af\u0631\u06cc.<span class=\"pjBG2e\" data-cid=\"d6a3d16d-14d0-44bc-840d-aafba22101e3\"><span class=\"UV3uM\">\u00a0<\/span><\/span><\/span>\n<div class=\"NPrrbc\" data-cid=\"d6a3d16d-14d0-44bc-840d-aafba22101e3\" data-uuids=\"6646665390696456439,6646665390696459152\">\n<div class=\"BMebGe btku5b fCrZyc LwdV0e FR7ZSc qVhvac OJeuxf\" role=\"button\" aria-label=\"Gir\u00eadan\u00ean t\u00eakildar bib\u00eenin\" data-hveid=\"CDIQAQ\" data-ved=\"2ahUKEwjE28ra696OAxUkgv0HHZsMLssQ3fYKegQIMhAB\">\n<div class=\"kHtcsd\"><\/div>\n<\/div>\n<\/div>\n<\/li>\n<li><strong>\u062a\u06d5\u0645\u06d5\u0646\u06cc \u06af\u0648\u0646\u062c\u0627\u0648 :\u00a0<\/strong>\u06af\u0648\u0646\u062c\u0627\u0648\u06d5 \u0628\u06c6 \u06a9\u0686\u0627\u0646 \u0648 \u06a9\u0648\u0695\u0627\u0646\u06cc \u062a\u06d5\u0645\u06d5\u0646 \u0666 \u0628\u06c6 \u0661\u0660 \u0633\u0627\u06b5.<\/li>\n<\/ul>\n<p>&nbsp;<\/p>","protected":false},"excerpt":{"rendered":"<p><strong>\u062c\u0627\u0646\u062a\u0627\u06cc\u06d5\u06a9\u06cc \u067e\u0634\u062a\u06cc \u0686\u06d5\u0631\u062e\u06cc \u0645\u0627\u0631\u06a9\u06d5\u06cc SAFTA \u06a9\u06d5 \u0628\u06c6 \u0645\u0646\u062f\u0627\u06b5\u0627\u0646\u06cc \u062a\u06d5\u0645\u06d5\u0646 6 \u0628\u06c6 10 \u0633\u0627\u06b5 \u06af\u0648\u0646\u062c\u0627\u0648\u06d5.<\/strong><br \/>\n\u062f\u06d5\u062a\u0648\u0627\u0646\u06cc\u062a \u0648\u06d5\u06a9 \u062c\u0627\u0646\u062a\u0627\u06cc \u067e\u0634\u062a\u06cc \u0628\u06d5\u06a9\u0627\u0631\u06cc \u0628\u0647\u06ce\u0646\u06cc\u062a \u06cc\u0627\u0646 \u0628\u06d5 \u0626\u0627\u0633\u0627\u0646\u06cc \u0644\u0648\u0644 \u0628\u06a9\u06d5\u06cc\u062a! \u0626\u06d5\u0645 \u0639\u06d5\u0631\u06d5\u0628\u0627\u0646\u06d5\u06cc\u06d5 \u062f\u06d5\u067e\u06ce\u0686\u06ce\u062a\u06d5\u0648\u06d5 \u0648 \u062c\u0627\u0646\u062a\u0627\u06cc\u06d5\u06a9\u06cc \u067e\u0634\u062a\u06cc \u0647\u06d5\u06cc\u06d5 \u06a9\u06d5 \u0628\u06c6 \u0647\u06d5\u0645\u0648\u0648\u0627\u0646 \u06af\u0648\u0646\u062c\u0627\u0648\u06d5\u060c \u0686\u06d5\u0631\u062e\u06cc \u0628\u06ce\u062f\u06d5\u0646\u06af \u062f\u0698\u06d5 \u0644\u06d5\u0631\u06cc\u0646\u06d5\u0648\u06d5\u060c \u062f\u06d5\u0633\u06a9\u06ce\u06a9 \u06a9\u06d5 \u062f\u06d5\u062a\u0648\u0627\u0646\u06cc\u062a \u0647\u06d5\u06b5\u06cc\u0628\u06af\u0631\u06cc\u062a\u060c \u0648 \u0644\u06d5 \u0645\u0627\u062f\u062f\u06d5\u06cc \u0628\u06d5\u0647\u06ce\u0632\u06cc \u067e\u06c6\u0644\u06cc\u067e\u0631\u06c6\u067e\u0644\u06cc\u0646 \u0648 \u0626\u06d5\u0644\u06d5\u0645\u0646\u06cc\u06c6\u0645 \u062f\u0631\u0648\u0633\u062a\u06a9\u0631\u0627\u0648\u06d5. \u0628\u0686\u0648\u0648\u06a9\u06d5\u060c \u06a9\u0631\u062f\u0627\u0631\u06cc\u06cc\u06d5\u060c \u0648 \u06af\u0648\u0646\u062c\u0627\u0648\u06d5 \u0628\u06c6 \u0642\u0648\u062a\u0627\u0628\u062e\u0627\u0646\u06d5.<\/p>","protected":false},"featured_media":10201,"comment_status":"open","ping_status":"closed","template":"","meta":{"_uag_custom_page_level_css":"","site-sidebar-layout":"default","site-content-layout":"","ast-site-content-layout":"default","site-content-style":"default","site-sidebar-style":"default","ast-global-header-display":"","ast-banner-title-visibility":"","ast-main-header-display":"","ast-hfb-above-header-display":"","ast-hfb-below-header-display":"","ast-hfb-mobile-header-display":"","site-post-title":"","ast-breadcrumbs-content":"","ast-featured-img":"","footer-sml-layout":"","ast-disable-related-posts":"","theme-transparent-header-meta":"default","adv-header-id-meta":"","stick-header-meta":"","header-above-stick-meta":"","header-main-stick-meta":"","header-below-stick-meta":"","astra-migrate-meta-layouts":"set","ast-page-background-enabled":"default","ast-page-background-meta":{"desktop":{"background-color":"","background-image":"","background-repeat":"repeat","background-position":"center center","background-size":"auto","background-attachment":"scroll","background-type":"","background-media":"","overlay-type":"","overlay-color":"","overlay-opacity":"","overlay-gradient":""},"tablet":{"background-color":"","background-image":"","background-repeat":"repeat","background-position":"center center","background-size":"auto","background-attachment":"scroll","background-type":"","background-media":"","overlay-type":"","overlay-color":"","overlay-opacity":"","overlay-gradient":""},"mobile":{"background-color":"","background-image":"","background-repeat":"repeat","background-position":"center center","background-size":"auto","background-attachment":"scroll","background-type":"","background-media":"","overlay-type":"","overlay-color":"","overlay-opacity":"","overlay-gradient":""}},"ast-content-background-meta":{"desktop":{"background-color":"var(--ast-global-color-5)","background-image":"","background-repeat":"repeat","background-position":"center center","background-size":"auto","background-attachment":"scroll","background-type":"","background-media":"","overlay-type":"","overlay-color":"","overlay-opacity":"","overlay-gradient":""},"tablet":{"background-color":"var(--ast-global-color-5)","background-image":"","background-repeat":"repeat","background-position":"center center","background-size":"auto","background-attachment":"scroll","background-type":"","background-media":"","overlay-type":"","overlay-color":"","overlay-opacity":"","overlay-gradient":""},"mobile":{"background-color":"var(--ast-global-color-5)","background-image":"","background-repeat":"repeat","background-position":"center center","background-size":"auto","background-attachment":"scroll","background-type":"","background-media":"","overlay-type":"","overlay-color":"","overlay-opacity":"","overlay-gradient":""}}},"product_brand":[],"product_cat":[39,78,166,160,169,76,80],"product_tag":[55,164,203,64,57],"class_list":{"0":"post-10197","1":"product","2":"type-product","3":"status-publish","4":"has-post-thumbnail","6":"product_cat-bags","7":"product_cat-school-backpacks","8":"product_cat-brand","9":"product_cat-kids-bag","10":"product_cat-safta","11":"product_cat-school-bag-for-girls","12":"product_cat-backpacks-with-wheels","13":"product_tag-backpacks","14":"product_tag-kids-bag","15":"product_tag-safta","16":"product_tag-school-bag-for-girls","17":"product_tag-trolley-bags","18":"desktop-align-left","19":"tablet-align-center","20":"mobile-align-center","22":"first","23":"instock","24":"shipping-taxable","25":"purchasable","26":"product-type-simple"},"uagb_featured_image_src":{"full":["https:\/\/maadcenter.co\/wp-content\/uploads\/2024\/07\/product-standard-size-3_0003_Layer-30-7.png",2151,2151,false],"thumbnail":["https:\/\/maadcenter.co\/wp-content\/uploads\/2024\/07\/product-standard-size-3_0003_Layer-30-7-150x150.png",150,150,true],"medium":["https:\/\/maadcenter.co\/wp-content\/uploads\/2024\/07\/product-standard-size-3_0003_Layer-30-7-300x300.png",300,300,true],"medium_large":["https:\/\/maadcenter.co\/wp-content\/uploads\/2024\/07\/product-standard-size-3_0003_Layer-30-7-768x768.png",768,768,true],"large":["https:\/\/maadcenter.co\/wp-content\/uploads\/2024\/07\/product-standard-size-3_0003_Layer-30-7-1024x1024.png",1024,1024,true],"1536x1536":["https:\/\/maadcenter.co\/wp-content\/uploads\/2024\/07\/product-standard-size-3_0003_Layer-30-7-1536x1536.png",1536,1536,true],"2048x2048":["https:\/\/maadcenter.co\/wp-content\/uploads\/2024\/07\/product-standard-size-3_0003_Layer-30-7-2048x2048.png",2048,2048,true],"trp-custom-language-flag":["https:\/\/maadcenter.co\/wp-content\/uploads\/2024\/07\/product-standard-size-3_0003_Layer-30-7-12x12.png",12,12,true],"depicter-thumbnail":["https:\/\/maadcenter.co\/wp-content\/uploads\/2024\/07\/product-standard-size-3_0003_Layer-30-7-200x200.png",200,200,true],"woocommerce_thumbnail":["https:\/\/maadcenter.co\/wp-content\/uploads\/2024\/07\/product-standard-size-3_0003_Layer-30-7-500x500.png",500,500,true],"woocommerce_single":["https:\/\/maadcenter.co\/wp-content\/uploads\/2024\/07\/product-standard-size-3_0003_Layer-30-7-600x600.png",600,600,true],"woocommerce_gallery_thumbnail":["https:\/\/maadcenter.co\/wp-content\/uploads\/2024\/07\/product-standard-size-3_0003_Layer-30-7-100x100.png",100,100,true],"variation_swatches_image_size":["https:\/\/maadcenter.co\/wp-content\/uploads\/2024\/07\/product-standard-size-3_0003_Layer-30-7.png",50,50,false],"variation_swatches_tooltip_size":["https:\/\/maadcenter.co\/wp-content\/uploads\/2024\/07\/product-standard-size-3_0003_Layer-30-7.png",100,100,false],"dgwt-wcas-product-suggestion":["https:\/\/maadcenter.co\/wp-content\/uploads\/2024\/07\/product-standard-size-3_0003_Layer-30-7.png",64,64,false]},"uagb_author_info":{"display_name":"Online sales Agent","author_link":"https:\/\/maadcenter.co\/krd\/author\/"},"uagb_comment_info":0,"uagb_excerpt":"SAFTA 2-in-1 Trolley Backpack (Ages 6\u201310) Use it as a backpack or roll it with ease! This foldable trolley features a universal backpack attachment, silent anti-vibration wheels, a removable handle, and durable polypropylene &amp; aluminum construction. Compact, versatile, and perfect for school.","_links":{"self":[{"href":"https:\/\/maadcenter.co\/krd\/wp-json\/wp\/v2\/product\/10197","targetHints":{"allow":["GET"]}}],"collection":[{"href":"https:\/\/maadcenter.co\/krd\/wp-json\/wp\/v2\/product"}],"about":[{"href":"https:\/\/maadcenter.co\/krd\/wp-json\/wp\/v2\/types\/product"}],"replies":[{"embeddable":true,"href":"https:\/\/maadcenter.co\/krd\/wp-json\/wp\/v2\/comments?post=10197"}],"wp:featuredmedia":[{"embeddable":true,"href":"https:\/\/maadcenter.co\/krd\/wp-json\/wp\/v2\/media\/10201"}],"wp:attachment":[{"href":"https:\/\/maadcenter.co\/krd\/wp-json\/wp\/v2\/media?parent=10197"}],"wp:term":[{"taxonomy":"product_brand","embeddable":true,"href":"https:\/\/maadcenter.co\/krd\/wp-json\/wp\/v2\/product_brand?post=10197"},{"taxonomy":"product_cat","embeddable":true,"href":"https:\/\/maadcenter.co\/krd\/wp-json\/wp\/v2\/product_cat?post=10197"},{"taxonomy":"product_tag","embeddable":true,"href":"https:\/\/maadcenter.co\/krd\/wp-json\/wp\/v2\/product_tag?post=10197"}],"curies":[{"name":"wp","href":"https:\/\/api.w.org\/{rel}","templated":true}]}}