{"id":11541,"date":"2024-08-21T17:47:24","date_gmt":"2024-08-21T14:47:24","guid":{"rendered":"https:\/\/maadcenter.co\/?post_type=product&#038;p=11541"},"modified":"2025-08-03T14:09:12","modified_gmt":"2025-08-03T11:09:12","slug":"water-bottle-sun-smile","status":"publish","type":"product","link":"https:\/\/maadcenter.co\/krd\/shop-2\/drinking-bottles-mugs\/girls-water-bottle\/water-bottle-sun-smile\/","title":{"rendered":"\u0645\u06d5\u062a\u0627\u0631\u06d5\u06cc \u0626\u0627\u0648 \"\u0632\u06cc\u0648\u06cc\""},"content":{"rendered":"<p data-start=\"217\" data-end=\"289\"><strong data-start=\"217\" data-end=\"289\">\u00a0600 \u0645\u06cc\u0644\u06cc \u0644\u06cc\u062a\u0631 \u0628\u0648\u062a\u06b5\u06cc \u0626\u0627\u0648\u06cc \u067e\u06c6\u06b5\u0627\u06cc \u062f\u0698\u06d5 \u0632\u0646\u06af \u0628\u06c6 \u06af\u06d5\u0646\u062c\u0627\u0646 (\u062a\u06d5\u0645\u06d5\u0646 20 \u0633\u0627\u06b5 \u0648 \u0633\u06d5\u0631\u0648\u0648)<\/strong><\/p>\n<p data-start=\"291\" data-end=\"560\">\u0634\u06ce\u062f\u0627\u0631\u060c \u062c\u0648\u0627\u0646 \u0648 \u0626\u06c6\u0647\u060c \u0626\u06d5\u0645 \u0628\u0648\u062a\u06b5\u06d5 \u0628\u06d5\u0647\u06ce\u0632 \u0648 \u0645\u06c6\u062f\u06ce\u0644\u06d5. <strong data-start=\"342\" data-end=\"380\">\u015e\u00fb\u015feyek av\u00ea ya pola zengarnegir a 600ml<\/strong>\u062f\u06cc\u0632\u0627\u06cc\u0646 \u06a9\u0631\u0627\u0648\u06d5 \u0628\u06c6 \u06af\u06d5\u0646\u062c\u0627\u0646\u06cc \u062a\u06d5\u0645\u06d5\u0646 \u0662\u0660 \u0628\u06c6 \u0662\u0665 \u0633\u0627\u06b5 \u0648 \u0633\u06d5\u0631\u0648\u0648\u062a\u0631. \u062c\u0627 \u062a\u06c6 \u0644\u06d5 \u0647\u06c6\u06b5\u06cc \u0648\u06d5\u0631\u0632\u0634\u060c \u06a9\u06c6\u0644\u06ce\u0698\u060c \u06a9\u0627\u0631\u060c \u06cc\u0627\u0646 \u06af\u06d5\u0634\u062a\u06a9\u0631\u062f\u0646 \u0628\u06d5 \u067e\u06ce\u060c \u0626\u06d5\u0645 \u0634\u0648\u0648\u0634\u06d5\u06cc\u06d5 \u0628\u06c6 \u0626\u06d5\u0648\u06d5 \u062f\u0631\u0648\u0633\u062a\u06a9\u0631\u0627\u0648\u06d5 \u06a9\u06d5 \u0644\u06d5\u06af\u06d5\u06b5 \u0634\u06ce\u0648\u0627\u0632\u06cc \u0698\u06cc\u0627\u0646\u06cc \u0686\u0627\u0644\u0627\u06a9\u062a\u062f\u0627 \u0628\u06af\u0648\u0646\u062c\u06ce\u062a.<\/p>\n<p data-start=\"562\" data-end=\"860\">\u062f\u0631\u0648\u0633\u062a\u06a9\u0631\u0627\u0648\u06d5 \u0644\u06d5 <strong data-start=\"572\" data-end=\"609\">premium, BPA-free stainless steel<\/strong>, it features <strong data-start=\"623\" data-end=\"649\">\u00eezolasyona d\u00eewar\u00ea duqat<\/strong> \u0626\u06d5\u0648\u06d5\u06cc \u06a9\u06d5 \u062e\u0648\u0627\u0631\u062f\u0646\u06d5\u0648\u06d5\u06a9\u0627\u0646 \u0628\u06d5 \u06af\u06d5\u0631\u0645\u06cc \u06cc\u0627\u0646 \u0633\u0627\u0631\u062f \u0628\u06c6 \u0686\u06d5\u0646\u062f \u06a9\u0627\u062a\u0698\u0645\u06ce\u0631\u06ce\u06a9 \u062f\u06d5\u0647\u06ce\u06b5\u06ce\u062a\u06d5\u0648\u06d5 \u2014 \u06af\u0648\u0646\u062c\u0627\u0648\u06d5 \u0628\u06c6 \u0642\u0627\u0648\u06d5\u060c \u0686\u0627\u060c \u0626\u0627\u0648 \u06cc\u0627\u0646 \u062e\u0648\u0627\u0631\u062f\u0646\u06d5\u0648\u06d5 \u0648\u06d5\u0631\u0632\u0634\u06cc\u06cc\u06d5\u06a9\u0627\u0646. ...\u0626\u06d5\u0648 (\u062a\u06a9\u0627\u06cc\u06d5 \u062f\u0631\u06ce\u0698\u06d5 \u0628\u06d5 \u0695\u0633\u062a\u06d5\u06a9\u06d5 \u0628\u062f\u06d5) <strong data-start=\"744\" data-end=\"762\">\u0642\u06d5\u067e\u0627\u063a\u06ce\u06a9 \u06a9\u06d5 \u0695\u06ce\u06af\u0631\u06cc \u0644\u06d5 \u062f\u0632\u06d5\u06a9\u0631\u062f\u0646 \u062f\u06d5\u06a9\u0627\u062a.<\/strong> \u0695\u06ce\u06af\u0631\u06cc \u062f\u06d5\u06a9\u0627\u062a \u0644\u06d5 \u0695\u0698\u0627\u0646\u060c \u0644\u06d5\u06a9\u0627\u062a\u06ce\u06a9\u062f\u0627... <strong data-start=\"790\" data-end=\"805\">\u0634\u06ce\u0648\u06d5\u06cc\u06d5\u06a9\u06cc \u0628\u0627\u0631\u06cc\u06a9.<\/strong> \u0628\u06d5 \u0626\u0627\u0633\u0627\u0646\u06cc \u062f\u06d5\u0686\u06ce\u062a\u06d5 \u0646\u0627\u0648 \u062c\u0627\u0646\u062a\u0627\u060c \u0647\u06d5\u06b5\u06af\u0631\u06cc \u06a9\u0648\u067e \u0648 \u062c\u0627\u0646\u062a\u0627\u06cc \u0648\u06d5\u0631\u0632\u0634\u06cc.<\/p>\n<p data-start=\"862\" data-end=\"1020\">\u0646\u0627\u06cc\u0627\u0628 \u0628\u06c6 <strong data-start=\"872\" data-end=\"932\">\u0648\u06d5\u0631\u0632\u0634\u060c \u0642\u0648\u062a\u0627\u0628\u062e\u0627\u0646\u06d5\u060c \u0632\u0627\u0646\u06a9\u06c6\u060c \u06a9\u0627\u062a \u0628\u06d5\u0633\u06d5\u0631\u0628\u0631\u062f\u0646\u060c \u06af\u06d5\u0634\u062a\u060c \u06cc\u0627\u0646 \u0628\u06d5\u06a9\u0627\u0631\u0647\u06ce\u0646\u0627\u0646\u06cc \u0695\u06c6\u0698\u0627\u0646\u06d5<\/strong>\u0647\u06d5\u0631\u0648\u06d5\u0647\u0627 \u062f\u06ce\u062a \u0644\u06d5\u06af\u06d5\u06b5 <strong data-start=\"953\" data-end=\"981\">\u0695\u0648\u0648\u06a9\u06d5\u0634\u06cc \u062f\u0698\u06d5 \u0626\u0627\u0631\u06d5\u0642<\/strong> \u0628\u06c6\u06cc\u06d5 \u062f\u06d5\u0633\u062a \u0648 \u06a9\u06d5\u0644\u0648\u067e\u06d5\u0644\u06d5\u06a9\u0627\u0646\u062a \u0648\u0634\u06a9 \u0628\u0645\u06ce\u0646\u0646\u06d5\u0648\u06d5.<\/p>\n<p data-start=\"1022\" data-end=\"1041\"><strong data-start=\"1022\" data-end=\"1039\">\u062a\u0627\u06cc\u0628\u06d5\u062a\u0645\u06d5\u0646\u062f\u06cc\u06cc\u06d5 \u0633\u06d5\u0631\u06d5\u06a9\u06cc\u06cc\u06d5\u06a9\u0627\u0646:<\/strong><\/p>\n<ul data-start=\"1042\" data-end=\"1286\">\n<li data-start=\"1042\" data-end=\"1090\">\n<p data-start=\"1044\" data-end=\"1090\">\u0628\u06d5 \u062a\u0648\u0627\u0646\u0627\u06cc 600 \u0645\u06cc\u0644\u06cc \u0644\u06cc\u062a\u0631\u060c \u06af\u0648\u0646\u062c\u0627\u0648\u06d5 \u0628\u06c6 \u0626\u0627\u0648\u06cc \u0695\u06c6\u0698\u0627\u0646\u06d5.<\/p>\n<\/li>\n<li data-start=\"1091\" data-end=\"1135\">\n<p data-start=\"1093\" data-end=\"1135\">\u062e\u0648\u0627\u0631\u062f\u0646\u06d5\u0648\u06d5\u06a9\u0627\u0646 \u0628\u06d5 \u06af\u06d5\u0631\u0645\u06cc \u06cc\u0627\u0646 \u0633\u0627\u0631\u062f \u0628\u06c6 \u0645\u0627\u0648\u06d5\u06cc \u0686\u06d5\u0646\u062f \u06a9\u0627\u062a\u0698\u0645\u06ce\u0631\u06ce\u06a9 \u062f\u06d5\u0647\u06ce\u06b5\u06ce\u062a\u06d5\u0648\u06d5 (HTD)<\/p>\n<\/li>\n<li data-start=\"1136\" data-end=\"1176\">\n<p data-start=\"1138\" data-end=\"1176\">Pola zengarnegir a b\u00ea BPA, pola xwarin\u00ea<\/p>\n<\/li>\n<li data-start=\"1177\" data-end=\"1213\">\n<p data-start=\"1179\" data-end=\"1213\">\u062f\u0698\u06d5 \u062f\u0632\u06d5\u06a9\u0631\u062f\u0646 \u0648 \u062f\u0648\u0648\u0631 \u0644\u06d5 \u0686\u0695\u0628\u0648\u0648\u0646\u06d5\u0648\u06d5<\/p>\n<\/li>\n<li data-start=\"1214\" data-end=\"1257\">\n<p data-start=\"1216\" data-end=\"1257\">\u062f\u06cc\u0632\u0627\u06cc\u0646\u06ce\u06a9\u06cc \u06a9\u06c6\u0645\u067e\u0627\u06a9\u062a \u0648 \u0634\u06cc\u06a9\u060c \u0626\u0627\u0633\u0627\u0646\u06d5 \u0628\u06c6 \u0647\u06d5\u06b5\u06af\u0631\u062a\u0646 \u0648 \u062c\u0648\u06b5\u06d5\u06a9\u0631\u062f\u0646<\/p>\n<\/li>\n<li data-start=\"1258\" data-end=\"1286\">\n<p data-start=\"1260\" data-end=\"1286\">\u06af\u0648\u0646\u062c\u0627\u0648\u06d5 \u0628\u06c6 \u06a9\u06d5\u0633\u0627\u0646\u06cc \u062a\u06d5\u0645\u06d5\u0646 20 \u0628\u06c6 25 \u0633\u0627\u06b5 \u0648 \u0633\u06d5\u0631\u0648\u0648.<\/p>\n<\/li>\n<\/ul>","protected":false},"excerpt":{"rendered":"<p data-start=\"64\" data-end=\"119\"><strong data-start=\"64\" data-end=\"119\">\u00a0\u0628\u0648\u062a\u06b5\u06cc \u0626\u0627\u0648\u06cc \u067e\u06c6\u06b5\u0627\u06cc \u062f\u0698\u06d5 \u0632\u0646\u06af 600 \u0645\u06cc\u0644\u06cc \u0644\u06cc\u062a\u0631 (\u0628\u06c6 \u062a\u06d5\u0645\u06d5\u0646\u06cc 20 \u0633\u0627\u06b5 \u0648 \u0633\u06d5\u0631\u0648\u0648)<\/strong><\/p>\n<p data-start=\"121\" data-end=\"333\">\u06af\u0648\u0646\u062c\u0627\u0648\u06d5 \u0628\u06c6 \u0648\u06d5\u0631\u0632\u0634\u060c \u0642\u0648\u062a\u0627\u0628\u062e\u0627\u0646\u06d5\u060c \u0632\u0627\u0646\u06a9\u06c6\u060c \u0634\u0627\u062e\u06d5\u0648\u0627\u0646\u06cc \u06cc\u0627\u0646 \u0628\u06d5\u06a9\u0627\u0631\u0647\u06ce\u0646\u0627\u0646\u06cc \u0695\u06c6\u0698\u0627\u0646\u06d5. \u0626\u06d5\u0645 \u0628\u0648\u062a\u06b5\u06d5 \u0644\u06d5 \u067e\u06c6\u06b5\u0627\u06cc \u0628\u06ce BPA \u062f\u0631\u0648\u0633\u062a\u06a9\u0631\u0627\u0648\u06d5 \u06a9\u06d5 \u062e\u0648\u0627\u0631\u062f\u0646\u06d5\u0648\u06d5\u06a9\u0627\u0646 \u0628\u06d5 \u06af\u06d5\u0631\u0645\u06cc \u0648 \u0633\u0627\u0631\u062f \u0628\u06c6 \u0686\u06d5\u0646\u062f \u06a9\u0627\u062a\u0698\u0645\u06ce\u0631\u06ce\u06a9 \u062f\u06d5\u0647\u06ce\u06b5\u06ce\u062a\u06d5\u0648\u06d5. \u0642\u06d5\u067e\u0627\u063a\u06d5\u06a9\u06d5\u06cc \u067e\u0627\u0631\u06ce\u0632\u0631\u0627\u0648\u06d5\u060c \u0634\u06cc\u06a9 \u0648 \u0626\u0627\u0633\u0627\u0646\u06d5 \u0628\u06c6 \u0647\u06d5\u06b5\u06af\u0631\u062a\u0646\u06cc - \u0647\u0627\u0648\u0695\u06ce\u06cc\u06d5\u06a9\u06cc \u062a\u06d5\u0648\u0627\u0648\u062a \u0628\u06c6 \u0626\u0627\u0648 \u0628\u06c6 \u0647\u06d5\u0631 \u0634\u0648\u06ce\u0646\u06ce\u06a9 \u0628\u0695\u06c6\u06cc\u062a.<\/p>","protected":false},"featured_media":30059,"comment_status":"open","ping_status":"closed","template":"","meta":{"_uag_custom_page_level_css":"","site-sidebar-layout":"default","site-content-layout":"","ast-site-content-layout":"default","site-content-style":"default","site-sidebar-style":"default","ast-global-header-display":"","ast-banner-title-visibility":"","ast-main-header-display":"","ast-hfb-above-header-display":"","ast-hfb-below-header-display":"","ast-hfb-mobile-header-display":"","site-post-title":"","ast-breadcrumbs-content":"","ast-featured-img":"","footer-sml-layout":"","ast-disable-related-posts":"","theme-transparent-header-meta":"default","adv-header-id-meta":"","stick-header-meta":"","header-above-stick-meta":"","header-main-stick-meta":"","header-below-stick-meta":"","astra-migrate-meta-layouts":"set","ast-page-background-enabled":"default","ast-page-background-meta":{"desktop":{"background-color":"","background-image":"","background-repeat":"repeat","background-position":"center center","background-size":"auto","background-attachment":"scroll","background-type":"","background-media":"","overlay-type":"","overlay-color":"","overlay-opacity":"","overlay-gradient":""},"tablet":{"background-color":"","background-image":"","background-repeat":"repeat","background-position":"center center","background-size":"auto","background-attachment":"scroll","background-type":"","background-media":"","overlay-type":"","overlay-color":"","overlay-opacity":"","overlay-gradient":""},"mobile":{"background-color":"","background-image":"","background-repeat":"repeat","background-position":"center center","background-size":"auto","background-attachment":"scroll","background-type":"","background-media":"","overlay-type":"","overlay-color":"","overlay-opacity":"","overlay-gradient":""}},"ast-content-background-meta":{"desktop":{"background-color":"var(--ast-global-color-5)","background-image":"","background-repeat":"repeat","background-position":"center center","background-size":"auto","background-attachment":"scroll","background-type":"","background-media":"","overlay-type":"","overlay-color":"","overlay-opacity":"","overlay-gradient":""},"tablet":{"background-color":"var(--ast-global-color-5)","background-image":"","background-repeat":"repeat","background-position":"center center","background-size":"auto","background-attachment":"scroll","background-type":"","background-media":"","overlay-type":"","overlay-color":"","overlay-opacity":"","overlay-gradient":""},"mobile":{"background-color":"var(--ast-global-color-5)","background-image":"","background-repeat":"repeat","background-position":"center center","background-size":"auto","background-attachment":"scroll","background-type":"","background-media":"","overlay-type":"","overlay-color":"","overlay-opacity":"","overlay-gradient":""}}},"product_brand":[],"product_cat":[348,383,351,350,357,360],"product_tag":[358,356,359,369],"class_list":{"0":"post-11541","1":"product","2":"type-product","3":"status-publish","4":"has-post-thumbnail","6":"product_cat-drinking-bottles-mugs","7":"product_cat-600-750ml","8":"product_cat-boys-water-bottle","9":"product_cat-girls-water-bottle","10":"product_cat-sport-water-bottle","11":"product_cat-stainless-steel-bottle","12":"product_tag-boys-water-bottle","13":"product_tag-girls-water-bottle","14":"product_tag-sport-water-bottle","15":"product_tag-stainless-steel-bottle","16":"desktop-align-left","17":"tablet-align-center","18":"mobile-align-center","20":"first","21":"instock","22":"shipping-taxable","23":"purchasable","24":"product-type-simple"},"uagb_featured_image_src":{"full":["https:\/\/maadcenter.co\/wp-content\/uploads\/2024\/08\/PXL_20250713_144704027.jpg",1800,1800,false],"thumbnail":["https:\/\/maadcenter.co\/wp-content\/uploads\/2024\/08\/PXL_20250713_144704027-150x150.jpg",150,150,true],"medium":["https:\/\/maadcenter.co\/wp-content\/uploads\/2024\/08\/PXL_20250713_144704027-300x300.jpg",300,300,true],"medium_large":["https:\/\/maadcenter.co\/wp-content\/uploads\/2024\/08\/PXL_20250713_144704027-768x768.jpg",768,768,true],"large":["https:\/\/maadcenter.co\/wp-content\/uploads\/2024\/08\/PXL_20250713_144704027-1024x1024.jpg",1024,1024,true],"1536x1536":["https:\/\/maadcenter.co\/wp-content\/uploads\/2024\/08\/PXL_20250713_144704027-1536x1536.jpg",1536,1536,true],"2048x2048":["https:\/\/maadcenter.co\/wp-content\/uploads\/2024\/08\/PXL_20250713_144704027.jpg",1800,1800,false],"trp-custom-language-flag":["https:\/\/maadcenter.co\/wp-content\/uploads\/2024\/08\/PXL_20250713_144704027-12x12.jpg",12,12,true],"depicter-thumbnail":["https:\/\/maadcenter.co\/wp-content\/uploads\/2024\/08\/PXL_20250713_144704027-200x200.jpg",200,200,true],"woocommerce_thumbnail":["https:\/\/maadcenter.co\/wp-content\/uploads\/2024\/08\/PXL_20250713_144704027-500x500.jpg",500,500,true],"woocommerce_single":["https:\/\/maadcenter.co\/wp-content\/uploads\/2024\/08\/PXL_20250713_144704027-600x600.jpg",600,600,true],"woocommerce_gallery_thumbnail":["https:\/\/maadcenter.co\/wp-content\/uploads\/2024\/08\/PXL_20250713_144704027-100x100.jpg",100,100,true],"variation_swatches_image_size":["https:\/\/maadcenter.co\/wp-content\/uploads\/2024\/08\/PXL_20250713_144704027-50x50.jpg",50,50,true],"variation_swatches_tooltip_size":["https:\/\/maadcenter.co\/wp-content\/uploads\/2024\/08\/PXL_20250713_144704027-100x100.jpg",100,100,true],"dgwt-wcas-product-suggestion":["https:\/\/maadcenter.co\/wp-content\/uploads\/2024\/08\/PXL_20250713_144704027-64x64.jpg",64,64,true]},"uagb_author_info":{"display_name":"Online sales Agent","author_link":"https:\/\/maadcenter.co\/krd\/author\/"},"uagb_comment_info":0,"uagb_excerpt":"\u00a0600ml Stainless Steel Water Bottle (Ages 20\u201325+) Perfect for sports, school, college, hiking, or daily use. This BPA-free stainless steel bottle keeps drinks hot or cold for hours. Leak-proof, stylish, and easy to carry\u2014your ideal hydration companion on the go.","_links":{"self":[{"href":"https:\/\/maadcenter.co\/krd\/wp-json\/wp\/v2\/product\/11541","targetHints":{"allow":["GET"]}}],"collection":[{"href":"https:\/\/maadcenter.co\/krd\/wp-json\/wp\/v2\/product"}],"about":[{"href":"https:\/\/maadcenter.co\/krd\/wp-json\/wp\/v2\/types\/product"}],"replies":[{"embeddable":true,"href":"https:\/\/maadcenter.co\/krd\/wp-json\/wp\/v2\/comments?post=11541"}],"wp:featuredmedia":[{"embeddable":true,"href":"https:\/\/maadcenter.co\/krd\/wp-json\/wp\/v2\/media\/30059"}],"wp:attachment":[{"href":"https:\/\/maadcenter.co\/krd\/wp-json\/wp\/v2\/media?parent=11541"}],"wp:term":[{"taxonomy":"product_brand","embeddable":true,"href":"https:\/\/maadcenter.co\/krd\/wp-json\/wp\/v2\/product_brand?post=11541"},{"taxonomy":"product_cat","embeddable":true,"href":"https:\/\/maadcenter.co\/krd\/wp-json\/wp\/v2\/product_cat?post=11541"},{"taxonomy":"product_tag","embeddable":true,"href":"https:\/\/maadcenter.co\/krd\/wp-json\/wp\/v2\/product_tag?post=11541"}],"curies":[{"name":"wp","href":"https:\/\/api.w.org\/{rel}","templated":true}]}}