{"id":11701,"date":"2024-08-22T16:29:07","date_gmt":"2024-08-22T13:29:07","guid":{"rendered":"https:\/\/maadcenter.co\/?post_type=product&#038;p=11701"},"modified":"2025-08-04T10:21:02","modified_gmt":"2025-08-04T07:21:02","slug":"water-bottle-kanglin-3","status":"publish","type":"product","link":"https:\/\/maadcenter.co\/krd\/shop-2\/drinking-bottles-mugs\/girls-water-bottle\/water-bottle-kanglin-3\/","title":{"rendered":"\u0645\u06d5\u062a\u0627\u0631\u06d5\u06cc \u0626\u0627\u0648 \"\u06a9\u0627\u0646\u06af\u0644\u06cc\u0646\u06af\""},"content":{"rendered":"<p data-start=\"173\" data-end=\"253\"><strong data-start=\"173\" data-end=\"253\">\u0628\u0648\u062a\u06b5\u06cc \u0626\u0627\u0648\u06cc \u067e\u06c6\u06b5\u0627\u06cc \u062f\u0698\u06d5 \u0698\u06d5\u0646\u06af \u0628\u06d5 \u0642\u06d5\u0628\u0627\u0631\u06d5\u06cc 600 \u0645\u06cc\u0644\u06cc \u0644\u06cc\u062a\u0631 \u0648 \u0641\u0644\u062a\u06d5\u0631\u06cc \u0646\u0627\u0648\u062e\u06c6\u06cc\u06cc (\u06af\u0648\u0646\u062c\u0627\u0648\u06d5 \u0628\u06c6 \u062a\u06d5\u0645\u06d5\u0646\u06cc 15 \u0628\u06c6 25 \u0633\u0627\u06b5 \u0648 \u0633\u06d5\u0631\u0648\u0648).<\/strong><\/p>\n<p data-start=\"255\" data-end=\"571\">\u0628\u06d5 \u062a\u06d5\u0646\u062f\u0631\u0648\u0633\u062a\u06cc \u0628\u0645\u06ce\u0646\u06d5\u0631\u06d5\u0648\u06d5 \u0648 \u0644\u06d5\u0634\u062a \u0634\u06ce\u062f\u0627\u0631 \u0628\u06a9\u06d5 \u0628\u06d5\u0645 \u0628\u06d5\u0631\u0647\u06d5\u0645\u06d5 \u062c\u0648\u0627\u0646 \u0648 \u06a9\u0631\u062f\u0627\u0631\u06cc\u06cc\u06d5. <strong data-start=\"314\" data-end=\"352\">\u015e\u00fb\u015feyek av\u00ea ya pola zengarnegir a 600ml<\/strong>\u0626\u06ce\u0645\u06d5 \u0628\u06d5 \u0648\u0631\u062f\u06cc \u0648\u0631\u062f\u06d5\u06a9\u0627\u0631\u06cc\u06cc \u062f\u06d5\u06a9\u06d5\u06cc\u0646 \u0628\u06c6 \u0626\u06d5\u0648\u06d5\u06cc \u0644\u06d5\u06af\u06d5\u06b5 \u06af\u06d5\u0646\u062c\u0627\u0646\u06cc \u062a\u06d5\u0645\u06d5\u0646 15 \u0633\u0627\u06b5 \u0648 \u0633\u06d5\u0631\u0648\u0648\u062a\u0631 \u0628\u06af\u0648\u0646\u062c\u06ce\u062a. \u0626\u06d5\u06af\u06d5\u0631 \u0628\u0686\u06cc\u062a\u06d5 \u0642\u0648\u062a\u0627\u0628\u062e\u0627\u0646\u06d5\u060c \u06a9\u06c6\u0644\u06ce\u0698\u060c \u06a9\u0627\u0631\u060c \u0647\u06c6\u06b5\u06cc \u0648\u06d5\u0631\u0632\u0634\u06cc\u060c \u06cc\u0627\u0646 \u062f\u06d5\u0686\u06cc\u062a\u06d5 \u062f\u06d5\u0631\u06d5\u0648\u06d5 \u0628\u06c6 \u067e\u0634\u0648\u0648\u06cc \u06a9\u06c6\u062a\u0627\u06cc\u06cc \u0647\u06d5\u0641\u062a\u06d5\u060c \u0626\u06d5\u0645 \u0628\u0648\u062a\u06b5\u06d5 \u0644\u06d5\u06af\u06d5\u06b5\u062a\u062f\u0627\u06cc\u06d5 \u0648 \u062e\u0632\u0645\u06d5\u062a\u062a \u062f\u06d5\u06a9\u0627\u062a \u0686\u0648\u0646\u06a9\u06d5 \u0628\u06c6 \u0698\u06cc\u0627\u0646\u06ce\u06a9\u06cc \u062e\u06ce\u0631\u0627 \u0648 \u0686\u0627\u0644\u0627\u06a9\u062a \u062f\u0631\u0648\u0633\u062a\u06a9\u0631\u0627\u0648\u06d5.<\/p>\n<p data-start=\"573\" data-end=\"867\">\u062f\u0631\u0648\u0633\u062a\u06a9\u0631\u0627\u0648\u06d5 \u0644\u06d5 <strong data-start=\"583\" data-end=\"637\">\u067e\u06c6\u06b5\u0627\u06cc \u062f\u0698\u06d5 \u0698\u06d5\u0646\u06af\u06cc \u06a9\u0648\u0627\u0644\u06cc\u062a\u06cc \u0628\u06d5\u0631\u0632\u060c \u0628\u06ce BPA \u0648 \u0633\u06d5\u0644\u0627\u0645\u06d5\u062a\u06d5 \u0628\u06c6 \u0628\u06d5\u06a9\u0627\u0631\u0647\u06ce\u0646\u0627\u0646 \u0644\u06d5\u06af\u06d5\u06b5 \u062e\u0648\u0627\u0631\u062f\u0646 \u0648 \u062e\u0648\u0627\u0631\u062f\u0646\u06d5\u0648\u06d5.<\/strong>\u0628\u062a\u06b5\u06d5\u06a9\u06d5  \u062f\u06ce\u062a.\u0644\u06d5\u06af\u06d5\u06b5 <strong data-start=\"659\" data-end=\"685\">\u00eezolasyona d\u00eewar\u00ea duqat<\/strong> \u062e\u0648\u0627\u0631\u062f\u0646\u06d5\u0648\u06d5\u06a9\u0627\u0646\u062a \u0628\u06d5 \u0633\u0627\u0631\u062f\u06cc \u0648 \u06af\u06d5\u0631\u0645\u06cc \u0628\u06c6 \u0686\u06d5\u0646\u062f \u06a9\u0627\u062a\u0698\u0645\u06ce\u0631\u06ce\u06a9 \u062f\u06d5\u0647\u06ce\u06b5\u06ce\u062a\u06d5\u0648\u06d5. \u0644\u06d5 \u0686\u0627\u06cc \u0633\u0627\u0631\u062f\u06cc \u062a\u0627\u0632\u06d5 \u0648 \u0626\u0627\u0648\u06cc \u0645\u06cc\u0648\u06d5 \u062a\u0627 \u0686\u0627\u06cc \u06af\u06cc\u0627\u06cc\u06cc \u06af\u06d5\u0631\u0645 \u06cc\u0627\u0646 \u0642\u0627\u0648\u06d5\u060c \u067e\u0644\u06d5\u06cc \u06af\u06d5\u0631\u0645\u06cc \u06af\u0648\u0646\u062c\u0627\u0648 \u0628\u06c6 \u0647\u06d5\u0631 \u0642\u0648\u0645\u06ce\u06a9 \u062f\u06d5\u067e\u0627\u0631\u06ce\u0632\u06ce\u062a.<\/p>\n<p data-start=\"869\" data-end=\"1133\">\u0626\u06d5\u0648 \u062a\u0627\u06cc\u0628\u06d5\u062a\u0645\u06d5\u0646\u062f\u06cc\u06cc\u06d5\u06cc \u06a9\u06d5 \u062c\u06cc\u0627\u06cc \u062f\u06d5\u06a9\u0627\u062a\u06d5\u0648\u06d5 \u0626\u06d5\u0648\u06d5\u06cc\u06d5 <strong data-start=\"895\" data-end=\"927\">\u0642\u06d5\u067e\u0627\u063a\u06cc \u0641\u0644\u062a\u06d5\u0631\u06d5\u06a9\u06d5 \u0644\u06d5 \u0646\u0627\u0648\u06d5\u0648\u06d5 \u0628\u06d5 \u062a\u0648\u0646\u062f\u06cc \u062c\u06ce\u06af\u06cc\u0631 \u06a9\u0631\u0627\u0648\u06d5.<\/strong>\u062f\u06cc\u0632\u0627\u06cc\u0646 \u06a9\u0631\u0627\u0648\u06d5 \u0628\u06c6 <strong data-start=\"941\" data-end=\"1010\">\u0646\u06d5 \u0628\u06d5\u0641\u0631\u060c \u0646\u06d5 \u06af\u06d5\u06b5\u0627\u06cc \u0686\u0627\u060c \u0646\u06d5 \u0645\u06cc\u0648\u06d5\u06cc \u0647\u0627\u0695\u0627\u0648 \u0695\u06ce\u06af\u06d5 \u0646\u0627\u062f\u0631\u06ce\u062a \u0644\u06d5 \u062f\u06d5\u0631\u06d5\u0648\u06d5 \u0628\u06a9\u0648\u06b5\u06ce\u0646.<\/strong>\u0648 \u06a9\u0627\u062a\u06ce\u06a9 \u062f\u06d5\u062e\u06c6\u06cc\u062a\u06d5\u0648\u06d5\u060c \u062f\u06cc\u0632\u0627\u06cc\u0646\u06cc \u0628\u06b5\u0642\u06cc \u0695\u06ce\u06af\u06d5\u062a \u067e\u06ce\u062f\u06d5\u062f\u0627\u062a \u0628\u06d5 \u0626\u0627\u0633\u0648\u0648\u062f\u06d5\u06cc\u06cc \u0628\u062e\u06c6\u06cc\u062a\u06d5\u0648\u06d5 \u2013 \u0628\u06d5\u0631\u0628\u06d5\u0633\u062a \u0646\u0627\u06a9\u0627\u062a\u060c \u0647\u06d5\u0631\u0648\u06d5\u0647\u0627 \u0626\u0627\u0698\u0627\u0648\u06d5 \u062f\u0631\u0648\u0633\u062a \u0646\u0627\u06a9\u0627\u062a \u2013 \u062a\u06d5\u0646\u0647\u0627 \u062a\u0627\u0645\u06ce\u06a9\u06cc \u067e\u0627\u06a9 \u0648\u06d5\u06a9 \u067e\u06ce\u0648\u06cc\u0633\u062a \u0628\u06ce\u062a.<\/p>\n<p data-start=\"1135\" data-end=\"1461\">\u0628\u062a\u06b5\u06d5\u06a9\u06d5 \u0647\u06d5\u0631\u0648\u06d5\u0647\u0627 \u067e\u0695\u06d5 \u0644\u06d5 <strong data-start=\"1170\" data-end=\"1188\">\u0642\u06d5\u067e\u0627\u063a\u06ce\u06a9 \u06a9\u06d5 \u0695\u06ce\u06af\u0631\u06cc \u0644\u06d5 \u062f\u0632\u06d5\u06a9\u0631\u062f\u0646 \u062f\u06d5\u06a9\u0627\u062a.<\/strong>\u062a\u0627 \u0626\u06d5\u0648 \u06a9\u0627\u062a\u06d5\u06cc \u0628\u062a\u0648\u0627\u0646\u06cc\u062a \u0628\u06d5 \u0647\u06d5\u0648\u06b5\u06cc \u062e\u06c6\u062a \u0641\u0695\u06ce\u06cc \u0628\u062f\u06d5\u06cc\u062a \u0644\u06d5 \u06a9\u0627\u062a\u06ce\u06a9\u062f\u0627 \u0626\u0627\u0633\u0648\u0648\u062f\u06d5 \u0628\u06cc\u062a. <strong data-start=\"1242\" data-end=\"1264\">\u06a9\u0631\u0627\u0646\u06d5\u0648\u06d5\u06cc\u06d5\u06a9\u06cc \u0641\u0631\u0627\u0648\u0627\u0646 \u0644\u06d5 \u0633\u06d5\u0631\u06d5\u0648\u06d5<\/strong> \u067e\u0695\u06a9\u0631\u062f\u0646\u06d5\u0648\u06d5 \u0648 \u062e\u0627\u0648\u06ce\u0646\u06a9\u0631\u062f\u0646\u06d5\u0648\u06d5\u06cc \u0626\u0627\u0633\u0627\u0646 \u062f\u06d5\u06a9\u0627\u062a \u0648 \u062f\u06d5\u062a\u0648\u0627\u0646\u06cc\u062a \u0633\u06d5\u0647\u06c6\u06b5 \u06cc\u0627\u0646 \u067e\u06ce\u06a9\u0647\u0627\u062a\u06d5\u06cc \u062a\u0627\u0632\u06d5 \u0632\u06cc\u0627\u062f \u0628\u06a9\u06d5\u06cc\u062a. \u062f\u06cc\u0632\u0627\u06cc\u0646\u06cc \u062c\u0648\u0627\u0646 \u0648 \u0695\u06ce\u06a9 \u0648 \u067e\u06ce\u06a9 \u0644\u06d5\u06af\u06d5\u06b5 \u062f\u06d5\u0633\u062a\u062a \u062f\u06d5\u06af\u0648\u0646\u062c\u06ce\u062a\u060c \u0644\u06d5 \u0647\u06d5\u06b5\u06af\u0631\u06cc \u06a9\u0648\u067e\u06d5\u06a9\u06d5\u062a\u060c \u06cc\u0627\u0646 \u0644\u06d5 \u0647\u06d5\u06b5\u06af\u0631\u06cc \u06a9\u0648\u067e\u060c \u0648 \u062f\u06d5\u0628\u06ce\u062a\u06d5 \u0647\u0627\u0648\u0695\u06ce\u06cc\u06d5\u06a9\u06cc \u0628\u0627\u0634 \u0628\u06c6 \u0647\u06d5\u0631 \u0634\u0648\u06ce\u0646\u06ce\u06a9 \u0628\u0695\u06c6\u06cc\u062a.<\/p>","protected":false},"excerpt":{"rendered":"<ul>\n<li><strong>\u062a\u0627\u06cc\u0628\u06d5\u062a\u0645\u06d5\u0646\u062f\u06cc\u06cc\u06d5 \u0633\u06d5\u0631\u06d5\u06a9\u06cc\u06cc\u06d5\u06a9\u0627\u0646:<\/strong>\n<ul>\n<li>\u062a\u0648\u0627\u0646\u0627\u06cc 600 \u0645\u06cc\u0644\u06cc \u0644\u06cc\u062a\u0631 \u2013 \u06af\u0648\u0646\u062c\u0627\u0648\u06d5 \u0628\u06c6 \u0626\u0627\u0648\u06cc \u0695\u06c6\u0698\u0627\u0646\u06d5<\/li>\n<li>Pola zengarnegir a b\u00ea BPA, pola xwarin\u00ea<\/li>\n<li>\u062c\u06cc\u0627\u06a9\u06d5\u0631\u06d5\u0648\u06d5\u06cc \u062f\u0648\u0648 \u062f\u06cc\u0648\u0627\u0631 \u062e\u0648\u0627\u0631\u062f\u0646\u06d5\u0648\u06d5\u06a9\u0627\u0646 \u0628\u06d5 \u06af\u06d5\u0631\u0645\u06cc \u0648 \u0633\u0627\u0631\u062f \u0628\u06c6 \u0686\u06d5\u0646\u062f \u06a9\u0627\u062a\u0698\u0645\u06ce\u0631\u06ce\u06a9 \u062f\u06d5\u0647\u06ce\u06b5\u06ce\u062a\u06d5\u0648\u06d5.<\/li>\n<li>\u0642\u06d5\u067e\u0627\u063a\u06d5\u06a9\u06d5 \u067e\u0627\u06b5\u06ce\u0648\u06af\u06d5\u06cc\u06d5\u061b \u0646\u0627\u0647\u06ce\u06b5\u06ce\u062a \u0633\u06d5\u0647\u06c6\u06b5\u060c \u06af\u06d5\u06b5\u0627\u06cc \u0686\u0627\u060c \u06cc\u0627\u0646 \u0645\u06cc\u0648\u06d5 \u0628\u0686\u0646\u06d5 \u0646\u0627\u0648 \u067e\u06d5\u0631\u062f\u0627\u062e\u06d5\u06a9\u06d5\u0648\u06d5.<\/li>\n<li>\u0642\u06d5\u067e\u0627\u063a\u06d5\u06a9\u06d5\u06cc \u062f\u0698\u06d5 \u062f\u06b5\u06c6\u067e\u06d5 \u0628\u06c6\u06cc\u06d5 \u062f\u06d5\u062a\u0648\u0627\u0646\u06cc\u062a \u0628\u06d5\u0628\u06ce \u0695\u0634\u062a\u0646 \u0628\u06d5\u06a9\u0627\u0631\u06cc \u0628\u0647\u06ce\u0646\u06cc\u062a.<\/li>\n<li>\u06a9\u0648\u0646\u06ce\u06a9\u06cc \u0641\u0631\u0627\u0648\u0627\u0646 \u06a9\u06d5 \u062f\u06d5\u062a\u0648\u0627\u0646\u06cc\u062a \u0628\u06d5 \u0626\u0627\u0633\u0627\u0646\u06cc \u067e\u0695\u06cc \u0628\u06a9\u06d5\u06cc\u062a\u06d5\u0648\u06d5 \u0648 \u062e\u0627\u0648\u06ce\u0646\u06cc \u0628\u06a9\u06d5\u06cc\u062a\u06d5\u0648\u06d5.<\/li>\n<li>\u062f\u06cc\u0632\u0627\u06cc\u0646\u06d5\u06a9\u06d5\u06cc \u062c\u0648\u0627\u0646 \u0648 \u0628\u06d5\u0647\u06ce\u0632\u06d5 \u0648 \u062f\u06d5\u062a\u0648\u0627\u0646\u06cc\u062a \u0628\u06c6 \u0647\u06d5\u0631 \u0634\u0648\u06ce\u0646\u06ce\u06a9 \u0628\u0695\u06c6\u06cc\u062a \u0644\u06d5\u06af\u06d5\u06b5 \u062e\u06c6\u062a \u0628\u06cc\u0628\u06d5\u06cc\u062a.<\/li>\n<li>\u06af\u0648\u0646\u062c\u0627\u0648\u06d5 \u0628\u06c6 \u062a\u06d5\u0645\u06d5\u0646\u06cc 15 \u0628\u06c6 25 \u0633\u0627\u06b5 \u0648 \u0633\u06d5\u0631\u0648\u0648.<\/li>\n<\/ul>\n<\/li>\n<\/ul>","protected":false},"featured_media":30041,"comment_status":"open","ping_status":"closed","template":"","meta":{"_uag_custom_page_level_css":"","site-sidebar-layout":"default","site-content-layout":"","ast-site-content-layout":"default","site-content-style":"default","site-sidebar-style":"default","ast-global-header-display":"","ast-banner-title-visibility":"","ast-main-header-display":"","ast-hfb-above-header-display":"","ast-hfb-below-header-display":"","ast-hfb-mobile-header-display":"","site-post-title":"","ast-breadcrumbs-content":"","ast-featured-img":"","footer-sml-layout":"","ast-disable-related-posts":"","theme-transparent-header-meta":"default","adv-header-id-meta":"","stick-header-meta":"","header-above-stick-meta":"","header-main-stick-meta":"","header-below-stick-meta":"","astra-migrate-meta-layouts":"set","ast-page-background-enabled":"default","ast-page-background-meta":{"desktop":{"background-color":"","background-image":"","background-repeat":"repeat","background-position":"center center","background-size":"auto","background-attachment":"scroll","background-type":"","background-media":"","overlay-type":"","overlay-color":"","overlay-opacity":"","overlay-gradient":""},"tablet":{"background-color":"","background-image":"","background-repeat":"repeat","background-position":"center center","background-size":"auto","background-attachment":"scroll","background-type":"","background-media":"","overlay-type":"","overlay-color":"","overlay-opacity":"","overlay-gradient":""},"mobile":{"background-color":"","background-image":"","background-repeat":"repeat","background-position":"center center","background-size":"auto","background-attachment":"scroll","background-type":"","background-media":"","overlay-type":"","overlay-color":"","overlay-opacity":"","overlay-gradient":""}},"ast-content-background-meta":{"desktop":{"background-color":"var(--ast-global-color-5)","background-image":"","background-repeat":"repeat","background-position":"center center","background-size":"auto","background-attachment":"scroll","background-type":"","background-media":"","overlay-type":"","overlay-color":"","overlay-opacity":"","overlay-gradient":""},"tablet":{"background-color":"var(--ast-global-color-5)","background-image":"","background-repeat":"repeat","background-position":"center center","background-size":"auto","background-attachment":"scroll","background-type":"","background-media":"","overlay-type":"","overlay-color":"","overlay-opacity":"","overlay-gradient":""},"mobile":{"background-color":"var(--ast-global-color-5)","background-image":"","background-repeat":"repeat","background-position":"center center","background-size":"auto","background-attachment":"scroll","background-type":"","background-media":"","overlay-type":"","overlay-color":"","overlay-opacity":"","overlay-gradient":""}}},"product_brand":[],"product_cat":[348,383,351,166,372,374,350,377,357,360],"product_tag":[358,373,356,378,359,369],"class_list":{"0":"post-11701","1":"product","2":"type-product","3":"status-publish","4":"has-post-thumbnail","6":"product_cat-drinking-bottles-mugs","7":"product_cat-600-750ml","8":"product_cat-boys-water-bottle","9":"product_cat-brand","10":"product_cat-camping-bottles","11":"product_cat-colii","12":"product_cat-girls-water-bottle","13":"product_cat-hiking-bottles","14":"product_cat-sport-water-bottle","15":"product_cat-stainless-steel-bottle","16":"product_tag-boys-water-bottle","17":"product_tag-camping-bottles","18":"product_tag-girls-water-bottle","19":"product_tag-hiking-bottles","20":"product_tag-sport-water-bottle","21":"product_tag-stainless-steel-bottle","22":"desktop-align-left","23":"tablet-align-center","24":"mobile-align-center","26":"first","27":"instock","28":"shipping-taxable","29":"purchasable","30":"product-type-simple"},"uagb_featured_image_src":{"full":["https:\/\/maadcenter.co\/wp-content\/uploads\/2024\/08\/PXL_20250713_135111975.jpg",1800,1800,false],"thumbnail":["https:\/\/maadcenter.co\/wp-content\/uploads\/2024\/08\/PXL_20250713_135111975-150x150.jpg",150,150,true],"medium":["https:\/\/maadcenter.co\/wp-content\/uploads\/2024\/08\/PXL_20250713_135111975-300x300.jpg",300,300,true],"medium_large":["https:\/\/maadcenter.co\/wp-content\/uploads\/2024\/08\/PXL_20250713_135111975-768x768.jpg",768,768,true],"large":["https:\/\/maadcenter.co\/wp-content\/uploads\/2024\/08\/PXL_20250713_135111975-1024x1024.jpg",1024,1024,true],"1536x1536":["https:\/\/maadcenter.co\/wp-content\/uploads\/2024\/08\/PXL_20250713_135111975-1536x1536.jpg",1536,1536,true],"2048x2048":["https:\/\/maadcenter.co\/wp-content\/uploads\/2024\/08\/PXL_20250713_135111975.jpg",1800,1800,false],"trp-custom-language-flag":["https:\/\/maadcenter.co\/wp-content\/uploads\/2024\/08\/PXL_20250713_135111975-12x12.jpg",12,12,true],"depicter-thumbnail":["https:\/\/maadcenter.co\/wp-content\/uploads\/2024\/08\/PXL_20250713_135111975-200x200.jpg",200,200,true],"woocommerce_thumbnail":["https:\/\/maadcenter.co\/wp-content\/uploads\/2024\/08\/PXL_20250713_135111975-500x500.jpg",500,500,true],"woocommerce_single":["https:\/\/maadcenter.co\/wp-content\/uploads\/2024\/08\/PXL_20250713_135111975-600x600.jpg",600,600,true],"woocommerce_gallery_thumbnail":["https:\/\/maadcenter.co\/wp-content\/uploads\/2024\/08\/PXL_20250713_135111975-100x100.jpg",100,100,true],"variation_swatches_image_size":["https:\/\/maadcenter.co\/wp-content\/uploads\/2024\/08\/PXL_20250713_135111975-50x50.jpg",50,50,true],"variation_swatches_tooltip_size":["https:\/\/maadcenter.co\/wp-content\/uploads\/2024\/08\/PXL_20250713_135111975-100x100.jpg",100,100,true],"dgwt-wcas-product-suggestion":["https:\/\/maadcenter.co\/wp-content\/uploads\/2024\/08\/PXL_20250713_135111975-64x64.jpg",64,64,true]},"uagb_author_info":{"display_name":"Online sales Agent","author_link":"https:\/\/maadcenter.co\/krd\/author\/"},"uagb_comment_info":0,"uagb_excerpt":"Key Features: 600ml capacity \u2013 ideal for daily hydration BPA-free, food-grade stainless steel Double-wall insulation keeps drinks hot or cold for hours Built-in filter top prevents ice, tea leaves, and fruit from falling out Leak-proof lid for spill-free use Wide mouth for easy filling and cleaning Sleek, durable, and travel-friendly design Suitable for ages 15&hellip;","_links":{"self":[{"href":"https:\/\/maadcenter.co\/krd\/wp-json\/wp\/v2\/product\/11701","targetHints":{"allow":["GET"]}}],"collection":[{"href":"https:\/\/maadcenter.co\/krd\/wp-json\/wp\/v2\/product"}],"about":[{"href":"https:\/\/maadcenter.co\/krd\/wp-json\/wp\/v2\/types\/product"}],"replies":[{"embeddable":true,"href":"https:\/\/maadcenter.co\/krd\/wp-json\/wp\/v2\/comments?post=11701"}],"wp:featuredmedia":[{"embeddable":true,"href":"https:\/\/maadcenter.co\/krd\/wp-json\/wp\/v2\/media\/30041"}],"wp:attachment":[{"href":"https:\/\/maadcenter.co\/krd\/wp-json\/wp\/v2\/media?parent=11701"}],"wp:term":[{"taxonomy":"product_brand","embeddable":true,"href":"https:\/\/maadcenter.co\/krd\/wp-json\/wp\/v2\/product_brand?post=11701"},{"taxonomy":"product_cat","embeddable":true,"href":"https:\/\/maadcenter.co\/krd\/wp-json\/wp\/v2\/product_cat?post=11701"},{"taxonomy":"product_tag","embeddable":true,"href":"https:\/\/maadcenter.co\/krd\/wp-json\/wp\/v2\/product_tag?post=11701"}],"curies":[{"name":"wp","href":"https:\/\/api.w.org\/{rel}","templated":true}]}}