{"id":14592,"date":"2024-09-18T12:36:25","date_gmt":"2024-09-18T09:36:25","guid":{"rendered":"https:\/\/maadcenter.co\/?post_type=product&#038;p=14592"},"modified":"2025-10-15T20:16:51","modified_gmt":"2025-10-15T17:16:51","slug":"notebook-report-gipta-exclusive","status":"publish","type":"product","link":"https:\/\/maadcenter.co\/krd\/shop-2\/notebooks\/spiral-notebook\/notebook-report-gipta-exclusive\/","title":{"rendered":"\u062f\u06d5\u0641\u062a\u06d5\u0631\"\u0631\u0627\u067e\u06c6\u0631\u062a-\u0686\u06cc\u067e\u062a\u0627\""},"content":{"rendered":"<p data-start=\"191\" data-end=\"508\">\u062f\u06d5\u0641\u062a\u06d5\u0631 \u06cc\u0627\u062f\u0627\u0634\u062a\u06cc GIPTA \u0628\u06c6 \u067e\u0627\u06b5\u067e\u0634\u062a\u06cc\u06a9\u0631\u062f\u0646\u06cc \u0642\u0648\u062a\u0627\u0628\u06cc\u0627\u0646\u060c \u06af\u06d5\u0646\u062c\u0627\u0646\u06cc \u06a9\u0627\u0631\u06a9\u06d5\u0631 \u0648 \u062f\u0631\u0648\u0633\u062a\u06a9\u06d5\u0631\u0627\u0646\u06cc \u062a\u06d5\u0645\u06d5\u0646 13 \u0628\u06c6 20 \u0633\u0627\u06b5 \u0648 \u0633\u06d5\u0631\u0648\u0648\u062a\u0631 \u062f\u0631\u0648\u0633\u062a\u06a9\u0631\u0627\u0648\u06d5. \u0626\u06d5\u06af\u06d5\u0631 \u0644\u06d5 \u067e\u06c6\u0644\u062f\u0627 \u062a\u06ce\u0628\u06cc\u0646\u06cc \u062f\u06d5\u0646\u0648\u0648\u0633\u06cc\u062a\u060c \u067e\u0644\u0627\u0646\u06cc \u067e\u0695\u06c6\u0698\u06d5\u06a9\u0627\u0646 \u062f\u0627\u062f\u06d5\u0646\u06ce\u06cc\u062a\u060c \u06cc\u0627\u0646 \u0628\u06cc\u0631\u06c6\u06a9\u06d5\u06a9\u0627\u0646\u062a \u062f\u06d5\u0646\u0648\u0648\u0633\u06cc\u062a\u060c \u0626\u06d5\u0645 \u062f\u06d5\u0641\u062a\u06d5\u0631 \u06cc\u0627\u062f\u0627\u0634\u062a\u06d5 \u062a\u06ce\u06a9\u06d5\u06b5\u06d5\u06cc\u06d5\u06a9\u06cc \u0646\u0627\u06cc\u0627\u0628 \u0644\u06d5 \u06a9\u0648\u0627\u0644\u06ce\u062a\u06cc\u060c \u062e\u06c6\u0695\u0627\u06af\u0631\u06cc\u060c \u0648 \u06a9\u0631\u062f\u0627\u0631\u06cc \u067e\u06ce\u0634\u06a9\u06d5\u0634 \u062f\u06d5\u06a9\u0627\u062a \u0628\u06c6 \u0628\u06d5\u0631\u062f\u06d5\u0648\u0627\u0645\u0628\u0648\u0648\u0646 \u0644\u06d5 \u0698\u06cc\u0627\u0646\u06cc \u0633\u06d5\u0631\u0642\u0627\u06b5\u062a.<\/p>\n<p data-start=\"510\" data-end=\"527\"><strong data-start=\"510\" data-end=\"527\">\u062a\u0627\u06cc\u0628\u06d5\u062a\u0645\u06d5\u0646\u062f\u06cc\u06cc\u06d5 \u0633\u06d5\u0631\u06d5\u06a9\u06cc\u06cc\u06d5\u06a9\u0627\u0646:<\/strong><\/p>\n<ul data-start=\"529\" data-end=\"1755\">\n<li data-start=\"529\" data-end=\"772\">\n<p data-start=\"531\" data-end=\"772\"><strong data-start=\"531\" data-end=\"543\">Mezinahiya A4:<\/strong> \u062f\u06d5\u0641\u062a\u06d5\u0631 \u06cc\u0627\u062f\u0627\u0634\u062a\u06cc A4 \u0628\u06c6\u0634\u0627\u06cc\u06cc\u06d5\u06a9\u06cc \u0641\u0631\u0627\u0648\u0627\u0646\u062a \u067e\u06ce\u062f\u06d5\u0628\u06d5\u062e\u0634\u06ce\u062a \u0628\u06c6 \u0646\u0648\u0648\u0633\u06cc\u0646\u060c \u0648\u06ce\u0646\u06d5\u06a9\u06ce\u0634\u0627\u0646\u060c \u06cc\u0627\u0646 \u0695\u06ce\u06a9\u062e\u0633\u062a\u0646\u06cc \u0628\u06cc\u0631\u06c6\u06a9\u06d5\u06a9\u0627\u0646\u062a. \u06af\u0648\u0646\u062c\u0627\u0648\u06d5 \u0628\u06c6 \u062a\u06ce\u0628\u06cc\u0646\u06cc \u0648\u0631\u062f\u06d5\u06a9\u0627\u0631\u060c \u0626\u06d5\u0631\u06a9\u06cc \u0645\u0627\u06b5\u06d5\u0648\u06d5\u060c \u0648 \u06a9\u0627\u0631\u060c \u0648 \u0628\u06d5 \u0626\u0627\u0633\u0627\u0646\u06cc \u062f\u06d5\u062a\u0648\u0627\u0646\u0631\u06ce\u062a \u0644\u06d5\u0633\u06d5\u0631 \u0645\u06ce\u0632\u06d5\u06a9\u06d5 \u06cc\u0627\u0646 \u0644\u06d5\u0646\u0627\u0648 \u062c\u0627\u0646\u062a\u0627\u06a9\u062f\u0627 \u062c\u06ce\u06cc \u0628\u06a9\u0631\u06ce\u062a\u06d5\u0648\u06d5.<\/p>\n<\/li>\n<li data-start=\"774\" data-end=\"1035\">\n<p data-start=\"776\" data-end=\"1035\"><strong data-start=\"776\" data-end=\"790\">\u0669\u0666 \u067e\u06d5\u0695\u06d5:<\/strong> \u062f\u06d5\u0641\u062a\u06d5\u0631 \u06cc\u0627\u062f\u0627\u0634\u062a\u06ce\u06a9\u06cc 96 \u0644\u0627\u067e\u06d5\u0695\u06d5\u06cc\u06cc \u0628\u06d5 \u06a9\u0648\u0627\u0644\u06ce\u062a\u06cc\u06cc\u06d5\u06a9\u06cc \u0628\u0627\u0634\u060c \u0644\u0627\u067e\u06d5\u0695\u06d5\u06cc\u06d5\u06a9\u06cc \u0632\u06c6\u0631\u062a \u067e\u06ce\u062f\u06d5\u0628\u06d5\u062e\u0634\u06ce\u062a \u0628\u06c6 \u0646\u0648\u0648\u0633\u06cc\u0646 \u0628\u06d5\u0628\u06ce \u062a\u06d5\u0648\u0627\u0648\u06a9\u0631\u062f\u0646\u06cc \u062e\u06ce\u0631\u0627. \u06a9\u0627\u063a\u06d5\u0632\u06cc \u0626\u06d5\u0633\u062a\u0648\u0648\u0631 \u062e\u0648\u06ce\u0646 \u0695\u0634\u062a\u0646\u06cc \u0645\u06d5\u0631\u06d5\u06a9\u06d5\u0628 \u06a9\u06d5\u0645 \u062f\u06d5\u06a9\u0627\u062a\u06d5\u0648\u06d5\u060c \u0695\u06ce\u06af\u06d5\u062a \u067e\u06ce\u062f\u06d5\u062f\u0627\u062a \u0647\u06d5\u0645\u0648\u0648 \u062c\u06c6\u0631\u06d5\u06a9\u0627\u0646\u06cc \u067e\u06ce\u0646\u0648\u0648\u0633 \u0648 \u0695\u06d5\u0646\u06af\u06d5\u06a9\u0627\u0646 \u0628\u06d5 \u0645\u062a\u0645\u0627\u0646\u06d5\u0648\u06d5 \u0628\u06d5\u06a9\u0627\u0631\u0628\u06ce\u0646\u06cc\u062a.<\/p>\n<\/li>\n<li data-start=\"1037\" data-end=\"1233\">\n<p data-start=\"1039\" data-end=\"1233\"><strong data-start=\"1039\" data-end=\"1055\">R\u00fbpel\u00ean bi x\u00eaz:<\/strong> \u067e\u06d5\u0695\u06d5 \u06cc\u0627\u0633\u0627\u06cc\u06cc\u06d5\u06a9\u0627\u0646 \u0628\u06d5 \u062c\u0648\u0627\u0646\u06cc \u0631\u06ce\u06a9\u062e\u0631\u0627\u0648\u0646 \u0648 \u06cc\u0627\u0631\u0645\u06d5\u062a\u06cc\u062f\u06d5\u0631\u0646 \u0628\u06c6 \u067e\u0627\u0631\u0627\u0633\u062a\u0646\u06cc \u0646\u0648\u0648\u0633\u06cc\u0646\u06cc \u0695\u0648\u0648\u0646 \u0648 \u0695\u06ce\u06a9. \u06af\u0648\u0646\u062c\u0627\u0648\u06d5 \u0628\u06c6 \u062a\u06ce\u0628\u06cc\u0646\u06cc\u06d5\u06a9\u0627\u0646\u06cc \u0642\u0648\u062a\u0627\u0628\u062e\u0627\u0646\u06d5 \u06cc\u0627\u0646 \u06a9\u0627\u0631\u060c \u0647\u06ce\u06b5\u06d5\u06a9\u0627\u0646 \u0646\u0648\u0648\u0633\u06cc\u0646\u06d5\u06a9\u06d5 \u0648\u0631\u062f \u0648 \u0695\u0648\u0648\u0646 \u062f\u06d5\u06a9\u06d5\u0646 \u0644\u06d5 \u0647\u06d5\u0645\u0648\u0648 \u0644\u0627\u067e\u06d5\u0695\u06d5\u06cc\u06d5\u06a9\u062f\u0627.<\/p>\n<\/li>\n<li data-start=\"1235\" data-end=\"1490\">\n<p data-start=\"1237\" data-end=\"1490\"><strong data-start=\"1237\" data-end=\"1256\">Gir\u00eadana Spiral:<\/strong> \u0628\u06d5\u0633\u062a\u0646\u06d5\u0648\u06d5\u06cc \u0644\u0648\u0648\u0644\u067e\u06ce\u0686\u06cc \u0628\u06d5\u0647\u06ce\u0632 \u0695\u06ce\u06af\u06d5 \u0628\u06d5 \u062f\u06d5\u0641\u062a\u06d5\u0631 \u06cc\u0627\u062f\u0627\u0634\u062a\u06d5\u06a9\u06d5 \u062f\u06d5\u062f\u0627\u062a \u062a\u06d5\u062e\u062a \u0628\u06ce\u062a \u06cc\u0627\u0646 \u0628\u06c6 \u062f\u0648\u0627\u0648\u06d5 \u0642\u06d5\u062f\u0628\u06a9\u0631\u06ce\u062a\u06d5\u0648\u06d5\u060c \u0648\u0627\u062f\u06d5\u06a9\u0627\u062a \u0644\u06d5\u0633\u06d5\u0631 \u0647\u06d5\u0631 \u067e\u06d5\u0695\u06d5\u06cc\u06d5\u06a9 \u0628\u0646\u0648\u0648\u0633\u06ce\u062a. \u0626\u06d5\u0648\u06d5 \u062f\u06b5\u0646\u06cc\u0627\u06cc\u06cc \u062f\u06d5\u062f\u0627\u062a \u06a9\u06d5 \u0644\u0627\u067e\u06d5\u0695\u06d5\u06a9\u0627\u0646 \u0644\u06d5 \u0634\u0648\u06ce\u0646\u06cc \u062e\u06c6\u06cc\u0627\u0646 \u062f\u06d5\u0645\u06ce\u0646\u0646\u06d5\u0648\u06d5 \u0648 \u0647\u06d5\u06b5\u06af\u06ce\u0695\u0627\u0646\u06d5\u0648\u06d5\u06cc \u062a\u06ce\u0628\u06cc\u0646\u06cc\u06d5\u06a9\u0627\u0646 \u062e\u06ce\u0631\u0627 \u0648 \u0626\u0627\u0633\u0627\u0646 \u062f\u06d5\u06a9\u0627\u062a.<\/p>\n<\/li>\n<li data-start=\"1492\" data-end=\"1755\">\n<p data-start=\"1494\" data-end=\"1755\"><strong data-start=\"1494\" data-end=\"1518\">\u062a\u06d5\u0645\u06d5\u0646 \u0644\u06d5 \u0646\u06ce\u0648\u0627\u0646 13 \u0628\u06c6 20 \u0633\u0627\u06b5 \u0648 \u0633\u06d5\u0631\u0648\u0648:<\/strong> \u062f\u06d5\u0641\u062a\u06d5\u0631 \u06cc\u0627\u062f\u0627\u0634\u062a\u06cc GIPTA \u0628\u06c6 \u0647\u06d5\u0631\u0632\u06d5\u06a9\u0627\u0631\u0627\u0646 \u0648 \u06af\u06d5\u0646\u062c\u0627\u0646 \u062f\u0631\u0648\u0633\u062a\u06a9\u0631\u0627\u0648\u06d5\u060c \u06a9\u0631\u062f\u0627\u0631\u06cc \u0648 \u0628\u06d5\u0633\u06d5 \u0628\u06c6 \u0626\u0627\u0645\u0627\u062f\u06d5\u06cc\u06cc\u060c \u0632\u0627\u0646\u06a9\u06c6 \u06cc\u0627\u0646 \u062f\u06d5\u0633\u062a\u067e\u06ce\u06a9\u0631\u062f\u0646\u06cc \u06a9\u0627\u0631. \u0695\u0648\u0648\u062e\u0633\u0627\u0631\u06cc \u067e\u0627\u06a9 \u0648 \u067e\u06ce\u06a9\u0647\u0627\u062a\u06d5 \u0628\u06d5\u0647\u06ce\u0632\u06d5\u06a9\u06d5\u06cc \u0648\u0627\u06cc \u0644\u06ce\u062f\u06d5\u06a9\u0627\u062a \u0647\u06d5\u0645 \u0628\u06c6 \u0642\u0648\u062a\u0627\u0628\u062e\u0627\u0646\u06d5 \u0648 \u0647\u06d5\u0645 \u0628\u06c6 \u06a9\u0627\u0631 \u062f\u0648\u0627\u06cc \u0626\u06d5\u0648\u06d5 \u06af\u0648\u0646\u062c\u0627\u0648 \u0628\u06ce\u062a.<\/p>\n<\/li>\n<\/ul>","protected":false},"excerpt":{"rendered":"<p data-start=\"67\" data-end=\"95\"><strong data-start=\"67\" data-end=\"95\">\u062f\u06d5\u0641\u062a\u06d5\u0631 \u06cc\u0627\u062f\u0627\u0634\u062a\u06cc \u0633\u067e\u0627\u06cc\u0631\u0624\u06b5\u06cc GIPTA \u0628\u06d5 \u0642\u06d5\u0628\u0627\u0631\u06d5\u06cc A4<\/strong><\/p>\n<p data-start=\"97\" data-end=\"351\">\u06af\u0648\u0646\u062c\u0627\u0648\u06d5 \u0628\u06c6 \u062a\u06d5\u0645\u06d5\u0646\u06cc 13 \u0628\u06c6 20+\u060c \u0626\u06d5\u0645 \u062f\u06d5\u0641\u062a\u06d5\u0631 \u06cc\u0627\u062f\u0627\u0634\u062a\u06d5\u06cc A4 96 \u0644\u0627\u067e\u06d5\u0695\u06d5\u06cc \u06cc\u0627\u0633\u0627\u06cc\u06cc \u0648 \u0628\u06d5\u0633\u062a\u0646\u06d5\u0648\u06d5\u06cc\u06d5\u06a9\u06cc \u0644\u0648\u0648\u0644\u067e\u06ce\u0686\u06cc \u0628\u06d5\u0647\u06ce\u0632\u06cc \u0647\u06d5\u06cc\u06d5. \u0632\u06c6\u0631 \u06af\u0648\u0646\u062c\u0627\u0648\u06d5 \u0628\u06c6 \u0642\u0648\u062a\u0627\u0628\u062e\u0627\u0646\u06d5\u060c \u06a9\u06c6\u0644\u06ce\u0698\u060c \u06cc\u0627\u0646 \u06a9\u0627\u0631\u060c \u0628\u06c6\u0634\u0627\u06cc\u06cc \u0632\u06c6\u0631\u062a \u0628\u06c6 \u0646\u0648\u0648\u0633\u06cc\u0646\u06cc \u0695\u06ce\u06a9 \u0648 \u067e\u06ce\u06a9 \u0648 \u0626\u0627\u0633\u0648\u0648\u062f\u06d5 \u062f\u0627\u0628\u06cc\u0646 \u062f\u06d5\u06a9\u0627\u062a. \u06a9\u0631\u062f\u0627\u0631\u06cc \u0648 \u0628\u0627\u0648\u06d5\u0695\u067e\u06ce\u06a9\u0631\u0627\u0648 \u0628\u06c6 \u0628\u06d5\u06a9\u0627\u0631\u0647\u06ce\u0646\u0627\u0646\u06cc \u0695\u06c6\u0698\u0627\u0646\u06d5.<\/p>","protected":false},"featured_media":14599,"comment_status":"open","ping_status":"closed","template":"","meta":{"_uag_custom_page_level_css":"","site-sidebar-layout":"default","site-content-layout":"","ast-site-content-layout":"default","site-content-style":"default","site-sidebar-style":"default","ast-global-header-display":"","ast-banner-title-visibility":"","ast-main-header-display":"","ast-hfb-above-header-display":"","ast-hfb-below-header-display":"","ast-hfb-mobile-header-display":"","site-post-title":"","ast-breadcrumbs-content":"","ast-featured-img":"","footer-sml-layout":"","ast-disable-related-posts":"","theme-transparent-header-meta":"default","adv-header-id-meta":"","stick-header-meta":"","header-above-stick-meta":"","header-main-stick-meta":"","header-below-stick-meta":"","astra-migrate-meta-layouts":"set","ast-page-background-enabled":"default","ast-page-background-meta":{"desktop":{"background-color":"","background-image":"","background-repeat":"repeat","background-position":"center center","background-size":"auto","background-attachment":"scroll","background-type":"","background-media":"","overlay-type":"","overlay-color":"","overlay-opacity":"","overlay-gradient":""},"tablet":{"background-color":"","background-image":"","background-repeat":"repeat","background-position":"center center","background-size":"auto","background-attachment":"scroll","background-type":"","background-media":"","overlay-type":"","overlay-color":"","overlay-opacity":"","overlay-gradient":""},"mobile":{"background-color":"","background-image":"","background-repeat":"repeat","background-position":"center center","background-size":"auto","background-attachment":"scroll","background-type":"","background-media":"","overlay-type":"","overlay-color":"","overlay-opacity":"","overlay-gradient":""}},"ast-content-background-meta":{"desktop":{"background-color":"var(--ast-global-color-5)","background-image":"","background-repeat":"repeat","background-position":"center center","background-size":"auto","background-attachment":"scroll","background-type":"","background-media":"","overlay-type":"","overlay-color":"","overlay-opacity":"","overlay-gradient":""},"tablet":{"background-color":"var(--ast-global-color-5)","background-image":"","background-repeat":"repeat","background-position":"center center","background-size":"auto","background-attachment":"scroll","background-type":"","background-media":"","overlay-type":"","overlay-color":"","overlay-opacity":"","overlay-gradient":""},"mobile":{"background-color":"var(--ast-global-color-5)","background-image":"","background-repeat":"repeat","background-position":"center center","background-size":"auto","background-attachment":"scroll","background-type":"","background-media":"","overlay-type":"","overlay-color":"","overlay-opacity":"","overlay-gradient":""}}},"product_brand":[],"product_cat":[419,424,428,166,430,427,440,429,423,438],"product_tag":[437,434,436,435,444,433,442,443,439],"class_list":{"0":"post-14592","1":"product","2":"type-product","3":"status-publish","4":"has-post-thumbnail","6":"product_cat-notebooks","7":"product_cat-a4-notebook-size","8":"product_cat-boys-notebook","9":"product_cat-brand","10":"product_cat-gipta","11":"product_cat-girls-notebook","12":"product_cat-hardcover-notebooks","13":"product_cat-lined","14":"product_cat-spiral-notebook","15":"product_cat-teenager-notebooks","16":"product_tag-a4-notebooks","17":"product_tag-boys-notebooks","18":"product_tag-gipta","19":"product_tag-girls-notebook","20":"product_tag-hardcover-notebooks","21":"product_tag-lined-notebook","22":"product_tag-notebooks","23":"product_tag-spiral-notebooks","24":"product_tag-teenager-notebooks","25":"pa_color-black","26":"pa_color-navy","27":"pa_color-olive-green","28":"pa_color-pink","29":"pa_color-pistachio","30":"pa_color-red","31":"pa_size-a4","32":"desktop-align-left","33":"tablet-align-center","34":"mobile-align-center","36":"first","37":"instock","38":"shipping-taxable","39":"purchasable","40":"product-type-variable","41":"has-default-attributes"},"uagb_featured_image_src":{"full":["https:\/\/maadcenter.co\/wp-content\/uploads\/2024\/09\/product-standard-size-3_0003_Layer-37-1.jpg",2540,2540,false],"thumbnail":["https:\/\/maadcenter.co\/wp-content\/uploads\/2024\/09\/product-standard-size-3_0003_Layer-37-1-150x150.jpg",150,150,true],"medium":["https:\/\/maadcenter.co\/wp-content\/uploads\/2024\/09\/product-standard-size-3_0003_Layer-37-1-300x300.jpg",300,300,true],"medium_large":["https:\/\/maadcenter.co\/wp-content\/uploads\/2024\/09\/product-standard-size-3_0003_Layer-37-1-768x768.jpg",768,768,true],"large":["https:\/\/maadcenter.co\/wp-content\/uploads\/2024\/09\/product-standard-size-3_0003_Layer-37-1-1024x1024.jpg",1024,1024,true],"1536x1536":["https:\/\/maadcenter.co\/wp-content\/uploads\/2024\/09\/product-standard-size-3_0003_Layer-37-1-1536x1536.jpg",1536,1536,true],"2048x2048":["https:\/\/maadcenter.co\/wp-content\/uploads\/2024\/09\/product-standard-size-3_0003_Layer-37-1-2048x2048.jpg",2048,2048,true],"trp-custom-language-flag":["https:\/\/maadcenter.co\/wp-content\/uploads\/2024\/09\/product-standard-size-3_0003_Layer-37-1-12x12.jpg",12,12,true],"depicter-thumbnail":["https:\/\/maadcenter.co\/wp-content\/uploads\/2024\/09\/product-standard-size-3_0003_Layer-37-1-200x200.jpg",200,200,true],"woocommerce_thumbnail":["https:\/\/maadcenter.co\/wp-content\/uploads\/2024\/09\/product-standard-size-3_0003_Layer-37-1-500x500.jpg",500,500,true],"woocommerce_single":["https:\/\/maadcenter.co\/wp-content\/uploads\/2024\/09\/product-standard-size-3_0003_Layer-37-1-600x600.jpg",600,600,true],"woocommerce_gallery_thumbnail":["https:\/\/maadcenter.co\/wp-content\/uploads\/2024\/09\/product-standard-size-3_0003_Layer-37-1-100x100.jpg",100,100,true],"variation_swatches_image_size":["https:\/\/maadcenter.co\/wp-content\/uploads\/2024\/09\/product-standard-size-3_0003_Layer-37-1.jpg",50,50,false],"variation_swatches_tooltip_size":["https:\/\/maadcenter.co\/wp-content\/uploads\/2024\/09\/product-standard-size-3_0003_Layer-37-1.jpg",100,100,false],"dgwt-wcas-product-suggestion":["https:\/\/maadcenter.co\/wp-content\/uploads\/2024\/09\/product-standard-size-3_0003_Layer-37-1-64x64.jpg",64,64,true]},"uagb_author_info":{"display_name":"Online sales Agent","author_link":"https:\/\/maadcenter.co\/krd\/author\/"},"uagb_comment_info":0,"uagb_excerpt":"GIPTA A4 Spiral Notebook Ideal for ages 13 to 20+, this A4 notebook features 96 lined sheets and a durable spiral binding. Perfect for school, college, or work, it offers plenty of space for neat, organized notes and easy writing comfort. Reliable and practical for everyday use.","_links":{"self":[{"href":"https:\/\/maadcenter.co\/krd\/wp-json\/wp\/v2\/product\/14592","targetHints":{"allow":["GET"]}}],"collection":[{"href":"https:\/\/maadcenter.co\/krd\/wp-json\/wp\/v2\/product"}],"about":[{"href":"https:\/\/maadcenter.co\/krd\/wp-json\/wp\/v2\/types\/product"}],"replies":[{"embeddable":true,"href":"https:\/\/maadcenter.co\/krd\/wp-json\/wp\/v2\/comments?post=14592"}],"wp:featuredmedia":[{"embeddable":true,"href":"https:\/\/maadcenter.co\/krd\/wp-json\/wp\/v2\/media\/14599"}],"wp:attachment":[{"href":"https:\/\/maadcenter.co\/krd\/wp-json\/wp\/v2\/media?parent=14592"}],"wp:term":[{"taxonomy":"product_brand","embeddable":true,"href":"https:\/\/maadcenter.co\/krd\/wp-json\/wp\/v2\/product_brand?post=14592"},{"taxonomy":"product_cat","embeddable":true,"href":"https:\/\/maadcenter.co\/krd\/wp-json\/wp\/v2\/product_cat?post=14592"},{"taxonomy":"product_tag","embeddable":true,"href":"https:\/\/maadcenter.co\/krd\/wp-json\/wp\/v2\/product_tag?post=14592"}],"curies":[{"name":"wp","href":"https:\/\/api.w.org\/{rel}","templated":true}]}}