{"id":14640,"date":"2024-09-18T13:04:52","date_gmt":"2024-09-18T10:04:52","guid":{"rendered":"https:\/\/maadcenter.co\/?post_type=product&#038;p=14640"},"modified":"2025-12-07T13:53:49","modified_gmt":"2025-12-07T10:53:49","slug":"notebook-cosmo","status":"publish","type":"product","link":"https:\/\/maadcenter.co\/krd\/shop-2\/notebooks\/spiral-notebook\/notebook-cosmo\/","title":{"rendered":"\u062f\u06d5\u0641\u062a\u06d5\u0631\"\u06a9\u06c6\u0633\u0645\u06c6]\""},"content":{"rendered":"<p data-start=\"186\" data-end=\"531\">\u06a9\u06d5 <strong data-start=\"190\" data-end=\"225\">\u062f\u06d5\u0641\u062a\u06d5\u0631 \u06cc\u0627\u062f\u0627\u0634\u062a\u06cc \u0644\u0648\u0648\u0644\u067e\u06ce\u0686\u06cc GIPTA \u0644\u06d5 \u067e\u06ce\u0646\u062c \u0628\u06d5\u0634<\/strong> \u0626\u06d5\u0645 \u062f\u06d5\u0641\u062a\u06d5\u0631 \u06cc\u0627\u062f\u0627\u0634\u062a\u06d5 \u0686\u0627\u0631\u06d5\u0633\u06d5\u0631\u06ce\u06a9\u06cc \u06af\u0648\u0646\u062c\u0627\u0648\u06d5 \u0628\u06c6 \u0642\u0648\u062a\u0627\u0628\u06cc\u0627\u0646 \u0648 \u06af\u06d5\u0646\u062c\u0627\u0646 \u0644\u06d5 \u062a\u06d5\u0645\u06d5\u0646\u06cc <strong data-start=\"285\" data-end=\"298\">15 \u0628\u06c6 20 \u06cc\u0627\u0646 \u0632\u06cc\u0627\u062a\u0631<\/strong> \u0628\u06c6 \u0642\u0648\u062a\u0627\u0628\u06cc\u0627\u0646 \u0648 \u06af\u06d5\u0646\u062c\u0627\u0646 \u06a9\u06d5 \u067e\u06ce\u0648\u06cc\u0633\u062a\u06cc\u0627\u0646 \u0628\u06d5 \u062f\u06d5\u0641\u062a\u06d5\u0631 \u06cc\u0627\u062f\u0627\u0634\u062a\u06ce\u06a9\u06cc \u067e\u0631\u0627\u06a9\u062a\u06cc\u06a9\u06cc \u0647\u06d5\u06cc\u06d5 \u06a9\u06d5 \u0628\u062a\u0648\u0627\u0646\u0646 \u0628\u06d5 \u0626\u0627\u0633\u0627\u0646\u06cc \u0647\u06d5\u06b5\u06cc\u0628\u06af\u0631\u0646 \u0628\u06c6 \u0695\u06ce\u06a9\u062e\u0633\u062a\u0646\u06cc \u06a9\u06d5\u0631\u06d5\u0633\u062a\u06d5 \u06cc\u0627\u0646 \u067e\u0695\u06c6\u0698\u06d5\u06cc \u062c\u06c6\u0631\u0627\u0648\u062c\u06c6\u0631. \u0626\u06d5\u0645 \u062f\u06d5\u0641\u062a\u06d5\u0631 \u06cc\u0627\u062f\u0627\u0634\u062a\u06d5 \u0626\u0627\u0633\u0627\u0646\u06cc \u0648 \u0633\u0648\u0648\u062f \u062a\u06ce\u06a9\u06d5\u06b5 \u062f\u06d5\u06a9\u0627\u062a\u060c \u0648 \u06af\u0648\u0646\u062c\u0627\u0648\u06d5 \u0628\u06c6 \u0626\u06d5\u0648\u0627\u0646\u06d5\u06cc \u062f\u06d5\u06cc\u0627\u0646\u06d5\u0648\u06ce\u062a \u062a\u06ce\u0628\u06cc\u0646\u06cc\u06d5\u06a9\u0627\u0646\u06cc\u0627\u0646 \u0628\u06d5 \u0631\u06ce\u06a9\u0648\u067e\u06ce\u06a9\u06cc \u0628\u0647\u06ce\u06b5\u0646\u06d5\u0648\u06d5 \u0628\u06d5\u0628\u06ce \u0647\u06d5\u06b5\u06af\u0631\u062a\u0646\u06cc \u0626\u0627\u0645\u06ce\u0631\u06cc \u0642\u0648\u0631\u0633.<\/p>\n<p data-start=\"533\" data-end=\"550\"><strong data-start=\"533\" data-end=\"550\">\u062a\u0627\u06cc\u0628\u06d5\u062a\u0645\u06d5\u0646\u062f\u06cc\u06cc\u06d5 \u0633\u06d5\u0631\u06d5\u06a9\u06cc\u06cc\u06d5\u06a9\u0627\u0646:<\/strong><\/p>\n<ul data-start=\"552\" data-end=\"1745\">\n<li data-start=\"552\" data-end=\"763\">\n<p data-start=\"554\" data-end=\"763\"><strong data-start=\"554\" data-end=\"566\">A5 Size:<\/strong> \u0642\u06d5\u0628\u0627\u0631\u06d5\u06cc A5 \u0628\u0686\u0648\u0648\u06a9 \u0648 \u0633\u0648\u0648\u06a9\u060c \u0626\u06d5\u0645 \u062f\u06d5\u0641\u062a\u06d5\u0631 \u06cc\u0627\u062f\u0627\u0634\u062a\u06d5 \u0626\u0627\u0633\u0627\u0646 \u062f\u06d5\u06a9\u0627\u062a \u0644\u06d5 \u062c\u0627\u0646\u062a\u0627\u060c \u062c\u0627\u0646\u062a\u0627\u06cc \u067e\u0634\u062a\u06cc \u0642\u0648\u062a\u0627\u0628\u062e\u0627\u0646\u06d5 \u06cc\u0627\u0646 \u0644\u06d5 \u0645\u0627\u06b5\u06d5\u0648\u06d5 \u0647\u06d5\u06b5\u0628\u06af\u06cc\u0631\u06ce\u062a. \u0642\u06d5\u0628\u0627\u0631\u06d5 \u0628\u0686\u0648\u0648\u06a9\u06d5\u06a9\u06d5 \u06af\u0648\u0646\u062c\u0627\u0648\u06d5 \u0628\u06c6 \u0642\u0648\u062a\u0627\u0628\u06cc\u0627\u0646 \u0648 \u06af\u06d5\u0646\u062c\u0627\u0646 \u06a9\u06d5 \u067e\u06ce\u0648\u06cc\u0633\u062a\u06cc\u0627\u0646 \u0628\u06d5 \u062a\u06ce\u0628\u06cc\u0646\u06cc \u0647\u06d5\u06cc\u06d5 \u0644\u06d5 \u06a9\u0627\u062a\u06cc \u0695\u06c6\u06cc\u0634\u062a\u0646\u062f\u0627.<\/p>\n<\/li>\n<li data-start=\"765\" data-end=\"976\">\n<p data-start=\"767\" data-end=\"976\"><strong data-start=\"767\" data-end=\"782\">\u0661\u0665\u0660 \u067e\u06d5\u0695\u06d5\u06cc\u06cc<\/strong> \u062f\u06d5\u0641\u062a\u06d5\u0631 \u06cc\u0627\u062f\u0627\u0634\u062a\u06ce\u06a9\u06cc 150 \u0644\u0627\u067e\u06d5\u0695\u06d5\u06cc\u06cc\u06d5\u060c \u0628\u06c6\u0634\u0627\u06cc\u06cc \u0632\u06c6\u0631\u062a \u067e\u06ce\u062f\u06d5\u0628\u06d5\u062e\u0634\u06ce\u062a \u0628\u06c6 \u0646\u0648\u0648\u0633\u06cc\u0646\u060c \u0646\u0648\u0648\u0633\u06cc\u0646\u06cc \u0695\u06c6\u0698\u0646\u0627\u0645\u06d5\u060c \u06cc\u0627\u0646 \u067e\u0644\u0627\u0646\u062f\u0627\u0646\u0627\u0646\u06cc \u067e\u0631\u06c6\u0698\u06d5\u06a9\u06d5. \u06a9\u0627\u063a\u06d5\u0632\u06d5\u06a9\u06d5 \u0628\u0627\u0634 \u062f\u0631\u0648\u0633\u062a\u06a9\u0631\u0627\u0648\u06d5 \u0648 \u062e\u0648\u06ce\u0646\u06cc \u0645\u06d5\u0631\u06d5\u06a9\u06d5\u0628 \u06a9\u06d5\u0645 \u062f\u06d5\u06a9\u0627\u062a\u06d5\u0648\u06d5\u060c \u0626\u06d5\u0645\u06d5\u0634 \u0628\u06c6 \u0647\u06d5\u0645\u0648\u0648 \u062c\u06c6\u0631\u06d5 \u0642\u06d5\u06b5\u06d5\u0645\u06ce\u06a9 \u06af\u0648\u0646\u062c\u0627\u0648\u06d5.<\/p>\n<\/li>\n<li data-start=\"978\" data-end=\"1117\">\n<p data-start=\"980\" data-end=\"1117\"><strong data-start=\"980\" data-end=\"996\">R\u00fbpel\u00ean bi x\u00eaz:<\/strong> \u0644\u0627\u067e\u06d5\u0695\u06d5 \u0647\u06ce\u06b5\u06d5\u06a9\u0627\u0646 \u0628\u06d5\u0631\u062f\u06d5\u0648\u0627\u0645 \u062f\u06d5\u0628\u0646 \u0644\u06d5 \u0646\u0648\u0648\u0633\u06cc\u0646 \u0628\u06d5 \u0695\u06ce\u06a9\u0648\u067e\u06ce\u06a9\u06cc \u0648 \u0631\u06ce\u06a9\u062e\u0631\u0627\u0648\u060c \u0648 \u06cc\u0627\u0631\u0645\u06d5\u062a\u06cc\u062a \u062f\u06d5\u062f\u06d5\u0646 \u0644\u06d5 \u067e\u0627\u0631\u0627\u0633\u062a\u0646\u06cc \u0695\u0648\u0648\u0646\u06cc \u0644\u06d5 \u062a\u06ce\u0628\u06cc\u0646\u06cc\u06d5\u06a9\u0627\u0646\u062f\u0627\u060c \u0686 \u0628\u06c6 \u0642\u0648\u062a\u0627\u0628\u062e\u0627\u0646\u06d5 \u0628\u06ce\u062a \u06cc\u0627\u0646 \u062a\u06ce\u0628\u06cc\u0646\u06cc\u06d5 \u06a9\u06d5\u0633\u06cc\u06cc\u06d5\u06a9\u0627\u0646.<\/p>\n<\/li>\n<li data-start=\"1119\" data-end=\"1337\">\n<p data-start=\"1121\" data-end=\"1337\"><strong data-start=\"1121\" data-end=\"1144\">5 \u0628\u06d5\u0634 \u062c\u06cc\u0627\u06a9\u06d5\u0631\u06d5\u0648\u06d5<\/strong> 5 \u062e\u0634\u062a\u06d5\u0628\u06d5\u0646\u062f\u06cc \u0647\u06d5\u06cc\u06d5 \u0628\u06c6 \u0628\u06d5\u0634\u06d5\u06a9\u0627\u0646\u060c \u0626\u06d5\u0645 \u062f\u06d5\u0641\u062a\u06d5\u0631 \u06cc\u0627\u062f\u0627\u0634\u062a\u06d5 \u06cc\u0627\u0631\u0645\u06d5\u062a\u06cc\u062a \u062f\u06d5\u062f\u0627\u062a \u0628\u0627\u0628\u06d5\u062a\u06d5\u06a9\u0627\u0646 \u06cc\u0627\u0646 \u0628\u0627\u0628\u06d5\u062a\u06d5\u06a9\u0627\u0646 \u0628\u06d5 \u0626\u0627\u0633\u0627\u0646\u06cc \u062c\u06cc\u0627 \u0628\u06a9\u06d5\u06cc\u062a\u06d5\u0648\u06d5. \u062e\u0634\u062a\u06d5\u0628\u06d5\u0646\u062f\u06d5\u06a9\u0627\u0646 \u0626\u0627\u0633\u0627\u0646\u062a\u0631 \u062f\u06d5\u06a9\u06d5\u0646 \u0628\u06c6 \u062f\u06c6\u0632\u06cc\u0646\u06d5\u0648\u06d5\u06cc \u0626\u06d5\u0648 \u0628\u06d5\u0634\u06d5\u06cc \u06a9\u06d5 \u062f\u06d5\u062a\u06d5\u0648\u06ce \u0628\u06d5 \u062e\u06ce\u0631\u0627\u06cc\u06cc \u0648 \u0632\u06cc\u0627\u062f\u06a9\u0631\u062f\u0646\u06cc \u0628\u06d5\u0631\u0647\u06d5\u0645\u062f\u0627\u0631\u06cc.<\/p>\n<\/li>\n<li data-start=\"1339\" data-end=\"1541\">\n<p data-start=\"1341\" data-end=\"1541\"><strong data-start=\"1341\" data-end=\"1360\">Gir\u00eadana Spiral:<\/strong> \u0628\u06d5\u0633\u062a\u0646\u06d5\u0648\u06d5\u06cc \u0644\u0648\u0648\u0644\u067e\u06ce\u0686\u06cc \u0628\u06d5\u0647\u06ce\u0632 \u0695\u06ce\u06af\u06d5 \u0628\u06d5 \u062f\u06d5\u0641\u062a\u06d5\u0631 \u06cc\u0627\u062f\u0627\u0634\u062a\u06d5\u06a9\u06d5 \u062f\u06d5\u062f\u0627\u062a \u062a\u06d5\u062e\u062a \u0628\u06ce\u062a \u06cc\u0627\u0646 \u0628\u06c6 \u062f\u0648\u0627\u0648\u06d5 \u0642\u06d5\u062f\u0628\u06a9\u0631\u06ce\u062a\u06d5\u0648\u06d5\u060c \u0648\u0627\u062f\u06d5\u06a9\u0627\u062a \u0644\u06d5\u0633\u06d5\u0631 \u0647\u06d5\u0631 \u067e\u06d5\u0695\u06d5\u06cc\u06d5\u06a9 \u0628\u0646\u0648\u0648\u0633\u06ce\u062a. \u062f\u06b5\u0646\u06cc\u0627\u06cc\u06cc \u062f\u06d5\u062f\u0627\u062a \u06a9\u06d5 \u067e\u06d5\u0695\u06d5\u06a9\u0627\u0646 \u0644\u06d5 \u0634\u0648\u06ce\u0646\u06cc \u062e\u06c6\u06cc\u0627\u0646 \u062f\u06d5\u0645\u06ce\u0646\u0646\u06d5\u0648\u06d5 \u0628\u06d5 \u062f\u0631\u06ce\u0698\u0627\u06cc\u06cc \u0645\u0627\u0648\u06d5\u06cc \u0628\u06d5\u06a9\u0627\u0631\u0647\u06ce\u0646\u0627\u0646.<\/p>\n<\/li>\n<li data-start=\"1543\" data-end=\"1745\">\n<p data-start=\"1545\" data-end=\"1745\"><strong data-start=\"1545\" data-end=\"1569\">Age Range 15 to 20+:<\/strong> \u062f\u06d5\u0641\u062a\u06d5\u0631 \u06cc\u0627\u062f\u0627\u0634\u062a\u06cc GIPTA 5-Subject \u06af\u0648\u0646\u062c\u0627\u0648\u06d5 \u0628\u06c6 \u062e\u0648\u06ce\u0646\u062f\u06a9\u0627\u0631\u0627\u0646\u06cc \u0626\u0627\u0645\u0627\u062f\u06d5\u06cc\u06cc\u060c \u062e\u0648\u06ce\u0646\u062f\u06a9\u0627\u0631\u0627\u0646\u06cc \u0632\u0627\u0646\u06a9\u06c6 \u0648 \u06af\u06d5\u0646\u062c\u0627\u0646\u06cc \u06a9\u0627\u0631\u06a9\u06d5\u0631\u060c \u067e\u06ce\u062f\u0627\u0648\u06cc\u0633\u062a\u06cc\u06cc\u06d5\u06a9\u0627\u0646\u06cc \u0646\u0648\u0648\u0633\u06cc\u0646 \u0648 \u062a\u06ce\u0628\u06cc\u0646\u06cc \u0646\u0648\u0648\u0633\u06cc\u0646 \u0628\u06d5 \u062f\u06cc\u0632\u0627\u06cc\u0646\u06ce\u06a9\u06cc \u067e\u0631\u0627\u06a9\u062a\u06cc\u06a9\u06cc \u0648 \u0647\u06d5\u0645\u06d5\u062c\u06c6\u0631 \u062f\u0627\u0628\u06cc\u0646 \u062f\u06d5\u06a9\u0627\u062a.<\/p>\n<\/li>\n<\/ul>","protected":false},"excerpt":{"rendered":"<p data-start=\"87\" data-end=\"125\"><strong data-start=\"87\" data-end=\"125\">\u062f\u06d5\u0641\u062a\u06d5\u0631 \u06cc\u0627\u062f\u0627\u0634\u062a\u06cc \u0644\u0648\u0648\u0644\u067e\u06ce\u0686\u06cc GIPTA \u0628\u06d5 \u067e\u06ce\u0646\u062c \u0628\u06d5\u0634 - \u0642\u06d5\u0628\u0627\u0631\u06d5\u06cc A5<\/strong><\/p>\n<p data-start=\"127\" data-end=\"376\">\u06af\u0648\u0646\u062c\u0627\u0648\u06d5 \u0628\u06c6 \u062a\u06d5\u0645\u06d5\u0646\u06cc 15 \u0628\u06c6 20+\u060c \u0626\u06d5\u0645 \u062f\u06d5\u0641\u062a\u06d5\u0631 \u06cc\u0627\u062f\u0627\u0634\u062a\u06d5 \u0628\u0686\u0648\u0648\u06a9\u06d5 A5 150 \u0644\u0627\u067e\u06d5\u0695\u06d5\u06cc \u0647\u06ce\u06b5\u06cc \u0647\u06d5\u06cc\u06d5 \u06a9\u06d5 \u062f\u0627\u0628\u06d5\u0634 \u06a9\u0631\u0627\u0648\u0646 \u0628\u06c6 5 \u0628\u06d5\u0634 \u0644\u06d5\u06af\u06d5\u06b5 \u062e\u0634\u062a\u06d5\u0628\u06d5\u0646\u062f \u0628\u06c6 \u0695\u06ce\u06a9\u062e\u0633\u062a\u0646\u06cc \u0626\u0627\u0633\u0627\u0646. \u0628\u06d5\u0633\u062a\u0646\u06d5\u0648\u06d5\u06cc \u0644\u0648\u0648\u0644\u067e\u06ce\u0686 \u0695\u06ce\u06af\u06d5 \u0628\u06d5 \u062f\u06d5\u0641\u062a\u06d5\u0631 \u06cc\u0627\u062f\u0627\u0634\u062a\u06d5\u06a9\u06d5 \u062f\u06d5\u062f\u0627\u062a \u0628\u06d5 \u062a\u06d5\u062e\u062a\u06cc \u062f\u0627\u0628\u0646\u0631\u06ce\u062a \u0628\u06c6 \u0646\u0648\u0648\u0633\u06cc\u0646\u06ce\u06a9\u06cc \u0626\u0627\u0633\u0648\u0648\u062f\u06d5 \u06a9\u06d5 \u0632\u06c6\u0631 \u06af\u0648\u0646\u062c\u0627\u0648\u06d5 \u0628\u06c6 \u0642\u0648\u062a\u0627\u0628\u06cc\u0627\u0646 \u0648 \u06af\u06d5\u0646\u062c\u0627\u0646\u06cc \u067e\u06cc\u0634\u06d5\u06af\u06d5\u0631 \u0644\u06d5 \u06a9\u0627\u062a\u06cc \u0695\u06c6\u06cc\u0634\u062a\u0646\u062f\u0627.<\/p>\n<p>&nbsp;<\/p>","protected":false},"featured_media":14654,"comment_status":"open","ping_status":"closed","template":"","meta":{"_uag_custom_page_level_css":"","site-sidebar-layout":"default","site-content-layout":"","ast-site-content-layout":"default","site-content-style":"default","site-sidebar-style":"default","ast-global-header-display":"","ast-banner-title-visibility":"","ast-main-header-display":"","ast-hfb-above-header-display":"","ast-hfb-below-header-display":"","ast-hfb-mobile-header-display":"","site-post-title":"","ast-breadcrumbs-content":"","ast-featured-img":"","footer-sml-layout":"","ast-disable-related-posts":"","theme-transparent-header-meta":"default","adv-header-id-meta":"","stick-header-meta":"","header-above-stick-meta":"","header-main-stick-meta":"","header-below-stick-meta":"","astra-migrate-meta-layouts":"set","ast-page-background-enabled":"default","ast-page-background-meta":{"desktop":{"background-color":"","background-image":"","background-repeat":"repeat","background-position":"center center","background-size":"auto","background-attachment":"scroll","background-type":"","background-media":"","overlay-type":"","overlay-color":"","overlay-opacity":"","overlay-gradient":""},"tablet":{"background-color":"","background-image":"","background-repeat":"repeat","background-position":"center center","background-size":"auto","background-attachment":"scroll","background-type":"","background-media":"","overlay-type":"","overlay-color":"","overlay-opacity":"","overlay-gradient":""},"mobile":{"background-color":"","background-image":"","background-repeat":"repeat","background-position":"center center","background-size":"auto","background-attachment":"scroll","background-type":"","background-media":"","overlay-type":"","overlay-color":"","overlay-opacity":"","overlay-gradient":""}},"ast-content-background-meta":{"desktop":{"background-color":"var(--ast-global-color-5)","background-image":"","background-repeat":"repeat","background-position":"center center","background-size":"auto","background-attachment":"scroll","background-type":"","background-media":"","overlay-type":"","overlay-color":"","overlay-opacity":"","overlay-gradient":""},"tablet":{"background-color":"var(--ast-global-color-5)","background-image":"","background-repeat":"repeat","background-position":"center center","background-size":"auto","background-attachment":"scroll","background-type":"","background-media":"","overlay-type":"","overlay-color":"","overlay-opacity":"","overlay-gradient":""},"mobile":{"background-color":"var(--ast-global-color-5)","background-image":"","background-repeat":"repeat","background-position":"center center","background-size":"auto","background-attachment":"scroll","background-type":"","background-media":"","overlay-type":"","overlay-color":"","overlay-opacity":"","overlay-gradient":""}}},"product_brand":[],"product_cat":[419,425,428,166,430,427,440,426,429,423,438],"product_tag":[441,434,436,435,432,433,442,443,439],"class_list":{"0":"post-14640","1":"product","2":"type-product","3":"status-publish","4":"has-post-thumbnail","6":"product_cat-notebooks","7":"product_cat-a5-notebook-size","8":"product_cat-boys-notebook","9":"product_cat-brand","10":"product_cat-gipta","11":"product_cat-girls-notebook","12":"product_cat-hardcover-notebooks","13":"product_cat-kids-notebook","14":"product_cat-lined","15":"product_cat-spiral-notebook","16":"product_cat-teenager-notebooks","17":"product_tag-a5-notebooks","18":"product_tag-boys-notebooks","19":"product_tag-gipta","20":"product_tag-girls-notebook","21":"product_tag-kids-notebooks","22":"product_tag-lined-notebook","23":"product_tag-notebooks","24":"product_tag-spiral-notebooks","25":"product_tag-teenager-notebooks","26":"pa_color-blue","27":"pa_color-dark-pink","28":"pa_color-green","29":"pa_color-navy","30":"pa_color-orange","31":"pa_color-purple","32":"pa_color-red","33":"pa_color-yellow","34":"pa_size-a5","35":"desktop-align-left","36":"tablet-align-center","37":"mobile-align-center","39":"first","40":"instock","41":"shipping-taxable","42":"purchasable","43":"product-type-variable","44":"has-default-attributes"},"uagb_featured_image_src":{"full":["https:\/\/maadcenter.co\/wp-content\/uploads\/2024\/09\/product-standard-size-3_0013_Layer-30.jpg",2540,2540,false],"thumbnail":["https:\/\/maadcenter.co\/wp-content\/uploads\/2024\/09\/product-standard-size-3_0013_Layer-30-150x150.jpg",150,150,true],"medium":["https:\/\/maadcenter.co\/wp-content\/uploads\/2024\/09\/product-standard-size-3_0013_Layer-30-300x300.jpg",300,300,true],"medium_large":["https:\/\/maadcenter.co\/wp-content\/uploads\/2024\/09\/product-standard-size-3_0013_Layer-30-768x768.jpg",768,768,true],"large":["https:\/\/maadcenter.co\/wp-content\/uploads\/2024\/09\/product-standard-size-3_0013_Layer-30-1024x1024.jpg",1024,1024,true],"1536x1536":["https:\/\/maadcenter.co\/wp-content\/uploads\/2024\/09\/product-standard-size-3_0013_Layer-30-1536x1536.jpg",1536,1536,true],"2048x2048":["https:\/\/maadcenter.co\/wp-content\/uploads\/2024\/09\/product-standard-size-3_0013_Layer-30-2048x2048.jpg",2048,2048,true],"trp-custom-language-flag":["https:\/\/maadcenter.co\/wp-content\/uploads\/2024\/09\/product-standard-size-3_0013_Layer-30-12x12.jpg",12,12,true],"depicter-thumbnail":["https:\/\/maadcenter.co\/wp-content\/uploads\/2024\/09\/product-standard-size-3_0013_Layer-30-200x200.jpg",200,200,true],"woocommerce_thumbnail":["https:\/\/maadcenter.co\/wp-content\/uploads\/2024\/09\/product-standard-size-3_0013_Layer-30-500x500.jpg",500,500,true],"woocommerce_single":["https:\/\/maadcenter.co\/wp-content\/uploads\/2024\/09\/product-standard-size-3_0013_Layer-30-600x600.jpg",600,600,true],"woocommerce_gallery_thumbnail":["https:\/\/maadcenter.co\/wp-content\/uploads\/2024\/09\/product-standard-size-3_0013_Layer-30-100x100.jpg",100,100,true],"variation_swatches_image_size":["https:\/\/maadcenter.co\/wp-content\/uploads\/2024\/09\/product-standard-size-3_0013_Layer-30.jpg",50,50,false],"variation_swatches_tooltip_size":["https:\/\/maadcenter.co\/wp-content\/uploads\/2024\/09\/product-standard-size-3_0013_Layer-30.jpg",100,100,false],"dgwt-wcas-product-suggestion":["https:\/\/maadcenter.co\/wp-content\/uploads\/2024\/09\/product-standard-size-3_0013_Layer-30-64x64.jpg",64,64,true]},"uagb_author_info":{"display_name":"Online sales Agent","author_link":"https:\/\/maadcenter.co\/krd\/author\/"},"uagb_comment_info":0,"uagb_excerpt":"GIPTA 5-Subject A5 Spiral Notebook Perfect for ages 15 to 20+, this compact A5 notebook features 150 lined sheets divided into 5 sections with tabs for easy organization. The spiral binding lets it lay flat for comfortable writing\u2014ideal for students and young professionals on the go. &nbsp;","_links":{"self":[{"href":"https:\/\/maadcenter.co\/krd\/wp-json\/wp\/v2\/product\/14640","targetHints":{"allow":["GET"]}}],"collection":[{"href":"https:\/\/maadcenter.co\/krd\/wp-json\/wp\/v2\/product"}],"about":[{"href":"https:\/\/maadcenter.co\/krd\/wp-json\/wp\/v2\/types\/product"}],"replies":[{"embeddable":true,"href":"https:\/\/maadcenter.co\/krd\/wp-json\/wp\/v2\/comments?post=14640"}],"wp:featuredmedia":[{"embeddable":true,"href":"https:\/\/maadcenter.co\/krd\/wp-json\/wp\/v2\/media\/14654"}],"wp:attachment":[{"href":"https:\/\/maadcenter.co\/krd\/wp-json\/wp\/v2\/media?parent=14640"}],"wp:term":[{"taxonomy":"product_brand","embeddable":true,"href":"https:\/\/maadcenter.co\/krd\/wp-json\/wp\/v2\/product_brand?post=14640"},{"taxonomy":"product_cat","embeddable":true,"href":"https:\/\/maadcenter.co\/krd\/wp-json\/wp\/v2\/product_cat?post=14640"},{"taxonomy":"product_tag","embeddable":true,"href":"https:\/\/maadcenter.co\/krd\/wp-json\/wp\/v2\/product_tag?post=14640"}],"curies":[{"name":"wp","href":"https:\/\/api.w.org\/{rel}","templated":true}]}}