{"id":15717,"date":"2024-10-14T15:12:37","date_gmt":"2024-10-14T12:12:37","guid":{"rendered":"https:\/\/maadcenter.co\/?post_type=product&#038;p=15717"},"modified":"2025-08-10T11:58:49","modified_gmt":"2025-08-10T08:58:49","slug":"dark-black-notebook","status":"publish","type":"product","link":"https:\/\/maadcenter.co\/krd\/shop-2\/art-supplies\/black-paper-drawing-books\/dark-black-notebook\/","title":{"rendered":"\u062f\u06d5\u0641\u062a\u06d5\u0631\u06cc \u0695\u06d5\u0634\u06cc \u062a\u06c6\u062e"},"content":{"rendered":"<p data-start=\"0\" data-end=\"53\">\ud83d\udcd3 <strong data-start=\"3\" data-end=\"51\">\u062f\u06d5\u0641\u062a\u06d5\u0631 \u06cc\u0627\u062f\u0627\u0634\u062a\u06cc \u06a9\u0627\u063a\u06d5\u0632\u06cc \u0695\u06d5\u0634 - \u0642\u06d5\u0628\u0627\u0631\u06d5\u06cc A5\u060c \u0644\u0627\u067e\u06d5\u0695\u06d5\u06cc \u0644\u0648\u0648\u0644\u067e\u06ce\u0686\u06cc 50<\/strong> \u2728<\/p>\n<p data-start=\"55\" data-end=\"315\">\u0628\u0627 \u062f\u0627\u0647\u06ce\u0646\u0627\u0646\u06d5\u06a9\u06d5\u062a \u0628\u062f\u0631\u06d5\u0648\u0634\u06ce\u062a\u06d5\u0648\u06d5 \u0644\u06d5\u06af\u06d5\u06b5 <strong data-start=\"88\" data-end=\"115\">\u062f\u06d5\u0641\u062a\u06d5\u0631 \u06cc\u0627\u062f\u0627\u0634\u062a\u06cc \u06a9\u0627\u063a\u06d5\u0632\u06cc \u0695\u06d5\u0634 - \u0642\u06d5\u0628\u0627\u0631\u06d5\u06cc A5<\/strong>:\u062f\u06d5\u0641\u062a\u06d5\u0631 \u06cc\u0627\u062f\u0627\u0634\u062a\u06ce\u06a9 \u0628\u06c6 \u0626\u06d5\u0648\u0627\u0646\u06d5\u06cc \u062d\u06d5\u0632 \u062f\u06d5\u06a9\u06d5\u0646 \u062c\u06cc\u0627\u0648\u0627\u0632 \u0628\u06cc\u0631\u0628\u06a9\u06d5\u0646\u06d5\u0648\u06d5! \u0626\u06d5\u06af\u06d5\u0631 \u0648\u06ce\u0646\u06d5 \u0628\u06a9\u06ce\u0634\u06cc\u062a\u060c \u06cc\u0627\u062f\u0627\u0634\u062a\u06d5\u06a9\u0627\u0646\u062a \u0628\u0646\u0648\u0648\u0633\u06cc\u062a\u060c \u06cc\u0627\u0646 \u062f\u06cc\u0632\u0627\u06cc\u0646\u06cc \u0628\u06ce\u0647\u0627\u0648\u062a\u0627 \u062f\u0631\u0648\u0633\u062a \u0628\u06a9\u06d5\u06cc\u062a\u060c \u0626\u06d5\u0645 \u062f\u06d5\u0641\u062a\u06d5\u0631 \u06cc\u0627\u062f\u0627\u0634\u062a\u06d5 \u062c\u06cc\u0627\u0648\u0627\u0632\u06cc\u06cc\u06d5\u06a9\u06cc \u0695\u0648\u0648\u0646 \u062f\u0627\u0628\u06cc\u0646 \u062f\u06d5\u06a9\u0627\u062a \u0648 \u0648\u0627 \u0644\u06d5 \u0647\u06d5\u0645\u0648\u0648 \u0695\u06d5\u0646\u06af\u06ce\u06a9 \u062f\u06d5\u06a9\u0627\u062a \u062c\u0648\u0627\u0646 \u0648 \u0686\u0627\u0644\u0627\u06a9 \u062f\u06d5\u0631\u0628\u06a9\u06d5\u0648\u06ce\u062a.<\/p>\n<p data-start=\"317\" data-end=\"334\"><strong data-start=\"317\" data-end=\"334\">\u062a\u0627\u06cc\u0628\u06d5\u062a\u0645\u06d5\u0646\u062f\u06cc\u06cc\u06d5 \u0633\u06d5\u0631\u06d5\u06a9\u06cc\u06cc\u06d5\u06a9\u0627\u0646:<\/strong><\/p>\n<p data-start=\"336\" data-end=\"506\">\ud83d\udda4 <strong data-start=\"339\" data-end=\"354\">\u0648\u06d5\u0631\u06d5\u0642\u06d5\u06cc \u0695\u06d5\u0634<\/strong>:\u067e\u0627\u0634\u0628\u0646\u06d5\u0645\u0627\u06cc \u0695\u06d5\u0634\u06cc \u062a\u06c6\u062e \u0695\u06d5\u0646\u06af\u06d5\u06a9\u0627\u0646 \u062f\u06d5\u0631\u062f\u06d5\u062e\u0627\u062a \u0648 \u0648\u0627\u06cc \u0644\u06ce\u062f\u06d5\u06a9\u0627\u062a \u0628\u06c6 \u0695\u06d5\u0646\u06af\u06a9\u0631\u062f\u0646\u06cc \u0642\u06d5\u06b5\u06d5\u0645\u060c \u0642\u06d5\u06b5\u06d5\u0645 \u06cc\u0627\u0646 \u0646\u06cc\u0634\u0627\u0646\u06d5 \u0632\u06c6\u0631 \u0628\u0627\u0634\u06d5. \u062f\u06cc\u0632\u0627\u06cc\u0646 \u0648 \u0647\u0648\u0646\u06d5\u0631\u06cc \u062a\u06c6\u062e \u0628\u06d5 \u0626\u0627\u0633\u0627\u0646\u06cc \u062f\u0631\u0648\u0633\u062a \u0628\u06a9\u06d5!<\/p>\n<p data-start=\"508\" data-end=\"668\">\ud83d\udccf <strong data-start=\"511\" data-end=\"522\">\u0642\u06cc\u0627\u0633 A5<\/strong>:\u0628\u0686\u0648\u0648\u06a9 \u0648 \u0626\u0627\u0633\u0627\u0646 \u0628\u06c6 \u0647\u06d5\u06b5\u06af\u0631\u062a\u0646\u060c \u0626\u06d5\u0645 \u0642\u06d5\u0628\u0627\u0631\u06d5\u06cc\u06d5 \u0632\u06c6\u0631 \u06af\u0648\u0646\u062c\u0627\u0648\u06d5 \u0628\u06c6 \u062f\u0627\u0647\u06ce\u0646\u0627\u0646 \u0644\u06d5 \u06a9\u0627\u062a\u06cc \u0695\u06c6\u06cc\u0634\u062a\u0646\u062f\u0627. \u0628\u06cc\u062e\u06d5\u0631\u06d5 \u0646\u0627\u0648 \u062c\u0627\u0646\u062a\u0627\u06a9\u06d5\u062a \u06cc\u0627\u0646 \u062c\u0627\u0646\u062a\u0627\u06cc \u067e\u0634\u062a\u06cc \u0642\u0648\u062a\u0627\u0628\u062e\u0627\u0646\u06d5\u060c \u0628\u06c6 \u06af\u06d5\u0634\u062a\u060c \u06cc\u0627\u0646 \u067e\u0695\u06c6\u0698\u06d5 \u06a9\u06d5\u0633\u06cc\u06cc\u06d5\u06a9\u0627\u0646\u062a.<\/p>\n<p data-start=\"670\" data-end=\"808\">\ud83d\udd04 <strong data-start=\"673\" data-end=\"691\">\u0633\u067e\u0627\u06cc\u0631\u06c6\u06b5<\/strong>:\u0628\u06d5\u0631\u06af\u06cc \u0644\u0648\u0648\u0644\u067e\u06ce\u0686\u06cc \u0628\u06d5\u0647\u06ce\u0632 \u0695\u06ce\u06af\u06d5 \u0628\u06d5 \u062f\u06d5\u0641\u062a\u06d5\u0631 \u06cc\u0627\u062f\u0627\u0634\u062a\u06d5\u06a9\u06d5 \u062f\u06d5\u062f\u0627\u062a \u0628\u06d5 \u062a\u06d5\u0648\u0627\u0648\u06cc \u0628\u06a9\u0631\u06ce\u062a\u06d5\u0648\u06d5\u060c \u0646\u0648\u0648\u0633\u06cc\u0646\u060c \u0648\u06ce\u0646\u06d5\u06a9\u06ce\u0634\u0627\u0646 \u06cc\u0627\u0646 \u067e\u0644\u0627\u0646\u062f\u0627\u0646\u0627\u0646 \u0644\u06d5 \u0647\u06d5\u0631 \u0644\u0627\u06cc\u06d5\u06a9\u06d5\u0648\u06d5 \u0626\u0627\u0633\u0627\u0646\u062a\u0631 \u0628\u06ce\u062a.<\/p>\n<p data-start=\"810\" data-end=\"938\">\ud83d\udd8b\ufe0f <strong data-start=\"814\" data-end=\"827\">50 \u0644\u0627\u067e\u06d5\u0695\u06d5<\/strong>:50 \u0644\u0627\u067e\u06d5\u0695\u06d5\u06cc \u0695\u06d5\u0634\u06cc \u06a9\u0648\u0627\u0644\u06cc\u062a\u06cc \u0628\u06d5\u0631\u0632\u06cc \u0647\u06d5\u06cc\u06d5\u060c \u0626\u06d5\u0645 \u062f\u06d5\u0641\u062a\u06d5\u0631 \u06cc\u0627\u062f\u0627\u0634\u062a\u06d5 \u0628\u06c6\u0634\u0627\u06cc\u06cc \u0632\u06c6\u0631\u062a \u0628\u06c6 \u0628\u06cc\u0631\u06c6\u06a9\u06d5 \u0648 \u0647\u0648\u0646\u06d5\u0631\u06d5 \u062f\u0627\u0647\u06ce\u0646\u06d5\u0631\u06d5\u06a9\u0627\u0646\u062a \u062f\u06d5\u0628\u06d5\u062e\u0634\u06ce\u062a.<\/p>\n<p data-start=\"940\" data-end=\"1115\" data-is-last-node=\"\" data-is-only-node=\"\">:\u0632\u06c6\u0631 \u0628\u0627\u0634\u06d5 \u0628\u06c6 \u0647\u0648\u0646\u06d5\u0631\u0645\u06d5\u0646\u062f\u0627\u0646\u060c \u0642\u0648\u062a\u0627\u0628\u06cc\u0627\u0646 \u0648 \u0647\u06d5\u0631 \u06a9\u06d5\u0633\u06ce\u06a9 \u06a9\u06d5 \u062d\u06d5\u0632 \u062f\u06d5\u06a9\u0627\u062a \u062e\u06c6\u06cc \u0628\u06d5 \u0634\u06ce\u0648\u06d5\u06cc\u06d5\u06a9\u06cc \u062f\u0627\u0647\u06ce\u0646\u06d5\u0631\u0627\u0646\u06d5 \u062f\u06d5\u0631\u0628\u0628\u0695\u06ce\u062a\u060c \u0626\u06d5\u0645\u06d5 <strong data-start=\"1027\" data-end=\"1051\">\u062f\u06d5\u0641\u062a\u06d5\u0631 \u06cc\u0627\u062f\u0627\u0634\u062a\u06cc \u06a9\u0627\u063a\u06d5\u0632\u06cc \u0695\u06d5\u0634<\/strong> \u0626\u06d5\u0648\u06d5 \u062a\u0627\u0628\u0644\u06c6\u06cc \u0628\u06d5\u062a\u0627\u06b5\u06cc \u062a\u06c6\u06cc\u06d5 \u062a\u0627 \u0628\u06cc\u0631\u06c6\u06a9\u06d5\u06a9\u0627\u0646\u062a \u062f\u06d5\u0628\u0646 \u0628\u06d5 \u0628\u06cc\u0646\u06cc\u0646\u06ce\u06a9\u06cc \u0632\u06cc\u0646\u062f\u0648\u0648.\ud83c\udf1f\ud83c\udfa8<\/p>","protected":false},"excerpt":{"rendered":"<p data-start=\"0\" data-end=\"53\">\ud83d\udcd3 <strong data-start=\"3\" data-end=\"51\">\u062f\u06d5\u0641\u062a\u06d5\u0631 \u06cc\u0627\u062f\u0627\u0634\u062a\u06cc \u06a9\u0627\u063a\u06d5\u0632\u06cc \u0695\u06d5\u0634 - \u0642\u06d5\u0628\u0627\u0631\u06d5\u06cc A5\u060c \u0644\u0627\u067e\u06d5\u0695\u06d5\u06cc \u0644\u0648\u0648\u0644\u067e\u06ce\u0686\u06cc 50<\/strong> \u2728<\/p>\n<p data-start=\"55\" data-end=\"185\">\u0628\u0627 \u062f\u0627\u0647\u06ce\u0646\u0627\u0646\u06d5\u06a9\u06d5\u062a \u0628\u062f\u0631\u06d5\u0648\u0634\u06ce\u062a\u06d5\u0648\u06d5 \u0644\u06d5\u06af\u06d5\u06b5 ... <strong data-start=\"88\" data-end=\"115\">\u062f\u06d5\u0641\u062a\u06d5\u0631 \u06cc\u0627\u062f\u0627\u0634\u062a\u06cc \u06a9\u0627\u063a\u06d5\u0632\u06cc \u0695\u06d5\u0634 - \u0642\u06d5\u0628\u0627\u0631\u06d5\u06cc A5<\/strong>\u0632\u06c6\u0631 \u0628\u0627\u0634\u06d5 \u0628\u06c6 \u0648\u06ce\u0646\u06d5\u06a9\u06ce\u0634\u0627\u0646\u060c \u062a\u06ce\u0628\u06cc\u0646\u06cc \u0646\u0648\u0648\u0633\u06cc\u0646\u060c \u0648 \u067e\u0644\u0627\u0646\u062f\u0627\u0646\u0627\u0646 \u0628\u06d5 \u0695\u06d5\u0646\u06af\u06cc \u0634\u06cc\u0631\u06cc\u0646 \u0648 \u0632\u06cc\u0646\u062f\u0648\u0648!<\/p>\n<p data-start=\"187\" data-end=\"204\"><strong data-start=\"187\" data-end=\"204\">\u062a\u0627\u06cc\u0628\u06d5\u062a\u0645\u06d5\u0646\u062f\u06cc\u06cc\u06d5 \u0633\u06d5\u0631\u06d5\u06a9\u06cc\u06cc\u06d5\u06a9\u0627\u0646:<\/strong><\/p>\n<p data-start=\"206\" data-end=\"473\">\ud83d\udda4 <strong data-start=\"209\" data-end=\"224\">\u0648\u06d5\u0631\u06d5\u0642\u06d5\u06cc \u0695\u06d5\u0634<\/strong>:\u0695\u06d5\u0646\u06af\u06d5\u06a9\u0627\u0646 \u062f\u06d5\u0631\u062f\u06d5\u062e\u0627\u062a\u060c \u06af\u0648\u0646\u062c\u0627\u0648\u06d5 \u0628\u06c6 \u0642\u06d5\u06b5\u06d5\u0645\u06cc \u062c\u06d5\u0644\u060c \u0646\u06cc\u0634\u0627\u0646\u06d5 \u0648 \u0634\u062a\u06cc \u062a\u0631\u06cc\u0634.<br data-start=\"282\" data-end=\"285\" \/>\ud83d\udccf <strong data-start=\"288\" data-end=\"299\">\u0642\u06cc\u0627\u0633 A5<\/strong>: Kompakt \u00fb veguh\u00eazbar ji bo karan\u00eena li ser r\u00ea.<br data-start=\"340\" data-end=\"343\" data-is-only-node=\"\" \/>\ud83d\udd04 <strong data-start=\"346\" data-end=\"364\">\u0633\u067e\u0627\u06cc\u0631\u06c6\u06b5<\/strong>:\u0628\u06d5 \u06a9\u0631\u0627\u0648\u06d5\u06cc\u06cc \u0648 \u0626\u0627\u0633\u062a \u062f\u06d5\u0645\u06ce\u0646\u06ce\u062a\u06d5\u0648\u06d5 \u0628\u06c6 \u0626\u06d5\u0648\u06d5\u06cc \u0628\u062a\u0648\u0627\u0646\u06cc\u062a \u0628\u06d5 \u0626\u0627\u0633\u0627\u0646\u06cc \u0628\u0646\u0648\u0648\u0633\u06cc\u062a \u0648 \u0648\u06ce\u0646\u06d5 \u0628\u06a9\u06ce\u0634\u06cc\u062a.<br data-start=\"405\" data-end=\"408\" \/>\ud83d\udd8b\ufe0f <strong data-start=\"412\" data-end=\"425\">50 \u0644\u0627\u067e\u06d5\u0695\u06d5<\/strong>:\u0628\u06c6\u0634\u0627\u06cc\u06cc\u06cc\u06d5\u06a9 \u0628\u06c6 \u0647\u06d5\u0645\u0648\u0648 \u0628\u06cc\u0631\u06c6\u06a9\u06d5 \u062f\u0627\u0647\u06ce\u0646\u06d5\u0631\u06d5\u06a9\u0627\u0646\u062a.<\/p>\n<p data-start=\"475\" data-end=\"535\" data-is-last-node=\"\" data-is-only-node=\"\">\u067e\u06ce\u0648\u06cc\u0633\u062a \u0646\u06cc\u06cc\u06d5 \u0628\u06c6 \u0647\u0648\u0646\u06d5\u0631\u0645\u06d5\u0646\u062f\u0627\u0646\u060c \u0642\u0648\u062a\u0627\u0628\u06cc\u0627\u0646 \u0648 \u0647\u06d5\u0645\u0648\u0648 \u062f\u0631\u0648\u0633\u062a\u06a9\u06d5\u0631\u0627\u0646! \ud83c\udfa8\ud83c\udf1f<\/p>","protected":false},"featured_media":15725,"comment_status":"open","ping_status":"closed","template":"","meta":{"_uag_custom_page_level_css":"","site-sidebar-layout":"default","site-content-layout":"","ast-site-content-layout":"default","site-content-style":"default","site-sidebar-style":"default","ast-global-header-display":"","ast-banner-title-visibility":"","ast-main-header-display":"","ast-hfb-above-header-display":"","ast-hfb-below-header-display":"","ast-hfb-mobile-header-display":"","site-post-title":"","ast-breadcrumbs-content":"","ast-featured-img":"","footer-sml-layout":"","ast-disable-related-posts":"","theme-transparent-header-meta":"default","adv-header-id-meta":"","stick-header-meta":"","header-above-stick-meta":"","header-main-stick-meta":"","header-below-stick-meta":"","astra-migrate-meta-layouts":"set","ast-page-background-enabled":"default","ast-page-background-meta":{"desktop":{"background-color":"","background-image":"","background-repeat":"repeat","background-position":"center center","background-size":"auto","background-attachment":"scroll","background-type":"","background-media":"","overlay-type":"","overlay-color":"","overlay-opacity":"","overlay-gradient":""},"tablet":{"background-color":"","background-image":"","background-repeat":"repeat","background-position":"center center","background-size":"auto","background-attachment":"scroll","background-type":"","background-media":"","overlay-type":"","overlay-color":"","overlay-opacity":"","overlay-gradient":""},"mobile":{"background-color":"","background-image":"","background-repeat":"repeat","background-position":"center center","background-size":"auto","background-attachment":"scroll","background-type":"","background-media":"","overlay-type":"","overlay-color":"","overlay-opacity":"","overlay-gradient":""}},"ast-content-background-meta":{"desktop":{"background-color":"var(--ast-global-color-5)","background-image":"","background-repeat":"repeat","background-position":"center center","background-size":"auto","background-attachment":"scroll","background-type":"","background-media":"","overlay-type":"","overlay-color":"","overlay-opacity":"","overlay-gradient":""},"tablet":{"background-color":"var(--ast-global-color-5)","background-image":"","background-repeat":"repeat","background-position":"center center","background-size":"auto","background-attachment":"scroll","background-type":"","background-media":"","overlay-type":"","overlay-color":"","overlay-opacity":"","overlay-gradient":""},"mobile":{"background-color":"var(--ast-global-color-5)","background-image":"","background-repeat":"repeat","background-position":"center center","background-size":"auto","background-attachment":"scroll","background-type":"","background-media":"","overlay-type":"","overlay-color":"","overlay-opacity":"","overlay-gradient":""}}},"product_brand":[],"product_cat":[456,479,480,419],"product_tag":[481,465,468],"class_list":{"0":"post-15717","1":"product","2":"type-product","3":"status-publish","4":"has-post-thumbnail","6":"product_cat-art-supplies","7":"product_cat-black-paper","8":"product_cat-black-paper-drawing-books","9":"product_cat-notebooks","10":"product_tag-black-paper","11":"product_tag-drawing-books","12":"product_tag-drawing-books-for-teenager","13":"pa_kind-berlin","14":"pa_kind-italy","15":"pa_kind-london","16":"pa_kind-paris","17":"pa_size-a5","18":"desktop-align-left","19":"tablet-align-center","20":"mobile-align-center","22":"first","23":"instock","24":"shipping-taxable","25":"purchasable","26":"product-type-variable","27":"has-default-attributes"},"uagb_featured_image_src":{"full":["https:\/\/maadcenter.co\/wp-content\/uploads\/2024\/10\/1000001339-scaled.jpg",2156,2560,false],"thumbnail":["https:\/\/maadcenter.co\/wp-content\/uploads\/2024\/10\/1000001339-150x150.jpg",150,150,true],"medium":["https:\/\/maadcenter.co\/wp-content\/uploads\/2024\/10\/1000001339-253x300.jpg",253,300,true],"medium_large":["https:\/\/maadcenter.co\/wp-content\/uploads\/2024\/10\/1000001339-768x912.jpg",768,912,true],"large":["https:\/\/maadcenter.co\/wp-content\/uploads\/2024\/10\/1000001339-862x1024.jpg",862,1024,true],"1536x1536":["https:\/\/maadcenter.co\/wp-content\/uploads\/2024\/10\/1000001339-1293x1536.jpg",1293,1536,true],"2048x2048":["https:\/\/maadcenter.co\/wp-content\/uploads\/2024\/10\/1000001339-1725x2048.jpg",1725,2048,true],"trp-custom-language-flag":["https:\/\/maadcenter.co\/wp-content\/uploads\/2024\/10\/1000001339-10x12.jpg",10,12,true],"depicter-thumbnail":["https:\/\/maadcenter.co\/wp-content\/uploads\/2024\/10\/1000001339-200x238.jpg",200,238,true],"woocommerce_thumbnail":["https:\/\/maadcenter.co\/wp-content\/uploads\/2024\/10\/1000001339-500x500.jpg",500,500,true],"woocommerce_single":["https:\/\/maadcenter.co\/wp-content\/uploads\/2024\/10\/1000001339-600x713.jpg",600,713,true],"woocommerce_gallery_thumbnail":["https:\/\/maadcenter.co\/wp-content\/uploads\/2024\/10\/1000001339-100x100.jpg",100,100,true],"variation_swatches_image_size":["https:\/\/maadcenter.co\/wp-content\/uploads\/2024\/10\/1000001339-scaled.jpg",42,50,false],"variation_swatches_tooltip_size":["https:\/\/maadcenter.co\/wp-content\/uploads\/2024\/10\/1000001339-scaled.jpg",84,100,false],"dgwt-wcas-product-suggestion":["https:\/\/maadcenter.co\/wp-content\/uploads\/2024\/10\/1000001339-64x76.jpg",64,76,true]},"uagb_author_info":{"display_name":"Online sales Agent","author_link":"https:\/\/maadcenter.co\/krd\/author\/"},"uagb_comment_info":0,"uagb_excerpt":"\ud83d\udcd3 Black Paper Notebook \u2013 A5, 50 Sheets, Spiral \u2728 Elevate your creativity with the Black Paper A5 Notebook! Perfect for drawing, journaling, and sketching with vibrant colors. Key Features: \ud83d\udda4 Black Paper: Makes colors pop, ideal for gel pens, markers, and more.\ud83d\udccf A5 Size: Compact and portable for on-the-go use.\ud83d\udd04 Spiral Binding: Lays flat&hellip;","_links":{"self":[{"href":"https:\/\/maadcenter.co\/krd\/wp-json\/wp\/v2\/product\/15717","targetHints":{"allow":["GET"]}}],"collection":[{"href":"https:\/\/maadcenter.co\/krd\/wp-json\/wp\/v2\/product"}],"about":[{"href":"https:\/\/maadcenter.co\/krd\/wp-json\/wp\/v2\/types\/product"}],"replies":[{"embeddable":true,"href":"https:\/\/maadcenter.co\/krd\/wp-json\/wp\/v2\/comments?post=15717"}],"wp:featuredmedia":[{"embeddable":true,"href":"https:\/\/maadcenter.co\/krd\/wp-json\/wp\/v2\/media\/15725"}],"wp:attachment":[{"href":"https:\/\/maadcenter.co\/krd\/wp-json\/wp\/v2\/media?parent=15717"}],"wp:term":[{"taxonomy":"product_brand","embeddable":true,"href":"https:\/\/maadcenter.co\/krd\/wp-json\/wp\/v2\/product_brand?post=15717"},{"taxonomy":"product_cat","embeddable":true,"href":"https:\/\/maadcenter.co\/krd\/wp-json\/wp\/v2\/product_cat?post=15717"},{"taxonomy":"product_tag","embeddable":true,"href":"https:\/\/maadcenter.co\/krd\/wp-json\/wp\/v2\/product_tag?post=15717"}],"curies":[{"name":"wp","href":"https:\/\/api.w.org\/{rel}","templated":true}]}}