{"id":15890,"date":"2024-10-15T12:51:47","date_gmt":"2024-10-15T09:51:47","guid":{"rendered":"https:\/\/maadcenter.co\/?post_type=product&#038;p=15890"},"modified":"2025-08-10T12:21:37","modified_gmt":"2025-08-10T09:21:37","slug":"music-note-book","status":"publish","type":"product","link":"https:\/\/maadcenter.co\/krd\/shop-2\/notebooks\/a4-notebook-size\/music-note-book\/","title":{"rendered":"PIRT\u00dbKA NOT\u00caN MUZ\u00ceK\u00ca"},"content":{"rendered":"<p data-start=\"0\" data-end=\"50\">\ud83d\udcd3 <strong data-start=\"3\" data-end=\"45\">\u062f\u06d5\u0641\u062a\u06d5\u0631 \u06cc\u0627\u062f\u0627\u0634\u062a\u06cc \u0645\u0648\u0648\u0632\u06cc\u06a9 \u2013 \u0642\u06d5\u0628\u0627\u0631\u06d5\u06cc A4\u060c 40 \u0644\u0627\u067e\u06d5\u0695\u06d5\u060c \u0628\u06d5\u0633\u062a\u0631\u0627\u0648\u06cc \u0644\u0648\u0648\u0644\u067e\u06ce\u0686\u06cc<\/strong> \ud83c\udfb6\ud83c\udfbc<\/p>\n<p data-start=\"52\" data-end=\"438\">\u0695\u06ce\u06af\u06d5 \u0628\u062f\u06d5 \u062f\u0627\u0647\u06ce\u0646\u0627\u0646\u06d5\u06a9\u0627\u0646\u062a \u0628\u06ce\u062a\u06d5 \u062f\u06d5\u0631\u06d5\u0648\u06d5 \u0648 \u0646\u06cc\u0634\u0627\u0646\u06cc \u0628\u062f\u06d5\u0646 \u0644\u06d5\u06af\u06d5\u06b5 <strong data-start=\"84\" data-end=\"102\">\u062f\u06d5\u0641\u062a\u06d5\u0631 \u06cc\u0627\u062f\u0627\u0634\u062a\u06cc \u0645\u0648\u0648\u0632\u06cc\u06a9<\/strong>\u062f\u06d5\u0641\u062a\u06d5\u0631 \u06cc\u0627\u062f\u0627\u0634\u062a\u06ce\u06a9 \u06a9\u06d5 \u062a\u0627\u06cc\u0628\u06d5\u062a\u06d5 \u0628\u06d5 \u0645\u06c6\u0633\u06cc\u0642\u0627\u0698\u06d5\u0646\u060c \u0626\u0627\u0648\u0627\u0632\u062f\u0627\u0646\u06d5\u0631\u0627\u0646 \u0648 \u0642\u0648\u062a\u0627\u0628\u06cc\u0627\u0646\u06cc \u0645\u06c6\u0633\u06cc\u0642\u0627. \u0626\u06d5\u06af\u06d5\u0631 \u0626\u0627\u0648\u0627\u0632\u06ce\u06a9 \u0628\u0646\u0648\u0648\u0633\u06cc\u062a\u060c \u0695\u06ce\u06a9\u062e\u0633\u062a\u0646\u060c \u06cc\u0627\u0646 \u0646\u0648\u0633\u0627\u0646\u06cc \u067e\u06d5\u0695\u06d5\u06cc \u0645\u06c6\u0633\u06cc\u0642\u0627 \u0628\u0646\u0648\u0648\u0633\u06cc\u062a\u060c \u0626\u06d5\u0645 \u062f\u06d5\u0641\u062a\u06d5\u0631 \u06cc\u0627\u062f\u0627\u0634\u062a\u06d5 \u0628\u0627\u0634\u062a\u0631\u06cc\u0646 \u0626\u0627\u0645\u0631\u0627\u0632\u06d5 \u0628\u06c6 \u062a\u06c6\u0645\u0627\u0631\u06a9\u0631\u062f\u0646\u06cc \u0626\u0627\u0633\u0627\u0646\u06cc \u0648 \u0628\u06d5 \u0648\u0631\u062f\u06cc \u0628\u06cc\u0631\u06c6\u06a9\u06d5 \u0645\u06cc\u0648\u0632\u06cc\u06a9\u06cc\u06cc\u06d5\u06a9\u0627\u0646\u062a. \u0644\u0627\u067e\u06d5\u0695\u06d5 \u06a9\u0648\u0627\u0644\u06ce\u062a\u06cc\u06cc\u06d5 \u0628\u06d5\u0631\u0632\u06d5\u06a9\u0627\u0646 \u0648 \u0628\u06d5\u0631\u06af\u06cc \u0644\u0648\u0648\u0644\u067e\u06ce\u0686\u06cc \u0648\u0627\u06cc \u0644\u06ce\u062f\u06d5\u06a9\u0627\u062a \u06a9\u0631\u062f\u0627\u0631\u06cc \u0628\u06ce\u062a \u0648 \u06af\u0648\u0646\u062c\u0627\u0648 \u0628\u06ce\u062a \u0628\u06c6 \u0628\u06d5\u06a9\u0627\u0631\u0647\u06ce\u0646\u0627\u0646 \u0644\u06d5 \u0645\u0627\u06b5\u06d5\u0648\u06d5\u060c \u0644\u06d5 \u0633\u062a\u06c6\u062f\u06cc\u06c6\u060c \u06cc\u0627\u0646 \u0644\u06d5 \u06a9\u0627\u062a\u06cc \u0695\u06c6\u06cc\u0634\u062a\u0646\u062f\u0627.<\/p>\n<h3 data-start=\"440\" data-end=\"457\">\u062a\u0627\u06cc\u0628\u06d5\u062a\u0645\u06d5\u0646\u062f\u06cc\u06cc\u06d5 \u0633\u06d5\u0631\u06d5\u06a9\u06cc\u06cc\u06d5\u06a9\u0627\u0646:<\/h3>\n<p data-start=\"459\" data-end=\"761\">\ud83c\udfb6 <strong data-start=\"462\" data-end=\"487\">40 \u0644\u0627\u067e\u06d5\u0695\u06d5\u06cc \u0645\u0648\u0648\u0632\u06cc\u06a9\u06cc \u0628\u06d5\u062a\u0627\u06b5<\/strong>:\u062f\u06d5\u0641\u062a\u06d5\u0631 \u06cc\u0627\u062f\u0627\u0634\u062a\u06d5\u06a9\u06d5 40 \u0644\u0627\u067e\u06d5\u0695\u06d5\u06cc \u06a9\u0648\u0627\u0644\u06cc\u062a\u06cc \u0628\u06d5\u0631\u0632\u06cc \u062a\u06ce\u062f\u0627\u06cc\u06d5 \u06a9\u06d5 \u0644\u06d5 \u06a9\u0627\u063a\u06d5\u0632\u06cc \u0633\u062a\u0627\u0641\u06cc \u0628\u06d5\u062a\u0627\u06b5 \u062f\u0631\u0648\u0633\u062a\u06a9\u0631\u0627\u0648\u0646\u060c \u0628\u06c6\u0634\u0627\u06cc\u06cc \u0632\u06c6\u0631\u062a \u0628\u06c6 \u062f\u0627\u0628\u06cc\u0646 \u062f\u06d5\u06a9\u0627\u062a \u0628\u06c6 \u0646\u0648\u0648\u0633\u06cc\u0646\u06cc \u0626\u0627\u0648\u0627\u0632\u06d5\u06a9\u0627\u0646\u062a\u060c \u0626\u0627\u0648\u0627\u0632\u06d5\u06a9\u0627\u0646\u062a\u060c \u06cc\u0627\u0646 \u0646\u06c6\u062a\u06d5 \u0645\u06cc\u0648\u0632\u06cc\u06a9\u06cc\u06cc\u06d5\u06a9\u0627\u0646\u062a. \u0626\u06d5\u06af\u06d5\u0631 \u0628\u06cc\u0631\u06c6\u06a9\u06d5\u06cc \u0645\u06c6\u0633\u06cc\u0642\u0627\u06cc\u06d5\u06a9\u06cc \u062e\u06ce\u0631\u0627 \u0628\u0646\u0648\u0648\u0633\u06cc\u062a \u06cc\u0627\u0646 \u067e\u0627\u0631\u0686\u06d5\u06cc\u06d5\u06a9\u06cc \u062a\u06d5\u0648\u0627\u0648 \u0695\u06ce\u06a9 \u0628\u062e\u06d5\u06cc\u062a\u060c \u0626\u06d5\u0645 \u067e\u06d5\u0695\u0627\u0646\u06d5 \u0628\u06c6 \u0695\u06ce\u06a9\u062e\u0633\u062a\u0646\u06cc \u0645\u06c6\u0633\u06cc\u0642\u0627\u06a9\u06d5\u062a \u062f\u0631\u0648\u0633\u062a\u06a9\u0631\u0627\u0648\u0646.<\/p>\n<p data-start=\"763\" data-end=\"924\">\ud83d\udccf <strong data-start=\"766\" data-end=\"777\">\u0642\u06d5\u0628\u0627\u0631\u06d5\u06cc A4<\/strong>:\u0642\u06d5\u0628\u0627\u0631\u06d5\u06cc \u0641\u0631\u0627\u0648\u0627\u0646\u06cc A4 \u0628\u06c6\u0634\u0627\u06cc\u06cc \u0632\u06c6\u0631\u062a \u067e\u06ce \u062f\u06d5\u0628\u06d5\u062e\u0634\u06ce\u062a \u0628\u06c6 \u0646\u0648\u0648\u0633\u06cc\u0646\u06cc \u0646\u06c6\u062a\u060c \u06a9\u06c6\u0631\u062f \u0648 \u0647\u06ce\u06b5\u06d5\u06a9\u0627\u0646\u06cc \u0645\u06c6\u0633\u06cc\u0642\u0627\u060c \u06a9\u06d5 \u0648\u0627\u06cc \u0644\u06ce\u062f\u06d5\u06a9\u0627\u062a \u0646\u0645\u0648\u0646\u06d5\u06cc\u06cc \u0628\u06ce\u062a \u0628\u06c6 \u0626\u0627\u0648\u0627\u0632\u062f\u0627\u0646\u0627\u0646\u06cc \u06af\u06d5\u0648\u0631\u06d5 \u06cc\u0627\u0646 \u0646\u06c6\u062a\u06d5 \u0648\u0631\u062f\u06d5\u06a9\u0627\u0646.<\/p>\n<p data-start=\"926\" data-end=\"1158\">\ud83d\udd04 <strong data-start=\"929\" data-end=\"947\">\u0633\u067e\u0627\u06cc\u0631\u06c6\u06b5<\/strong>:\u0628\u06d5\u0631\u06af\u06cc \u0644\u0648\u0648\u0644\u067e\u06ce\u0686\u06cc \u0628\u06d5\u0647\u06ce\u0632 \u0695\u06ce\u06af\u06d5 \u0628\u06d5 \u062f\u06d5\u0641\u062a\u06d5\u0631 \u06cc\u0627\u062f\u0627\u0634\u062a\u06d5\u06a9\u06d5 \u062f\u06d5\u062f\u0627\u062a \u0628\u06d5\u062a\u06d5\u0648\u0627\u0648\u06cc \u0628\u06a9\u0631\u06ce\u062a\u06d5\u0648\u06d5 \u0648 \u0646\u0648\u0648\u0633\u06cc\u0646\u06cc \u0626\u0627\u0633\u0648\u0648\u062f\u06d5\u06cc\u06cc \u0644\u06d5 \u0647\u06d5\u0631 \u0644\u0627\u06cc\u06d5\u06a9\u06d5\u0648\u06d5 \u0626\u0627\u0633\u0627\u0646 \u062f\u06d5\u06a9\u0627\u062a. \u0626\u06d5\u06af\u06d5\u0631 \u0644\u06d5\u0633\u06d5\u0631 \u0645\u06ce\u0632\u06d5\u06a9\u06d5\u062a \u062f\u0627\u0646\u06cc\u0634\u062a\u0648\u0648\u06cc \u06cc\u0627\u0646 \u0644\u06d5 \u0695\u06c6\u06cc\u0634\u062a\u0646\u062f\u0627\u060c \u0628\u06d5\u0634\u06ce\u0648\u06d5\u06cc\u06d5\u06a9 \u062f\u06cc\u0632\u0627\u06cc\u0646 \u06a9\u0631\u0627\u0648\u06d5 \u06a9\u06d5 \u0646\u06d5\u0631\u0645 \u0648 \u0626\u0627\u0633\u0627\u0646 \u0628\u06ce\u062a \u0628\u06c6 \u0628\u06d5\u06a9\u0627\u0631\u0647\u06ce\u0646\u0627\u0646.<\/p>\n<p data-start=\"1160\" data-end=\"1346\">\ud83c\udfb6 <strong data-start=\"1163\" data-end=\"1188\">\u0646\u0645\u0648\u0646\u06d5\u06cc\u06cc \u0628\u06c6 \u0645\u06c6\u0633\u06cc\u0642\u0627\u0698\u06d5\u0646\u06d5\u06a9\u0627\u0646<\/strong>:\u0626\u06d5\u06af\u06d5\u0631 \u062a\u06c6 \u062f\u06d5\u0633\u062a\u067e\u06ce\u06a9\u06d5\u0631 \u0628\u06cc\u062a \u0644\u06d5 \u0645\u06c6\u0633\u06cc\u0642\u0627 \u06cc\u0627\u0646 \u067e\u06cc\u0634\u06d5\u06af\u06d5\u0631\u060c \u0626\u06d5\u0645 \u062f\u06d5\u0641\u062a\u06d5\u0631 \u06cc\u0627\u062f\u0627\u0634\u062a\u06d5 \u0628\u06c6 \u0647\u06d5\u0631 \u06a9\u06d5\u0633\u06ce\u06a9 \u062f\u0631\u0648\u0633\u062a\u06a9\u0631\u0627\u0648\u06d5 \u06a9\u06d5 \u062f\u06d5\u06cc\u06d5\u0648\u06ce\u062a \u0628\u06cc\u0631\u06c6\u06a9\u06d5 \u0645\u06cc\u0648\u0632\u06cc\u06a9\u06cc\u06cc\u06d5\u06a9\u0627\u0646\u06cc \u0628\u06d5 \u0634\u06ce\u0648\u06d5\u06cc\u06d5\u06a9\u06cc \u0695\u0648\u0648\u0646 \u0648 \u0695\u06ce\u06a9\u062e\u0631\u0627\u0648 \u062a\u06c6\u0645\u0627\u0631 \u0628\u06a9\u0627\u062a.<\/p>\n<p data-start=\"1348\" data-end=\"1552\" data-is-last-node=\"\" data-is-only-node=\"\">\u0632\u06c6\u0631 \u0628\u0627\u0634\u06d5 \u0628\u06c6 \u0626\u0627\u0648\u0627\u0632\u062f\u0627\u0646\u0627\u0646 \u0648 \u0695\u0627\u0647\u06ce\u0646\u0627\u0646 \u0644\u06d5\u0633\u06d5\u0631 \u0646\u0648\u0648\u0633\u06cc\u0646\u06cc \u0646\u06c6\u062a\u06d5\u06a9\u0627\u0646 \u06cc\u0627\u0646 \u0646\u0648\u0648\u0633\u06cc\u0646\u06cc \u0647\u06c6\u0646\u0631\u0627\u0648\u06d5\u06cc \u06af\u06c6\u0631\u0627\u0646\u06cc <strong data-start=\"1424\" data-end=\"1442\">\u062f\u06d5\u0641\u062a\u06d5\u0631 \u06cc\u0627\u062f\u0627\u0634\u062a\u06cc \u0645\u0648\u0648\u0632\u06cc\u06a9<\/strong> \u0626\u06d5\u0648 \u06cc\u0627\u0648\u06d5\u0631\u06cc \u0647\u06d5\u0645\u0648\u0648 \u0645\u06c6\u0633\u06cc\u0642\u0627\u0698\u06d5\u0646\u06d5\u060c \u0628\u06d5\u062a\u06d5\u0648\u0627\u0648\u06cc \u0633\u0648\u0648\u062f \u0648 \u062f\u0627\u0647\u06ce\u0646\u0627\u0646 \u062a\u06ce\u06a9\u06d5\u06b5 \u062f\u06d5\u06a9\u0627\u062a.\ud83c\udfb5\u2728<\/p>","protected":false},"excerpt":{"rendered":"<p data-start=\"0\" data-end=\"48\">\ud83c\udfb6 <strong data-start=\"3\" data-end=\"45\">\u062f\u06d5\u0641\u062a\u06d5\u0631 \u06cc\u0627\u062f\u0627\u0634\u062a\u06cc \u0645\u0648\u0648\u0632\u06cc\u06a9 \u2013 \u0642\u06d5\u0628\u0627\u0631\u06d5\u06cc A4\u060c 40 \u0644\u0627\u067e\u06d5\u0695\u06d5\u060c \u0628\u06d5\u0633\u062a\u0631\u0627\u0648\u06cc \u0644\u0648\u0648\u0644\u067e\u06ce\u0686\u06cc<\/strong> \ud83d\udcd3<\/p>\n<p data-start=\"50\" data-end=\"396\" data-is-last-node=\"\" data-is-only-node=\"\">\u0646\u0645\u0648\u0646\u06d5\u06cc\u06cc \u0628\u06c6 \u0645\u06c6\u0633\u06cc\u0642\u0627\u0698\u06d5\u0646\u06d5\u06a9\u0627\u0646 \u0648 \u0626\u0627\u0648\u0627\u0632\u062f\u0627\u0646\u06d5\u0631\u0627\u0646\u060c <strong data-start=\"91\" data-end=\"109\">\u062f\u06d5\u0641\u062a\u06d5\u0631 \u06cc\u0627\u062f\u0627\u0634\u062a\u06cc \u0645\u0648\u0648\u0632\u06cc\u06a9<\/strong> \u0664\u0660 \u0644\u0627\u067e\u06d5\u0695\u06d5\u06cc \u0633\u067e\u06cc \u0647\u06d5\u06cc\u06d5 \u0628\u06c6 \u0646\u06c6\u062a\u06d5\u06a9\u0627\u0646\u06cc \u0645\u06c6\u0633\u06cc\u0642\u0627 \u0628\u06c6 \u0626\u06d5\u0648\u06d5\u06cc \u0628\u062a\u0648\u0627\u0646\u06cc\u062a \u067e\u0627\u0631\u0686\u06d5\u06a9\u0627\u0646\u062a\u060c \u0645\u06ce\u0644\u06c6\u062f\u06cc\u06d5\u06a9\u0627\u0646\u062a \u0628\u0646\u0648\u0648\u0633\u06cc\u062a\u060c \u06cc\u0627\u0646 \u0646\u06c6\u062a\u06ce\u06a9 \u0628\u0646\u0648\u0648\u0633\u06cc\u062a\u06d5\u0648\u06d5. \u0644\u06d5\u06af\u06d5\u06b5 . <strong data-start=\"210\" data-end=\"221\">\u0642\u064a\u0627\u0633 A4<\/strong> \u0648 <strong data-start=\"226\" data-end=\"244\">gir\u00eadana spiral<\/strong>\u062f\u06d5\u062a\u0648\u0627\u0646\u06cc\u062a \u0628\u06d5 \u0626\u0627\u0633\u0627\u0646\u06cc \u0644\u0627\u067e\u06d5\u0695\u06d5\u06a9\u0627\u0646 \u0628\u0646\u0648\u0648\u0633\u06cc\u062a \u0648 \u0647\u06d5\u06b5\u0628\u062f\u06d5\u06cc\u062a\u06d5\u0648\u06d5\u060c \u0686 \u0644\u06d5 \u0645\u0627\u06b5\u06d5\u0648\u06d5 \u0628\u06ce\u062a \u06cc\u0627\u0646 \u0644\u06d5 \u06a9\u0627\u062a\u06cc \u0695\u06c6\u06cc\u0634\u062a\u0646. \u0632\u06c6\u0631 \u0628\u0627\u0634\u06d5 \u0628\u06c6 \u0647\u06d5\u0631 \u06a9\u06d5\u0633\u06ce\u06a9 \u06a9\u06d5 \u062f\u06d5\u06cc\u06d5\u0648\u06ce\u062a \u0628\u06cc\u0631\u06c6\u06a9\u06d5 \u0645\u06cc\u0648\u0632\u06cc\u06a9\u06cc\u06cc\u06d5\u06a9\u0627\u0646\u06cc \u0628\u06d5 \u0634\u06ce\u0648\u06d5\u06cc\u06d5\u06a9\u06cc \u0631\u06ce\u06a9\u062e\u0631\u0627\u0648 \u062a\u06c6\u0645\u0627\u0631 \u0628\u06a9\u0627\u062a. \ud83c\udfbc\ud83c\udfb5<\/p>","protected":false},"featured_media":15886,"comment_status":"open","ping_status":"closed","template":"","meta":{"_uag_custom_page_level_css":"","site-sidebar-layout":"default","site-content-layout":"","ast-site-content-layout":"default","site-content-style":"default","site-sidebar-style":"default","ast-global-header-display":"","ast-banner-title-visibility":"","ast-main-header-display":"","ast-hfb-above-header-display":"","ast-hfb-below-header-display":"","ast-hfb-mobile-header-display":"","site-post-title":"","ast-breadcrumbs-content":"","ast-featured-img":"","footer-sml-layout":"","ast-disable-related-posts":"","theme-transparent-header-meta":"default","adv-header-id-meta":"","stick-header-meta":"","header-above-stick-meta":"","header-main-stick-meta":"","header-below-stick-meta":"","astra-migrate-meta-layouts":"set","ast-page-background-enabled":"default","ast-page-background-meta":{"desktop":{"background-color":"","background-image":"","background-repeat":"repeat","background-position":"center center","background-size":"auto","background-attachment":"scroll","background-type":"","background-media":"","overlay-type":"","overlay-color":"","overlay-opacity":"","overlay-gradient":""},"tablet":{"background-color":"","background-image":"","background-repeat":"repeat","background-position":"center center","background-size":"auto","background-attachment":"scroll","background-type":"","background-media":"","overlay-type":"","overlay-color":"","overlay-opacity":"","overlay-gradient":""},"mobile":{"background-color":"","background-image":"","background-repeat":"repeat","background-position":"center center","background-size":"auto","background-attachment":"scroll","background-type":"","background-media":"","overlay-type":"","overlay-color":"","overlay-opacity":"","overlay-gradient":""}},"ast-content-background-meta":{"desktop":{"background-color":"var(--ast-global-color-5)","background-image":"","background-repeat":"repeat","background-position":"center center","background-size":"auto","background-attachment":"scroll","background-type":"","background-media":"","overlay-type":"","overlay-color":"","overlay-opacity":"","overlay-gradient":""},"tablet":{"background-color":"var(--ast-global-color-5)","background-image":"","background-repeat":"repeat","background-position":"center center","background-size":"auto","background-attachment":"scroll","background-type":"","background-media":"","overlay-type":"","overlay-color":"","overlay-opacity":"","overlay-gradient":""},"mobile":{"background-color":"var(--ast-global-color-5)","background-image":"","background-repeat":"repeat","background-position":"center center","background-size":"auto","background-attachment":"scroll","background-type":"","background-media":"","overlay-type":"","overlay-color":"","overlay-opacity":"","overlay-gradient":""}}},"product_brand":[],"product_cat":[424,484,490,489,491,419],"product_tag":[450,485,488,487,486],"class_list":{"0":"post-15890","1":"product","2":"type-product","3":"status-publish","4":"has-post-thumbnail","6":"product_cat-a4-notebook-size","7":"product_cat-music-notebook","8":"product_cat-music-notebook-for-boys","9":"product_cat-music-notebook-for-girls","10":"product_cat-music-notebook-for-teenager","11":"product_cat-notebooks","12":"product_tag-keskin-color","13":"product_tag-music-notebook","14":"product_tag-music-notebook-for-boys","15":"product_tag-music-notebook-for-girls","16":"product_tag-music-notebook-for-kids","17":"desktop-align-left","18":"tablet-align-center","19":"mobile-align-center","21":"first","22":"instock","23":"shipping-taxable","24":"purchasable","25":"product-type-simple"},"uagb_featured_image_src":{"full":["https:\/\/maadcenter.co\/wp-content\/uploads\/2024\/10\/pixelcut-export-1728826764740-scaled.jpg",2156,2560,false],"thumbnail":["https:\/\/maadcenter.co\/wp-content\/uploads\/2024\/10\/pixelcut-export-1728826764740-150x150.jpg",150,150,true],"medium":["https:\/\/maadcenter.co\/wp-content\/uploads\/2024\/10\/pixelcut-export-1728826764740-253x300.jpg",253,300,true],"medium_large":["https:\/\/maadcenter.co\/wp-content\/uploads\/2024\/10\/pixelcut-export-1728826764740-768x912.jpg",768,912,true],"large":["https:\/\/maadcenter.co\/wp-content\/uploads\/2024\/10\/pixelcut-export-1728826764740-862x1024.jpg",862,1024,true],"1536x1536":["https:\/\/maadcenter.co\/wp-content\/uploads\/2024\/10\/pixelcut-export-1728826764740-1293x1536.jpg",1293,1536,true],"2048x2048":["https:\/\/maadcenter.co\/wp-content\/uploads\/2024\/10\/pixelcut-export-1728826764740-1725x2048.jpg",1725,2048,true],"trp-custom-language-flag":["https:\/\/maadcenter.co\/wp-content\/uploads\/2024\/10\/pixelcut-export-1728826764740-10x12.jpg",10,12,true],"depicter-thumbnail":["https:\/\/maadcenter.co\/wp-content\/uploads\/2024\/10\/pixelcut-export-1728826764740-200x238.jpg",200,238,true],"woocommerce_thumbnail":["https:\/\/maadcenter.co\/wp-content\/uploads\/2024\/10\/pixelcut-export-1728826764740-500x500.jpg",500,500,true],"woocommerce_single":["https:\/\/maadcenter.co\/wp-content\/uploads\/2024\/10\/pixelcut-export-1728826764740-600x713.jpg",600,713,true],"woocommerce_gallery_thumbnail":["https:\/\/maadcenter.co\/wp-content\/uploads\/2024\/10\/pixelcut-export-1728826764740-100x100.jpg",100,100,true],"variation_swatches_image_size":["https:\/\/maadcenter.co\/wp-content\/uploads\/2024\/10\/pixelcut-export-1728826764740-scaled.jpg",42,50,false],"variation_swatches_tooltip_size":["https:\/\/maadcenter.co\/wp-content\/uploads\/2024\/10\/pixelcut-export-1728826764740-scaled.jpg",84,100,false],"dgwt-wcas-product-suggestion":["https:\/\/maadcenter.co\/wp-content\/uploads\/2024\/10\/pixelcut-export-1728826764740-64x76.jpg",64,76,true]},"uagb_author_info":{"display_name":"Online sales Agent","author_link":"https:\/\/maadcenter.co\/krd\/author\/"},"uagb_comment_info":0,"uagb_excerpt":"\ud83c\udfb6 Music Notebook \u2013 A4, 40 Sheets, Spiral \ud83d\udcd3 Perfect for musicians and composers, the Music Notebook features 40 blank music sheets for jotting down compositions, melodies, or transcriptions. With its A4 size and spiral binding, you can easily write and flip through pages, whether at home or on the go. Ideal for anyone looking&hellip;","_links":{"self":[{"href":"https:\/\/maadcenter.co\/krd\/wp-json\/wp\/v2\/product\/15890","targetHints":{"allow":["GET"]}}],"collection":[{"href":"https:\/\/maadcenter.co\/krd\/wp-json\/wp\/v2\/product"}],"about":[{"href":"https:\/\/maadcenter.co\/krd\/wp-json\/wp\/v2\/types\/product"}],"replies":[{"embeddable":true,"href":"https:\/\/maadcenter.co\/krd\/wp-json\/wp\/v2\/comments?post=15890"}],"wp:featuredmedia":[{"embeddable":true,"href":"https:\/\/maadcenter.co\/krd\/wp-json\/wp\/v2\/media\/15886"}],"wp:attachment":[{"href":"https:\/\/maadcenter.co\/krd\/wp-json\/wp\/v2\/media?parent=15890"}],"wp:term":[{"taxonomy":"product_brand","embeddable":true,"href":"https:\/\/maadcenter.co\/krd\/wp-json\/wp\/v2\/product_brand?post=15890"},{"taxonomy":"product_cat","embeddable":true,"href":"https:\/\/maadcenter.co\/krd\/wp-json\/wp\/v2\/product_cat?post=15890"},{"taxonomy":"product_tag","embeddable":true,"href":"https:\/\/maadcenter.co\/krd\/wp-json\/wp\/v2\/product_tag?post=15890"}],"curies":[{"name":"wp","href":"https:\/\/api.w.org\/{rel}","templated":true}]}}