{"id":17179,"date":"2024-11-21T14:28:36","date_gmt":"2024-11-21T11:28:36","guid":{"rendered":"https:\/\/maadcenter.co\/?post_type=product&#038;p=17179"},"modified":"2024-11-21T15:38:57","modified_gmt":"2024-11-21T12:38:57","slug":"autodesk-autocad-design-and-drafting-software","status":"publish","type":"product","link":"https:\/\/maadcenter.co\/krd\/shop-2\/softwares\/autodesk-autocad-design-and-drafting-software\/","title":{"rendered":"Autodesk AutoCAD: Nermalava s\u00eawirandin \u00fb x\u00eazkirin\u00ea"},"content":{"rendered":"<div class=\"main-copy l-lockup l-button\">\n<div class=\"pnl-overview__subhead\">\n<div>\n<div id=\"text-279ebcdefa\" class=\"cmp-text dhig-typography-body-copy-medium\">\n<div class=\"cmp-text-editable cmp-text-editable_v2_see_more\">\n<p>Autodesk AutoCAD equips architects, engineers, and construction professionals with precision tools to:<\/p>\n<\/div>\n<\/div>\n<\/div>\n<\/div>\n<div>\n<div class=\"pnl-overview__items\">\n<div class=\"pnl-overview__item-description pnl-overview__bullet\">\n<div>\n<div id=\"text-7835794cac\" class=\"cmp-text dhig-typography-body-copy-medium\">\n<div class=\"cmp-text-editable cmp-text-editable_v2_see_more\">\n<ul>\n<li><b>Design and annotate :\u00a0 <\/b>2D geometry and 3D models with solids, surfaces, and mesh objects<\/li>\n<li><b style=\"font-style: inherit;\">Automate drafting tasks<\/b><span style=\"font-size: 16px;\"> : to place objects with AI, compare drawings, create schedules, publish layouts, and more<\/span><\/li>\n<li><b style=\"font-style: inherit;\">Maximize productivity<\/b><span style=\"font-size: 16px;\"> : \u00a0with customized workspaces, AutoLISP, APIs, and apps<\/span><\/li>\n<\/ul>\n<\/div>\n<\/div>\n<\/div>\n<\/div>\n<\/div>\n<\/div>\n<\/div>","protected":false},"excerpt":{"rendered":"<div class=\"main-copy l-lockup l-button\">\n<div class=\"pnl-overview__subhead\">\n<div>\n<div id=\"text-279ebcdefa\" class=\"cmp-text dhig-typography-body-copy-medium\">\n<div class=\"cmp-text-editable cmp-text-editable_v2_see_more\">\n<p>Autodesk AutoCAD equips architects, engineers, and construction professionals with precision tools to:<\/p>\n<\/div>\n<\/div>\n<\/div>\n<\/div>\n<div>\n<div class=\"pnl-overview__items\">\n<ul class=\"pnl-overview__list-bulletpoints\">\n<li class=\"pnl-overview__item\">\n<div class=\"pnl-overview__item-description pnl-overview__bullet\">\n<div>\n<div id=\"text-7835794cac\" class=\"cmp-text dhig-typography-body-copy-medium\">\n<div class=\"cmp-text-editable cmp-text-editable_v2_see_more\">\n<p><b>Design and annotate<\/b> , <b style=\"font-style: inherit;\">Automate drafting tasks<\/b><span style=\"font-size: 16px;\">\u00a0 , <\/span><b style=\"font-style: inherit;\">Maximize productivity<\/b><\/p>\n<\/div>\n<\/div>\n<\/div>\n<\/div>\n<\/li>\n<\/ul>\n<\/div>\n<\/div>\n<\/div>","protected":false},"featured_media":17120,"comment_status":"open","ping_status":"closed","template":"","meta":{"_uag_custom_page_level_css":"","site-sidebar-layout":"default","site-content-layout":"","ast-site-content-layout":"default","site-content-style":"default","site-sidebar-style":"default","ast-global-header-display":"","ast-banner-title-visibility":"","ast-main-header-display":"","ast-hfb-above-header-display":"","ast-hfb-below-header-display":"","ast-hfb-mobile-header-display":"","site-post-title":"","ast-breadcrumbs-content":"","ast-featured-img":"","footer-sml-layout":"","ast-disable-related-posts":"","theme-transparent-header-meta":"default","adv-header-id-meta":"","stick-header-meta":"","header-above-stick-meta":"","header-main-stick-meta":"","header-below-stick-meta":"","astra-migrate-meta-layouts":"set","ast-page-background-enabled":"default","ast-page-background-meta":{"desktop":{"background-color":"","background-image":"","background-repeat":"repeat","background-position":"center center","background-size":"auto","background-attachment":"scroll","background-type":"","background-media":"","overlay-type":"","overlay-color":"","overlay-opacity":"","overlay-gradient":""},"tablet":{"background-color":"","background-image":"","background-repeat":"repeat","background-position":"center center","background-size":"auto","background-attachment":"scroll","background-type":"","background-media":"","overlay-type":"","overlay-color":"","overlay-opacity":"","overlay-gradient":""},"mobile":{"background-color":"","background-image":"","background-repeat":"repeat","background-position":"center center","background-size":"auto","background-attachment":"scroll","background-type":"","background-media":"","overlay-type":"","overlay-color":"","overlay-opacity":"","overlay-gradient":""}},"ast-content-background-meta":{"desktop":{"background-color":"var(--ast-global-color-5)","background-image":"","background-repeat":"repeat","background-position":"center center","background-size":"auto","background-attachment":"scroll","background-type":"","background-media":"","overlay-type":"","overlay-color":"","overlay-opacity":"","overlay-gradient":""},"tablet":{"background-color":"var(--ast-global-color-5)","background-image":"","background-repeat":"repeat","background-position":"center center","background-size":"auto","background-attachment":"scroll","background-type":"","background-media":"","overlay-type":"","overlay-color":"","overlay-opacity":"","overlay-gradient":""},"mobile":{"background-color":"var(--ast-global-color-5)","background-image":"","background-repeat":"repeat","background-position":"center center","background-size":"auto","background-attachment":"scroll","background-type":"","background-media":"","overlay-type":"","overlay-color":"","overlay-opacity":"","overlay-gradient":""}}},"product_brand":[],"product_cat":[603],"product_tag":[],"class_list":{"0":"post-17179","1":"product","2":"type-product","3":"status-publish","4":"has-post-thumbnail","6":"product_cat-softwares","7":"desktop-align-left","8":"tablet-align-center","9":"mobile-align-center","11":"first","12":"instock","13":"shipping-taxable","14":"product-type-external"},"uagb_featured_image_src":{"full":["https:\/\/maadcenter.co\/wp-content\/uploads\/2024\/11\/autocad.png",512,512,false],"thumbnail":["https:\/\/maadcenter.co\/wp-content\/uploads\/2024\/11\/autocad-150x150.png",150,150,true],"medium":["https:\/\/maadcenter.co\/wp-content\/uploads\/2024\/11\/autocad-300x300.png",300,300,true],"medium_large":["https:\/\/maadcenter.co\/wp-content\/uploads\/2024\/11\/autocad.png",512,512,false],"large":["https:\/\/maadcenter.co\/wp-content\/uploads\/2024\/11\/autocad.png",512,512,false],"1536x1536":["https:\/\/maadcenter.co\/wp-content\/uploads\/2024\/11\/autocad.png",512,512,false],"2048x2048":["https:\/\/maadcenter.co\/wp-content\/uploads\/2024\/11\/autocad.png",512,512,false],"trp-custom-language-flag":["https:\/\/maadcenter.co\/wp-content\/uploads\/2024\/11\/autocad-12x12.png",12,12,true],"depicter-thumbnail":["https:\/\/maadcenter.co\/wp-content\/uploads\/2024\/11\/autocad-200x200.png",200,200,true],"woocommerce_thumbnail":["https:\/\/maadcenter.co\/wp-content\/uploads\/2024\/11\/autocad-500x500.png",500,500,true],"woocommerce_single":["https:\/\/maadcenter.co\/wp-content\/uploads\/2024\/11\/autocad.png",512,512,false],"woocommerce_gallery_thumbnail":["https:\/\/maadcenter.co\/wp-content\/uploads\/2024\/11\/autocad-100x100.png",100,100,true],"variation_swatches_image_size":["https:\/\/maadcenter.co\/wp-content\/uploads\/2024\/11\/autocad.png",50,50,false],"variation_swatches_tooltip_size":["https:\/\/maadcenter.co\/wp-content\/uploads\/2024\/11\/autocad.png",100,100,false],"dgwt-wcas-product-suggestion":["https:\/\/maadcenter.co\/wp-content\/uploads\/2024\/11\/autocad-64x64.png",64,64,true]},"uagb_author_info":{"display_name":"maadcenter.co","author_link":"https:\/\/maadcenter.co\/krd\/author\/"},"uagb_comment_info":0,"uagb_excerpt":"Autodesk AutoCAD equips architects, engineers, and construction professionals with precision tools to: Design and annotate , Automate drafting tasks\u00a0 , Maximize productivity","_links":{"self":[{"href":"https:\/\/maadcenter.co\/krd\/wp-json\/wp\/v2\/product\/17179","targetHints":{"allow":["GET"]}}],"collection":[{"href":"https:\/\/maadcenter.co\/krd\/wp-json\/wp\/v2\/product"}],"about":[{"href":"https:\/\/maadcenter.co\/krd\/wp-json\/wp\/v2\/types\/product"}],"replies":[{"embeddable":true,"href":"https:\/\/maadcenter.co\/krd\/wp-json\/wp\/v2\/comments?post=17179"}],"wp:featuredmedia":[{"embeddable":true,"href":"https:\/\/maadcenter.co\/krd\/wp-json\/wp\/v2\/media\/17120"}],"wp:attachment":[{"href":"https:\/\/maadcenter.co\/krd\/wp-json\/wp\/v2\/media?parent=17179"}],"wp:term":[{"taxonomy":"product_brand","embeddable":true,"href":"https:\/\/maadcenter.co\/krd\/wp-json\/wp\/v2\/product_brand?post=17179"},{"taxonomy":"product_cat","embeddable":true,"href":"https:\/\/maadcenter.co\/krd\/wp-json\/wp\/v2\/product_cat?post=17179"},{"taxonomy":"product_tag","embeddable":true,"href":"https:\/\/maadcenter.co\/krd\/wp-json\/wp\/v2\/product_tag?post=17179"}],"curies":[{"name":"wp","href":"https:\/\/api.w.org\/{rel}","templated":true}]}}