{"id":17193,"date":"2024-11-21T15:05:32","date_gmt":"2024-11-21T12:05:32","guid":{"rendered":"https:\/\/maadcenter.co\/?post_type=product&#038;p=17193"},"modified":"2024-11-21T15:10:22","modified_gmt":"2024-11-21T12:10:22","slug":"microsoft-365-personal-for-college-students","status":"publish","type":"product","link":"https:\/\/maadcenter.co\/krd\/shop-2\/softwares\/microsoft-365-personal-for-college-students\/","title":{"rendered":"Microsoft 365 Kesane ji bo Xwendekar\u00ean Zan\u00eengeh\u00ea"},"content":{"rendered":"<div class=\"main-copy l-lockup l-button\">\n<div class=\"pnl-overview__subhead\">\n<div id=\"text-279ebcdefa\" class=\"cmp-text dhig-typography-body-copy-medium\">\n<div class=\"cmp-text-editable cmp-text-editable_v2_see_more\">\n<h5>\u00a0Microsoft 365 Kesane ji bo Xwendekar\u00ean Zan\u00eengeh\u00ea<\/h5>\n<p>Use your college email address\u00a0to save on premium features and offline access for powerful productivity apps like<\/p>\n<p>Word, Excel, and PowerPoint, 1 TB of cloud storage, identity\u00a0and device protections, social media templates, and video editing software.<\/p>\n<\/div>\n<\/div>\n<\/div>\n<\/div>","protected":false},"excerpt":{"rendered":"<div class=\"main-copy l-lockup l-button\">\n<div class=\"pnl-overview__subhead\">\n<div id=\"text-279ebcdefa\" class=\"cmp-text dhig-typography-body-copy-medium\">\n<div class=\"cmp-text-editable cmp-text-editable_v2_see_more\">\n<div class=\"main-copy l-lockup l-button\">\n<div class=\"pnl-overview__subhead\">\n<div id=\"text-279ebcdefa\" class=\"cmp-text dhig-typography-body-copy-medium\">\n<div class=\"cmp-text-editable cmp-text-editable_v2_see_more\">\n<h5>\u00a0Microsoft 365 Kesane ji bo Xwendekar\u00ean Zan\u00eengeh\u00ea<\/h5>\n<p>Use your college email address\u00a0to save on premium features and offline access for powerful productivity apps like<\/p>\n<p>Word, Excel, and PowerPoint, 1 TB of cloud storage, identity\u00a0and device protections, social media templates, and video editing software.<\/p>\n<\/div>\n<\/div>\n<\/div>\n<\/div>\n<\/div>\n<\/div>\n<\/div>\n<\/div>","protected":false},"featured_media":17194,"comment_status":"open","ping_status":"closed","template":"","meta":{"_uag_custom_page_level_css":"","site-sidebar-layout":"default","site-content-layout":"","ast-site-content-layout":"default","site-content-style":"default","site-sidebar-style":"default","ast-global-header-display":"","ast-banner-title-visibility":"","ast-main-header-display":"","ast-hfb-above-header-display":"","ast-hfb-below-header-display":"","ast-hfb-mobile-header-display":"","site-post-title":"","ast-breadcrumbs-content":"","ast-featured-img":"","footer-sml-layout":"","ast-disable-related-posts":"","theme-transparent-header-meta":"default","adv-header-id-meta":"","stick-header-meta":"","header-above-stick-meta":"","header-main-stick-meta":"","header-below-stick-meta":"","astra-migrate-meta-layouts":"set","ast-page-background-enabled":"default","ast-page-background-meta":{"desktop":{"background-color":"","background-image":"","background-repeat":"repeat","background-position":"center center","background-size":"auto","background-attachment":"scroll","background-type":"","background-media":"","overlay-type":"","overlay-color":"","overlay-opacity":"","overlay-gradient":""},"tablet":{"background-color":"","background-image":"","background-repeat":"repeat","background-position":"center center","background-size":"auto","background-attachment":"scroll","background-type":"","background-media":"","overlay-type":"","overlay-color":"","overlay-opacity":"","overlay-gradient":""},"mobile":{"background-color":"","background-image":"","background-repeat":"repeat","background-position":"center center","background-size":"auto","background-attachment":"scroll","background-type":"","background-media":"","overlay-type":"","overlay-color":"","overlay-opacity":"","overlay-gradient":""}},"ast-content-background-meta":{"desktop":{"background-color":"var(--ast-global-color-5)","background-image":"","background-repeat":"repeat","background-position":"center center","background-size":"auto","background-attachment":"scroll","background-type":"","background-media":"","overlay-type":"","overlay-color":"","overlay-opacity":"","overlay-gradient":""},"tablet":{"background-color":"var(--ast-global-color-5)","background-image":"","background-repeat":"repeat","background-position":"center center","background-size":"auto","background-attachment":"scroll","background-type":"","background-media":"","overlay-type":"","overlay-color":"","overlay-opacity":"","overlay-gradient":""},"mobile":{"background-color":"var(--ast-global-color-5)","background-image":"","background-repeat":"repeat","background-position":"center center","background-size":"auto","background-attachment":"scroll","background-type":"","background-media":"","overlay-type":"","overlay-color":"","overlay-opacity":"","overlay-gradient":""}}},"product_brand":[],"product_cat":[603],"product_tag":[],"class_list":{"0":"post-17193","1":"product","2":"type-product","3":"status-publish","4":"has-post-thumbnail","6":"product_cat-softwares","7":"desktop-align-left","8":"tablet-align-center","9":"mobile-align-center","11":"first","12":"instock","13":"shipping-taxable","14":"product-type-external"},"uagb_featured_image_src":{"full":["https:\/\/maadcenter.co\/wp-content\/uploads\/2024\/11\/microsoft-365-for-college-students-e1732191008803.jpg",880,600,false],"thumbnail":["https:\/\/maadcenter.co\/wp-content\/uploads\/2024\/11\/microsoft-365-for-college-students-e1732191008803-150x150.jpg",150,150,true],"medium":["https:\/\/maadcenter.co\/wp-content\/uploads\/2024\/11\/microsoft-365-for-college-students-e1732191008803-300x205.jpg",300,205,true],"medium_large":["https:\/\/maadcenter.co\/wp-content\/uploads\/2024\/11\/microsoft-365-for-college-students-e1732191008803-768x524.jpg",768,524,true],"large":["https:\/\/maadcenter.co\/wp-content\/uploads\/2024\/11\/microsoft-365-for-college-students-1024x384.jpg",1024,384,true],"1536x1536":["https:\/\/maadcenter.co\/wp-content\/uploads\/2024\/11\/microsoft-365-for-college-students-1536x576.jpg",1536,576,true],"2048x2048":["https:\/\/maadcenter.co\/wp-content\/uploads\/2024\/11\/microsoft-365-for-college-students-e1732191008803.jpg",880,600,false],"trp-custom-language-flag":["https:\/\/maadcenter.co\/wp-content\/uploads\/2024\/11\/microsoft-365-for-college-students-e1732191008803-18x12.jpg",18,12,true],"depicter-thumbnail":["https:\/\/maadcenter.co\/wp-content\/uploads\/2024\/11\/microsoft-365-for-college-students-e1732191008803-200x136.jpg",200,136,true],"woocommerce_thumbnail":["https:\/\/maadcenter.co\/wp-content\/uploads\/2024\/11\/microsoft-365-for-college-students-e1732191008803-500x500.jpg",500,500,true],"woocommerce_single":["https:\/\/maadcenter.co\/wp-content\/uploads\/2024\/11\/microsoft-365-for-college-students-e1732191008803-600x409.jpg",600,409,true],"woocommerce_gallery_thumbnail":["https:\/\/maadcenter.co\/wp-content\/uploads\/2024\/11\/microsoft-365-for-college-students-e1732191008803-100x100.jpg",100,100,true],"variation_swatches_image_size":["https:\/\/maadcenter.co\/wp-content\/uploads\/2024\/11\/microsoft-365-for-college-students-e1732191008803.jpg",50,34,false],"variation_swatches_tooltip_size":["https:\/\/maadcenter.co\/wp-content\/uploads\/2024\/11\/microsoft-365-for-college-students-e1732191008803.jpg",100,68,false],"dgwt-wcas-product-suggestion":["https:\/\/maadcenter.co\/wp-content\/uploads\/2024\/11\/microsoft-365-for-college-students-e1732191008803-64x44.jpg",64,44,true]},"uagb_author_info":{"display_name":"maadcenter.co","author_link":"https:\/\/maadcenter.co\/krd\/author\/"},"uagb_comment_info":0,"uagb_excerpt":"\u00a0Microsoft 365 Personal for College Students Use your college email address\u00a0to save on premium features and offline access for powerful productivity apps like Word, Excel, and PowerPoint, 1 TB of cloud storage, identity\u00a0and device protections, social media templates, and video editing software.","_links":{"self":[{"href":"https:\/\/maadcenter.co\/krd\/wp-json\/wp\/v2\/product\/17193","targetHints":{"allow":["GET"]}}],"collection":[{"href":"https:\/\/maadcenter.co\/krd\/wp-json\/wp\/v2\/product"}],"about":[{"href":"https:\/\/maadcenter.co\/krd\/wp-json\/wp\/v2\/types\/product"}],"replies":[{"embeddable":true,"href":"https:\/\/maadcenter.co\/krd\/wp-json\/wp\/v2\/comments?post=17193"}],"wp:featuredmedia":[{"embeddable":true,"href":"https:\/\/maadcenter.co\/krd\/wp-json\/wp\/v2\/media\/17194"}],"wp:attachment":[{"href":"https:\/\/maadcenter.co\/krd\/wp-json\/wp\/v2\/media?parent=17193"}],"wp:term":[{"taxonomy":"product_brand","embeddable":true,"href":"https:\/\/maadcenter.co\/krd\/wp-json\/wp\/v2\/product_brand?post=17193"},{"taxonomy":"product_cat","embeddable":true,"href":"https:\/\/maadcenter.co\/krd\/wp-json\/wp\/v2\/product_cat?post=17193"},{"taxonomy":"product_tag","embeddable":true,"href":"https:\/\/maadcenter.co\/krd\/wp-json\/wp\/v2\/product_tag?post=17193"}],"curies":[{"name":"wp","href":"https:\/\/api.w.org\/{rel}","templated":true}]}}