{"id":17664,"date":"2024-11-25T13:38:10","date_gmt":"2024-11-25T10:38:10","guid":{"rendered":"https:\/\/maadcenter.co\/?post_type=product&#038;p=17664"},"modified":"2025-08-11T20:00:46","modified_gmt":"2025-08-11T17:00:46","slug":"notebook-glow-notes","status":"publish","type":"product","link":"https:\/\/maadcenter.co\/krd\/shop-2\/notebooks\/cute-notebooks\/notebook-glow-notes\/","title":{"rendered":"Defter &quot;N\u00ee\u015fey\u00ean Ronah\u00ee&quot;"},"content":{"rendered":"<p data-start=\"64\" data-end=\"143\">\ud83d\udcd2 <strong data-start=\"67\" data-end=\"143\">\u062f\u06d5\u0641\u062a\u06d5\u0631 \u06cc\u0627\u062f\u0627\u0634\u062a\u06cc GIPTA \u2013 \u0642\u06d5\u0628\u0627\u0631\u06d5\u06cc A4\u060c \u06cc\u0627\u0633\u0627\u06cc\u06cc\u060c \u0628\u06d5\u0633\u062a\u0646\u06d5\u0648\u06d5\u06cc \u0644\u0648\u0648\u0644\u067e\u06ce\u0686\u060c 96 \u0644\u0627\u067e\u06d5\u0695\u06d5 | \u06af\u0648\u0646\u062c\u0627\u0648\u06d5 \u0628\u06c6 \u062a\u06d5\u0645\u06d5\u0646\u06cc 10 \u0628\u06c6 20 \u0633\u0627\u06b5 \u0648 \u0633\u06d5\u0631\u0648\u0648<\/strong><\/p>\n<p data-start=\"145\" data-end=\"423\">\u062f\u0631\u0648\u0633\u062a\u06a9\u0631\u062f\u0646\u06cc \u062f\u0627\u0646\u06cc\u0634\u062a\u0646\u06d5\u06a9\u0627\u0646\u06cc \u062e\u0648\u06ce\u0646\u062f\u0646\u060c \u0646\u0648\u0648\u0633\u06cc\u0646\u06cc \u062a\u06ce\u0628\u06cc\u0646\u06cc \u0648 \u0646\u0648\u0648\u0633\u06cc\u0646\u06cc \u062f\u0627\u0647\u06ce\u0646\u06d5\u0631\u0627\u0646\u06d5 \u0628\u06d5 \u0686\u06ce\u0698 \u0648\u06d5\u0631\u06af\u0631\u062a\u0646 \u0644\u06d5\u0645 \u062f\u06d5\u0641\u062a\u06d5\u0631 \u06cc\u0627\u062f\u0627\u0634\u062a\u06d5 \u0695\u06d5\u0646\u06af\u0627\u0648\u0695\u06d5\u0646\u06af \u0648 \u06a9\u0631\u062f\u0627\u0631\u06cc\u06cc\u06d5. <strong data-start=\"243\" data-end=\"261\">\u062f\u06d5\u0641\u062a\u06d5\u0631 \u06cc\u0627\u062f\u0627\u0634\u062a\u06cc GIPTA<\/strong>\u0626\u06d5\u0645 \u062f\u06d5\u0641\u062a\u06d5\u0631 \u06cc\u0627\u062f\u0627\u0634\u062a\u06d5 \u0628\u06c6 \u0642\u0648\u062a\u0627\u0628\u06cc\u0627\u0646 \u0648 \u06af\u06d5\u0646\u062c\u0627\u0646\u06cc \u062a\u06d5\u0645\u06d5\u0646 10 \u0628\u06c6 20 \u0633\u0627\u06b5 \u0648 \u0633\u06d5\u0631\u0648\u0648 \u062f\u06cc\u0632\u0627\u06cc\u0646 \u06a9\u0631\u0627\u0648\u06d5\u060c \u0628\u06d5\u06a9\u0627\u0631\u0647\u06ce\u0646\u0627\u0646\u06cc \u06a9\u0631\u062f\u0627\u0631\u06cc \u0644\u06d5\u06af\u06d5\u06b5 \u0695\u06d5\u0646\u06af\u06ce\u06a9 \u062a\u06ce\u06a9\u06d5\u06b5 \u062f\u06d5\u06a9\u0627\u062a \u06a9\u06d5 \u0647\u06d5\u0645\u0648\u0648 \u0695\u06c6\u0698\u06ce\u06a9 \u0628\u06d5 \u067e\u06d5\u0631\u06c6\u0634 \u0648 \u0631\u06ce\u06a9\u0648\u067e\u06ce\u06a9\u06cc \u062f\u06d5\u0647\u06ce\u06b5\u06ce\u062a\u06d5\u0648\u06d5.<\/p>\n<p data-start=\"425\" data-end=\"635\">\u0626\u06d5\u06af\u06d5\u0631 \u0644\u06d5 \u0648\u0627\u0646\u06d5\u06cc\u06d5\u06a9 \u062a\u06ce\u0628\u06cc\u0646\u06cc \u0628\u0646\u0648\u0648\u0633\u06cc\u062a\u060c \u0626\u06d5\u0631\u06a9 \u0626\u06d5\u0646\u062c\u0627\u0645 \u0628\u062f\u06d5\u06cc\u062a\u060c \u0628\u06cc\u0631\u06c6\u06a9\u06d5\u06a9\u0627\u0646\u062a \u0628\u0646\u0648\u0648\u0633\u06cc\u062a\u060c \u06cc\u0627\u0646 \u0646\u06d5\u062e\u0634\u06d5\u06cc \u067e\u0644\u0627\u0646\u06cc \u062f\u0627\u0647\u0627\u062a\u0648\u0648\u062a \u0628\u06a9\u06ce\u0634\u06cc\u062a\u060c \u0626\u06d5\u0645 \u062f\u06d5\u0641\u062a\u06d5\u0631 \u06cc\u0627\u062f\u0627\u0634\u062a\u06d5\u06cc A5 \u0626\u06d5\u0648 \u0628\u06c6\u0634\u0627\u06cc\u06cc \u0648 \u0646\u06d5\u0631\u0645\u06cc\u06d5\u062a \u067e\u06ce\u062f\u06d5\u0628\u06d5\u062e\u0634\u06ce\u062a \u06a9\u06d5 \u067e\u06ce\u0648\u06cc\u0633\u062a\u06d5 \u0628\u06c6 \u0626\u06d5\u0648\u06d5\u06cc \u06a9\u06c6\u0646\u062a\u0695\u06c6\u06b5\u06cc \u06a9\u0627\u0631\u06d5\u06a9\u06d5\u062a \u0628\u06a9\u06d5\u06cc\u062a.<\/p>\n<p data-start=\"637\" data-end=\"1181\">\u2728 <strong data-start=\"639\" data-end=\"656\">\u062a\u0627\u06cc\u0628\u06d5\u062a\u0645\u06d5\u0646\u062f\u06cc\u06cc\u06d5 \u0633\u06d5\u0631\u06d5\u06a9\u06cc\u06cc\u06d5\u06a9\u0627\u0646:<\/strong><br data-start=\"656\" data-end=\"659\" \/>\ud83d\udcdd 96 Lined Sheets \u2013 Clean, lined pages help keep your handwriting neat and your ideas structured. Perfect for notes, journaling, and assignments.<br data-start=\"805\" data-end=\"808\" \/>\u0642\u06d5\u0628\u0627\u0631\u06d5\u06cc A4 - \u0641\u0631\u0627\u0648\u0627\u0646 \u0648 \u0626\u0627\u0633\u0627\u0646 \u0628\u06c6 \u0647\u06d5\u06b5\u06af\u0631\u062a\u0646 \u060c \u06af\u0648\u0646\u062c\u0627\u0648\u06d5 \u0628\u06c6 \u067e\u06cc\u0627\u0633\u06d5\u06a9\u0631\u062f\u0646 \u0628\u06c6 \u0642\u0648\u062a\u0627\u0628\u062e\u0627\u0646\u06d5 \u06cc\u0627\u0646 \u0628\u06c6 \u0628\u06d5\u06a9\u0627\u0631\u0647\u06ce\u0646\u0627\u0646\u06cc \u06a9\u06d5\u0633\u06cc.<br data-start=\"886\" data-end=\"889\" \/>\ud83d\udd04 Spiral Binding \u2013 The strong spiral binding allows for smooth page turning and a flat writing surface\u2014great for both left- and right-handed users.<br data-start=\"1037\" data-end=\"1040\" \/>\ud83c\udf93 \u0644\u06d5 \u062a\u06d5\u0645\u06d5\u0646\u06cc 10 \u0628\u06c6 20 \u0633\u0627\u06b5 \u0648 \u0633\u06d5\u0631\u06d5\u0648\u06d5 - \u0628\u06c6 \u0642\u0648\u062a\u0627\u0628\u06cc\u0627\u0646\u060c \u06af\u06d5\u0646\u062c\u0627\u0646 \u0648 \u0647\u06d5\u0631\u0632\u06d5\u06a9\u0627\u0631\u06d5\u06a9\u0627\u0646 \u062f\u0631\u0648\u0633\u062a\u06a9\u0631\u0627\u0648\u06d5 \u06a9\u06d5 \u062d\u06d5\u0632\u06cc\u0627\u0646 \u0644\u06d5 \u062c\u0648\u0627\u0646\u06cc\u060c \u0631\u06ce\u06a9\u062e\u0633\u062a\u0646 \u0648 \u06a9\u0631\u062f\u0627\u0631\u06cc \u0644\u06d5 \u0626\u0627\u0645\u0631\u0627\u0632\u06d5\u06a9\u0627\u0646\u06cc \u0642\u0648\u062a\u0627\u0628\u062e\u0627\u0646\u06d5\u06a9\u06d5\u06cc\u0627\u0646\u06d5.<\/p>\n<p data-start=\"1183\" data-end=\"1410\">\u0628\u06d5\u0647\u06ce\u0632\u06d5\u060c \u0647\u06d5\u06b5\u06af\u0631\u062a\u0646\u06cc \u0626\u0627\u0633\u0627\u0646\u06d5\u060c \u0648 \u0695\u0648\u0627\u06b5\u06d5\u062a\u06ce\u06a9\u06cc \u0633\u06d5\u0631\u0646\u062c\u0695\u0627\u06a9\u06ce\u0634\u06cc \u0647\u06d5\u06cc\u06d5. <strong data-start=\"1235\" data-end=\"1253\">\u062f\u06d5\u0641\u062a\u06d5\u0631 \u06cc\u0627\u062f\u0627\u0634\u062a\u06cc GIPTA<\/strong> \u0646\u06d5\u06a9 \u062a\u06d5\u0646\u0647\u0627 \u0634\u0648\u06ce\u0646\u06ce\u06a9 \u0628\u06c6 \u0646\u0648\u0648\u0633\u06cc\u0646 \u0628\u06d5\u06b5\u06a9\u0648 \u0626\u0627\u0645\u0631\u0627\u0632\u06ce\u06a9\u06d5 \u0628\u06c6 \u0628\u06d5\u0631\u0647\u06d5\u0645\u0647\u06ce\u0646\u0627\u0646 \u0648 \u062f\u0627\u0647\u06ce\u0646\u0627\u0646. \u0644\u06d5\u06af\u06d5\u06b5 \u062e\u06c6\u062a \u0628\u06cc\u0628\u06d5 \u0628\u06c6 \u0642\u0648\u062a\u0627\u0628\u062e\u0627\u0646\u06d5\u060c \u062f\u0627\u0646\u06cc\u0634\u062a\u0646\u06d5\u06a9\u0627\u0646\u06cc \u062e\u0648\u06ce\u0646\u062f\u0646\u060c \u06cc\u0627\u0646 \u0647\u06d5\u0631 \u0634\u0648\u06ce\u0646\u06ce\u06a9 \u0626\u06cc\u0644\u0647\u0627\u0645 \u0628\u06ce\u062a!<\/p>","protected":false},"excerpt":{"rendered":"<p>\ud83d\udcd2 <strong data-start=\"57\" data-end=\"106\">\u062f\u06d5\u0641\u062a\u06d5\u0631 \u06cc\u0627\u062f\u0627\u0634\u062a\u06cc GIPTA - \u0642\u06d5\u0628\u0627\u0631\u06d5\u06cc A4\u060c \u06cc\u0627\u0633\u0627\u06cc\u06cc\u060c \u0628\u06d5\u0633\u062a\u0646\u06d5\u0648\u06d5\u06cc \u0644\u0648\u0648\u0644\u067e\u06ce\u0686\u060c 96 \u0644\u0627\u067e\u06d5\u0695\u06d5<\/strong><br data-start=\"106\" data-end=\"109\" \/>\u0644\u06d5 \u062a\u06d5\u0645\u06d5\u0646\u06cc 10 \u0628\u06c6 20 \u0633\u0627\u06b5 \u0648 \u0633\u06d5\u0631\u0648\u0648\u062a\u0631 \u062f\u06d5\u0695\u0648\u0627\u062a\u060c \u0626\u06d5\u0645 \u062f\u06d5\u0641\u062a\u06d5\u0631 \u06cc\u0627\u062f\u0627\u0634\u062a\u06d5 \u0695\u06d5\u0646\u06af\u0627\u0648\u0695\u06d5\u0646\u06af\u06d5 \u0642\u06d5\u0628\u0627\u0631\u06d5\u06cc A4 \u06cc\u06d5. <strong data-start=\"171\" data-end=\"190\">96 \u067e\u06d5\u0695\u06d5\u06cc \u0647\u06ce\u06b5\u062f\u0627\u0631<\/strong> . <strong data-start=\"197\" data-end=\"215\">gir\u00eadana spiral<\/strong> \u0628\u06c6 \u0646\u0648\u0648\u0633\u06cc\u0646\u06cc \u0646\u06d5\u0631\u0645 \u0648 \u0647\u06d5\u06b5\u06af\u06ce\u0695\u0627\u0646\u06d5\u0648\u06d5\u06cc \u0626\u0627\u0633\u0627\u0646\u06cc \u0644\u0627\u067e\u06d5\u0695\u06d5. \u062f\u06d5\u0695\u0648\u0627\u062a \u0628\u06c6 \u0642\u0648\u062a\u0627\u0628\u062e\u0627\u0646\u06d5\u060c \u062a\u06ce\u0628\u06cc\u0646\u06cc\u06d5\u06a9\u0627\u0646\u060c \u0648 \u062f\u0627\u0647\u06ce\u0646\u0627\u0646! \ud83d\udcdd<\/p>","protected":false},"featured_media":17668,"comment_status":"open","ping_status":"closed","template":"","meta":{"_uag_custom_page_level_css":"","site-sidebar-layout":"default","site-content-layout":"","ast-site-content-layout":"default","site-content-style":"default","site-sidebar-style":"default","ast-global-header-display":"","ast-banner-title-visibility":"","ast-main-header-display":"","ast-hfb-above-header-display":"","ast-hfb-below-header-display":"","ast-hfb-mobile-header-display":"","site-post-title":"","ast-breadcrumbs-content":"","ast-featured-img":"","footer-sml-layout":"","ast-disable-related-posts":"","theme-transparent-header-meta":"default","adv-header-id-meta":"","stick-header-meta":"","header-above-stick-meta":"","header-main-stick-meta":"","header-below-stick-meta":"","astra-migrate-meta-layouts":"set","ast-page-background-enabled":"default","ast-page-background-meta":{"desktop":{"background-color":"","background-image":"","background-repeat":"repeat","background-position":"center center","background-size":"auto","background-attachment":"scroll","background-type":"","background-media":"","overlay-type":"","overlay-color":"","overlay-opacity":"","overlay-gradient":""},"tablet":{"background-color":"","background-image":"","background-repeat":"repeat","background-position":"center center","background-size":"auto","background-attachment":"scroll","background-type":"","background-media":"","overlay-type":"","overlay-color":"","overlay-opacity":"","overlay-gradient":""},"mobile":{"background-color":"","background-image":"","background-repeat":"repeat","background-position":"center center","background-size":"auto","background-attachment":"scroll","background-type":"","background-media":"","overlay-type":"","overlay-color":"","overlay-opacity":"","overlay-gradient":""}},"ast-content-background-meta":{"desktop":{"background-color":"var(--ast-global-color-5)","background-image":"","background-repeat":"repeat","background-position":"center center","background-size":"auto","background-attachment":"scroll","background-type":"","background-media":"","overlay-type":"","overlay-color":"","overlay-opacity":"","overlay-gradient":""},"tablet":{"background-color":"var(--ast-global-color-5)","background-image":"","background-repeat":"repeat","background-position":"center center","background-size":"auto","background-attachment":"scroll","background-type":"","background-media":"","overlay-type":"","overlay-color":"","overlay-opacity":"","overlay-gradient":""},"mobile":{"background-color":"var(--ast-global-color-5)","background-image":"","background-repeat":"repeat","background-position":"center center","background-size":"auto","background-attachment":"scroll","background-type":"","background-media":"","overlay-type":"","overlay-color":"","overlay-opacity":"","overlay-gradient":""}}},"product_brand":[],"product_cat":[419,424,428,166,421,430,426,429,423,438],"product_tag":[437,434,436,432,433,442,443,439],"class_list":{"0":"post-17664","1":"product","2":"type-product","3":"status-publish","4":"has-post-thumbnail","6":"product_cat-notebooks","7":"product_cat-a4-notebook-size","8":"product_cat-boys-notebook","9":"product_cat-brand","10":"product_cat-cute-notebooks","11":"product_cat-gipta","12":"product_cat-kids-notebook","13":"product_cat-lined","14":"product_cat-spiral-notebook","15":"product_cat-teenager-notebooks","16":"product_tag-a4-notebooks","17":"product_tag-boys-notebooks","18":"product_tag-gipta","19":"product_tag-kids-notebooks","20":"product_tag-lined-notebook","21":"product_tag-notebooks","22":"product_tag-spiral-notebooks","23":"product_tag-teenager-notebooks","24":"pa_kind-cat","25":"pa_kind-greyhound","26":"pa_kind-hawk","27":"pa_kind-lion","28":"pa_kind-monkey","29":"pa_kind-owl","30":"pa_kind-pit-bull","31":"pa_kind-wolf","32":"pa_size-a4","33":"desktop-align-left","34":"tablet-align-center","35":"mobile-align-center","37":"first","38":"instock","39":"shipping-taxable","40":"purchasable","41":"product-type-variable","42":"has-default-attributes"},"uagb_featured_image_src":{"full":["https:\/\/maadcenter.co\/wp-content\/uploads\/2024\/11\/1000005068.jpg",1200,1400,false],"thumbnail":["https:\/\/maadcenter.co\/wp-content\/uploads\/2024\/11\/1000005068-150x150.jpg",150,150,true],"medium":["https:\/\/maadcenter.co\/wp-content\/uploads\/2024\/11\/1000005068-257x300.jpg",257,300,true],"medium_large":["https:\/\/maadcenter.co\/wp-content\/uploads\/2024\/11\/1000005068-768x896.jpg",768,896,true],"large":["https:\/\/maadcenter.co\/wp-content\/uploads\/2024\/11\/1000005068-878x1024.jpg",878,1024,true],"1536x1536":["https:\/\/maadcenter.co\/wp-content\/uploads\/2024\/11\/1000005068.jpg",1200,1400,false],"2048x2048":["https:\/\/maadcenter.co\/wp-content\/uploads\/2024\/11\/1000005068.jpg",1200,1400,false],"trp-custom-language-flag":["https:\/\/maadcenter.co\/wp-content\/uploads\/2024\/11\/1000005068-10x12.jpg",10,12,true],"depicter-thumbnail":["https:\/\/maadcenter.co\/wp-content\/uploads\/2024\/11\/1000005068-200x233.jpg",200,233,true],"woocommerce_thumbnail":["https:\/\/maadcenter.co\/wp-content\/uploads\/2024\/11\/1000005068-500x500.jpg",500,500,true],"woocommerce_single":["https:\/\/maadcenter.co\/wp-content\/uploads\/2024\/11\/1000005068-600x700.jpg",600,700,true],"woocommerce_gallery_thumbnail":["https:\/\/maadcenter.co\/wp-content\/uploads\/2024\/11\/1000005068-100x100.jpg",100,100,true],"variation_swatches_image_size":["https:\/\/maadcenter.co\/wp-content\/uploads\/2024\/11\/1000005068.jpg",43,50,false],"variation_swatches_tooltip_size":["https:\/\/maadcenter.co\/wp-content\/uploads\/2024\/11\/1000005068.jpg",86,100,false],"dgwt-wcas-product-suggestion":["https:\/\/maadcenter.co\/wp-content\/uploads\/2024\/11\/1000005068-64x75.jpg",64,75,true]},"uagb_author_info":{"display_name":"Online sales Agent","author_link":"https:\/\/maadcenter.co\/krd\/author\/"},"uagb_comment_info":0,"uagb_excerpt":"\ud83d\udcd2 GIPTA Notebook \u2013 A4, Lined, Spiral, 96 SheetsPerfect for ages 10 to 20+, this vibrant A4 notebook features 96 lined sheets and a spiral binding for smooth writing and easy flipping. Ideal for school, notes, and creativity! \ud83d\udcdd","_links":{"self":[{"href":"https:\/\/maadcenter.co\/krd\/wp-json\/wp\/v2\/product\/17664","targetHints":{"allow":["GET"]}}],"collection":[{"href":"https:\/\/maadcenter.co\/krd\/wp-json\/wp\/v2\/product"}],"about":[{"href":"https:\/\/maadcenter.co\/krd\/wp-json\/wp\/v2\/types\/product"}],"replies":[{"embeddable":true,"href":"https:\/\/maadcenter.co\/krd\/wp-json\/wp\/v2\/comments?post=17664"}],"wp:featuredmedia":[{"embeddable":true,"href":"https:\/\/maadcenter.co\/krd\/wp-json\/wp\/v2\/media\/17668"}],"wp:attachment":[{"href":"https:\/\/maadcenter.co\/krd\/wp-json\/wp\/v2\/media?parent=17664"}],"wp:term":[{"taxonomy":"product_brand","embeddable":true,"href":"https:\/\/maadcenter.co\/krd\/wp-json\/wp\/v2\/product_brand?post=17664"},{"taxonomy":"product_cat","embeddable":true,"href":"https:\/\/maadcenter.co\/krd\/wp-json\/wp\/v2\/product_cat?post=17664"},{"taxonomy":"product_tag","embeddable":true,"href":"https:\/\/maadcenter.co\/krd\/wp-json\/wp\/v2\/product_tag?post=17664"}],"curies":[{"name":"wp","href":"https:\/\/api.w.org\/{rel}","templated":true}]}}