{"id":21562,"date":"2025-01-20T10:06:15","date_gmt":"2025-01-20T07:06:15","guid":{"rendered":"https:\/\/maadcenter.co\/?post_type=product&#038;p=21562"},"modified":"2025-08-11T22:09:57","modified_gmt":"2025-08-11T19:09:57","slug":"music-book","status":"publish","type":"product","link":"https:\/\/maadcenter.co\/krd\/shop-2\/notebooks\/a5-notebook-size\/music-book\/","title":{"rendered":"PIRT\u00dbKA MUZ\u00ceK\u00ca"},"content":{"rendered":"<p data-start=\"64\" data-end=\"108\">\ud83c\udfb5 <strong data-start=\"67\" data-end=\"106\">\u062f\u06d5\u0641\u062a\u06d5\u0631\u06cc \u0645\u0648\u0648\u0632\u06cc\u06a9 \u2013 \u0642\u06d5\u0628\u0627\u0631\u06d5\u06cc B5\u060c 18 \u0634\u06cc\u062a<\/strong><\/p>\n<p data-start=\"110\" data-end=\"392\">\u062f\u06d5\u0641\u062a\u06d5\u0631 \u06cc\u0627\u062f\u0627\u0634\u062a\u06cc \u0645\u06c6\u0633\u06cc\u0642\u0627 \u0628\u06d5 \u062a\u0627\u06cc\u0628\u06d5\u062a\u06cc \u0628\u06c6 \u0645\u06c6\u0633\u06cc\u0642\u0627\u0698\u06d5\u0646\u0627\u0646\u06cc \u0633\u06d5\u0631\u06d5\u062a\u0627\u06cc\u06cc \u0648 \u0626\u0627\u0648\u0627\u0632\u062f\u0627\u0646\u06d5\u0631\u0627\u0646 \u0648 \u0642\u0648\u062a\u0627\u0628\u06cc\u0627\u0646\u06cc \u0645\u06c6\u0633\u06cc\u0642\u0627 \u062f\u06cc\u0632\u0627\u06cc\u0646 \u06a9\u0631\u0627\u0648\u06d5\u060c \u062f\u06d5\u0641\u062a\u06d5\u0631 \u06cc\u0627\u062f\u0627\u0634\u062a\u06cc \u0645\u06c6\u0633\u06cc\u0642\u0627 \u0628\u06c6\u0634\u0627\u06cc\u06cc\u06d5\u06a9\u06cc \u067e\u0631\u0627\u06a9\u062a\u06cc\u06a9\u06cc \u0628\u06c6 \u0646\u0648\u0648\u0633\u06cc\u0646\u060c \u0626\u0627\u0648\u0627\u0632\u062f\u0627\u0646\u0627\u0646 \u0648 \u0695\u06ce\u06a9\u062e\u0633\u062a\u0646\u06cc \u0628\u06cc\u0631\u06c6\u06a9\u06d5 \u0645\u06c6\u0633\u06cc\u0642\u06cc\u06cc\u06d5\u06a9\u0627\u0646\u062a \u062f\u0627\u0628\u06cc\u0646 \u062f\u06d5\u06a9\u0627\u062a. \u062f\u06cc\u0632\u0627\u06cc\u0646\u06cc \u06af\u0648\u0646\u062c\u0627\u0648\u06d5 ... <strong data-start=\"290\" data-end=\"301\">B5\u0642\u06cc\u0627\u0633<\/strong> \u062f\u0627\u0628\u06d5\u0632\u0627\u0646\u062f\u0646\u06cc \u0626\u0627\u0633\u0627\u0646 \u062f\u06d5\u06a9\u0627\u062a \u062a\u0627 \u0628\u062a\u0648\u0627\u0646\u06cc\u062a \u0647\u06d5\u06b5\u06cc\u0628\u06af\u0631\u06cc\u062a \u0628\u06c6 \u0648\u0627\u0646\u06d5\u06a9\u0627\u0646\u060c \u0695\u0627\u0647\u06ce\u0646\u0627\u0646\u06d5\u06a9\u0627\u0646\u060c \u06cc\u0627\u0646 \u0647\u06d5\u0631 \u0634\u0648\u06ce\u0646\u06ce\u06a9 \u0626\u06cc\u0644\u0647\u0627\u0645\u062a \u0628\u06c6 \u062f\u06ce\u062a.<\/p>\n<p data-start=\"394\" data-end=\"689\">\u0644\u06d5\u06af\u06d5\u06b5 <strong data-start=\"399\" data-end=\"425\">18 \u06a9\u0627\u063a\u06d5\u0632\u06cc \u06a9\u0648\u0627\u0644\u06ce\u062a\u06cc \u0628\u06d5\u0631\u0632<\/strong>\u0626\u06d5\u0645 \u062f\u06d5\u0641\u062a\u06d5\u0631 \u06cc\u0627\u062f\u0627\u0634\u062a\u06d5 \u0628\u06c6\u0634\u0627\u06cc\u06cc \u062a\u06d5\u0648\u0627\u0648\u062a \u067e\u06ce\u062f\u06d5\u0628\u06d5\u062e\u0634\u06ce\u062a \u0628\u06c6 \u0646\u0648\u0648\u0633\u06cc\u0646\u06cc \u0626\u0627\u0648\u0627\u0632\u060c \u0647\u06c6\u0646\u0631\u0627\u0648\u06d5\u060c \u06a9\u06c6\u0631\u062f\u060c \u06cc\u0627\u0646 \u0646\u06c6\u062a\u06d5\u06cc \u0645\u06c6\u0633\u06cc\u0642\u06cc \u0628\u06d5\u0628\u06ce \u0626\u06d5\u0648\u06d5\u06cc \u0642\u0648\u0631\u0633 \u0628\u06ce\u062a. \u0626\u06d5\u06af\u06d5\u0631 \u062a\u06c6 \u0695\u0627\u0647\u06ce\u0646\u0627\u0646 \u0644\u06d5\u0633\u06d5\u0631 \u067e\u06ce\u0648\u06d5\u0631 \u0628\u06a9\u06d5\u06cc\u062a\u060c \u06af\u06c6\u0631\u0627\u0646\u06cc\u06d5\u06a9\u06cc \u0646\u0648\u06ce \u0628\u0646\u0648\u0648\u0633\u06cc\u062a\u060c \u06cc\u0627\u0646 \u062a\u06d5\u0646\u0647\u0627 \u062f\u0648\u0627\u06cc \u0648\u0627\u0646\u06d5\u06cc \u062a\u06cc\u06c6\u0631\u06cc \u0645\u06c6\u0633\u06cc\u0642\u0627 \u0628\u06a9\u06d5\u0648\u06cc\u062a\u060c \u0626\u06d5\u0645 \u062f\u06d5\u0641\u062a\u06d5\u0631 \u06cc\u0627\u062f\u0627\u0634\u062a\u06d5 \u06cc\u0627\u0648\u06d5\u0631\u06ce\u06a9\u06cc \u06a9\u0631\u062f\u0627\u0631\u06cc\u06cc\u06d5.<\/p>\n<p data-start=\"691\" data-end=\"834\">\u06af\u0648\u0646\u062c\u0627\u0648\u06d5 \u0628\u06c6 \u0647\u06d5\u0645\u0648\u0648 \u062e\u0648\u06ce\u0646\u062f\u06a9\u0627\u0631\u0627\u0646\u06cc \u0645\u06c6\u0633\u06cc\u0642\u0627 \u0644\u06d5 \u0647\u06d5\u0645\u0648\u0648 \u062a\u06d5\u0645\u06d5\u0646 \u0648 \u0626\u0627\u0633\u062a\u06d5\u06a9\u0627\u0646\u062f\u0627\u060c \u067e\u06ce\u0648\u06cc\u0633\u062a\u06d5 \u0628\u06c6 \u0647\u06d5\u0631 \u06a9\u06d5\u0633\u06ce\u06a9 \u06a9\u06d5 \u062d\u06d5\u0632\u06cc \u0644\u06d5 \u0645\u06c6\u0633\u06cc\u0642\u0627 \u0628\u06ce\u062a \u0648 \u062f\u06d5\u06cc\u06d5\u0648\u06ce\u062a \u062f\u0627\u0647\u06ce\u0646\u0627\u0646\u06d5\u06a9\u06d5\u06cc \u0628\u06d5\u0631\u062f\u06d5\u0648\u0627\u0645 \u0628\u06ce\u062a.<\/p>","protected":false},"excerpt":{"rendered":"<p>\ud83c\udfb5 <strong data-start=\"60\" data-end=\"94\">\u062f\u06d5\u0641\u062a\u06d5\u0631\u06cc \u0645\u0648\u0648\u0632\u06cc\u06a9 \u2013 \u0642\u06d5\u0628\u0627\u0631\u06d5\u06cc B5\u060c 18 \u0634\u06cc\u062a<\/strong><br data-start=\"94\" data-end=\"97\" \/>\u0632\u06c6\u0631 \u0628\u0627\u0634\u06d5 \u0628\u06c6 \u0626\u06d5\u0648\u0627\u0646\u06d5\u06cc \u062d\u06d5\u0632\u06cc\u0627\u0646 \u0644\u06d5 \u0645\u06c6\u0633\u06cc\u0642\u0627\u06cc\u06d5! \u0626\u06d5\u0645 \u062f\u06d5\u0641\u062a\u06d5\u0631 \u06cc\u0627\u062f\u0627\u0634\u062a\u06d5\u06cc B5 18 \u0644\u0627\u067e\u06d5\u0695\u06d5\u06cc \u0647\u06d5\u06cc\u06d5\u060c \u06af\u0648\u0646\u062c\u0627\u0648\u06d5 \u0628\u06c6 \u0626\u0627\u0648\u0627\u0632\u062f\u0627\u0646\u0627\u0646\u060c \u0646\u0648\u0648\u0633\u06cc\u0646\u06cc \u0647\u06c6\u0646\u0631\u0627\u0648\u06d5\u06cc \u06af\u06c6\u0631\u0627\u0646\u06cc\u060c \u06cc\u0627\u0646 \u0695\u0627\u0647\u06ce\u0646\u0627\u0646\u06cc \u0646\u06c6\u062a.<\/p>","protected":false},"featured_media":21566,"comment_status":"open","ping_status":"closed","template":"","meta":{"_uag_custom_page_level_css":"","site-sidebar-layout":"default","site-content-layout":"","ast-site-content-layout":"default","site-content-style":"default","site-sidebar-style":"default","ast-global-header-display":"","ast-banner-title-visibility":"","ast-main-header-display":"","ast-hfb-above-header-display":"","ast-hfb-below-header-display":"","ast-hfb-mobile-header-display":"","site-post-title":"","ast-breadcrumbs-content":"","ast-featured-img":"","footer-sml-layout":"","ast-disable-related-posts":"","theme-transparent-header-meta":"default","adv-header-id-meta":"","stick-header-meta":"","header-above-stick-meta":"","header-main-stick-meta":"","header-below-stick-meta":"","astra-migrate-meta-layouts":"set","ast-page-background-enabled":"default","ast-page-background-meta":{"desktop":{"background-color":"","background-image":"","background-repeat":"repeat","background-position":"center center","background-size":"auto","background-attachment":"scroll","background-type":"","background-media":"","overlay-type":"","overlay-color":"","overlay-opacity":"","overlay-gradient":""},"tablet":{"background-color":"","background-image":"","background-repeat":"repeat","background-position":"center center","background-size":"auto","background-attachment":"scroll","background-type":"","background-media":"","overlay-type":"","overlay-color":"","overlay-opacity":"","overlay-gradient":""},"mobile":{"background-color":"","background-image":"","background-repeat":"repeat","background-position":"center center","background-size":"auto","background-attachment":"scroll","background-type":"","background-media":"","overlay-type":"","overlay-color":"","overlay-opacity":"","overlay-gradient":""}},"ast-content-background-meta":{"desktop":{"background-color":"var(--ast-global-color-5)","background-image":"","background-repeat":"repeat","background-position":"center center","background-size":"auto","background-attachment":"scroll","background-type":"","background-media":"","overlay-type":"","overlay-color":"","overlay-opacity":"","overlay-gradient":""},"tablet":{"background-color":"var(--ast-global-color-5)","background-image":"","background-repeat":"repeat","background-position":"center center","background-size":"auto","background-attachment":"scroll","background-type":"","background-media":"","overlay-type":"","overlay-color":"","overlay-opacity":"","overlay-gradient":""},"mobile":{"background-color":"var(--ast-global-color-5)","background-image":"","background-repeat":"repeat","background-position":"center center","background-size":"auto","background-attachment":"scroll","background-type":"","background-media":"","overlay-type":"","overlay-color":"","overlay-opacity":"","overlay-gradient":""}}},"product_brand":[],"product_cat":[419,425,484,490,489,491],"product_tag":[485,488,487,486],"class_list":{"0":"post-21562","1":"product","2":"type-product","3":"status-publish","4":"has-post-thumbnail","6":"product_cat-notebooks","7":"product_cat-a5-notebook-size","8":"product_cat-music-notebook","9":"product_cat-music-notebook-for-boys","10":"product_cat-music-notebook-for-girls","11":"product_cat-music-notebook-for-teenager","12":"product_tag-music-notebook","13":"product_tag-music-notebook-for-boys","14":"product_tag-music-notebook-for-girls","15":"product_tag-music-notebook-for-kids","16":"pa_color-black","17":"pa_color-blue","18":"pa_color-pink","19":"pa_size-b5-17-6x25cm","20":"desktop-align-left","21":"tablet-align-center","22":"mobile-align-center","24":"first","25":"instock","26":"shipping-taxable","27":"purchasable","28":"product-type-variable","29":"has-default-attributes"},"uagb_featured_image_src":{"full":["https:\/\/maadcenter.co\/wp-content\/uploads\/2025\/01\/1000011560.jpg",1200,1400,false],"thumbnail":["https:\/\/maadcenter.co\/wp-content\/uploads\/2025\/01\/1000011560-150x150.jpg",150,150,true],"medium":["https:\/\/maadcenter.co\/wp-content\/uploads\/2025\/01\/1000011560-257x300.jpg",257,300,true],"medium_large":["https:\/\/maadcenter.co\/wp-content\/uploads\/2025\/01\/1000011560-768x896.jpg",768,896,true],"large":["https:\/\/maadcenter.co\/wp-content\/uploads\/2025\/01\/1000011560-878x1024.jpg",878,1024,true],"1536x1536":["https:\/\/maadcenter.co\/wp-content\/uploads\/2025\/01\/1000011560.jpg",1200,1400,false],"2048x2048":["https:\/\/maadcenter.co\/wp-content\/uploads\/2025\/01\/1000011560.jpg",1200,1400,false],"trp-custom-language-flag":["https:\/\/maadcenter.co\/wp-content\/uploads\/2025\/01\/1000011560-10x12.jpg",10,12,true],"depicter-thumbnail":["https:\/\/maadcenter.co\/wp-content\/uploads\/2025\/01\/1000011560-200x233.jpg",200,233,true],"woocommerce_thumbnail":["https:\/\/maadcenter.co\/wp-content\/uploads\/2025\/01\/1000011560-500x500.jpg",500,500,true],"woocommerce_single":["https:\/\/maadcenter.co\/wp-content\/uploads\/2025\/01\/1000011560-600x700.jpg",600,700,true],"woocommerce_gallery_thumbnail":["https:\/\/maadcenter.co\/wp-content\/uploads\/2025\/01\/1000011560-100x100.jpg",100,100,true],"variation_swatches_image_size":["https:\/\/maadcenter.co\/wp-content\/uploads\/2025\/01\/1000011560.jpg",43,50,false],"variation_swatches_tooltip_size":["https:\/\/maadcenter.co\/wp-content\/uploads\/2025\/01\/1000011560.jpg",86,100,false],"dgwt-wcas-product-suggestion":["https:\/\/maadcenter.co\/wp-content\/uploads\/2025\/01\/1000011560-64x75.jpg",64,75,true]},"uagb_author_info":{"display_name":"Online sales Agent","author_link":"https:\/\/maadcenter.co\/krd\/author\/"},"uagb_comment_info":0,"uagb_excerpt":"\ud83c\udfb5 Music Notebook \u2013 B5, 18 SheetsPerfect for music lovers! This B5-sized notebook with 18 sheets is ideal for composing, jotting down lyrics, or practicing notes.","_links":{"self":[{"href":"https:\/\/maadcenter.co\/krd\/wp-json\/wp\/v2\/product\/21562","targetHints":{"allow":["GET"]}}],"collection":[{"href":"https:\/\/maadcenter.co\/krd\/wp-json\/wp\/v2\/product"}],"about":[{"href":"https:\/\/maadcenter.co\/krd\/wp-json\/wp\/v2\/types\/product"}],"replies":[{"embeddable":true,"href":"https:\/\/maadcenter.co\/krd\/wp-json\/wp\/v2\/comments?post=21562"}],"wp:featuredmedia":[{"embeddable":true,"href":"https:\/\/maadcenter.co\/krd\/wp-json\/wp\/v2\/media\/21566"}],"wp:attachment":[{"href":"https:\/\/maadcenter.co\/krd\/wp-json\/wp\/v2\/media?parent=21562"}],"wp:term":[{"taxonomy":"product_brand","embeddable":true,"href":"https:\/\/maadcenter.co\/krd\/wp-json\/wp\/v2\/product_brand?post=21562"},{"taxonomy":"product_cat","embeddable":true,"href":"https:\/\/maadcenter.co\/krd\/wp-json\/wp\/v2\/product_cat?post=21562"},{"taxonomy":"product_tag","embeddable":true,"href":"https:\/\/maadcenter.co\/krd\/wp-json\/wp\/v2\/product_tag?post=21562"}],"curies":[{"name":"wp","href":"https:\/\/api.w.org\/{rel}","templated":true}]}}