{"id":31169,"date":"2025-08-04T17:36:33","date_gmt":"2025-08-04T14:36:33","guid":{"rendered":"https:\/\/maadcenter.co\/?post_type=product&#038;p=31169"},"modified":"2025-08-04T17:36:34","modified_gmt":"2025-08-04T14:36:34","slug":"bishe-school-backpack-for-girls-boys-5","status":"publish","type":"product","link":"https:\/\/maadcenter.co\/krd\/shop-2\/brand\/bishe\/bishe-school-backpack-for-girls-boys-5\/","title":{"rendered":"BISHE \u2013 \u062c\u0627\u0646\u062a\u0627\u06cc \u067e\u0634\u062a\u06cc \u0642\u0648\u062a\u0627\u0628\u062e\u0627\u0646\u06d5 \u0628\u06c6 \u06a9\u0686\u0627\u0646 \u0648 \u06a9\u0648\u0695\u0627\u0646"},"content":{"rendered":"<p data-start=\"0\" data-end=\"76\">\ud83c\udf92 <strong data-start=\"3\" data-end=\"76\">\u00c7enteya pi\u015ft\u00ea ya du-\u015f\u00eawaz\u00ee ya 40\u00d732\u00d714cm ji bo ciwanan \u00fb mezinan (temen 13\u201325+ sal\u00ee)<\/strong><\/p>\n<p data-start=\"78\" data-end=\"298\">Bi v\u00ea \u00e7enteya pi\u015ft\u00ea ya 2-di-1\u00ea ya piral\u00ee, ku hem wek\u00ee \u00e7entey\u00ea pi\u015ft\u00ea \u00fb hem j\u00ee wek\u00ee \u00e7entey\u00ea destan t\u00ea bikar an\u00een, \u015f\u00eawaz \u00fb r\u00eak\u00fbp\u00eak bim\u00eenin. Bi hundir\u00ea xwe y\u00ea fireh \u00fb s\u00eawirana xwe ya j\u00eer, ji bo dibistan, zan\u00eengeh, r\u00eaw\u00eet\u00ee an kar\u00ean rojane b\u00eak\u00eamas\u00ee ye.<\/p>\n<p data-start=\"300\" data-end=\"600\">\u0626\u06d5\u0645 \u062c\u0627\u0646\u062a\u0627\u06cc\u06d5 \u0644\u06d5 \u0642\u0648\u0645\u0627\u0634\u06cc \u067e\u06c6\u0644\u06cc\u0633\u062a\u06d5\u0631\u06cc \u06af\u0631\u0627\u0646\u0628\u06d5\u0647\u0627 \u062f\u0631\u0648\u0633\u062a\u06a9\u0631\u0627\u0648\u06d5\u060c \u06a9\u06ce\u0634\u06cc \u0633\u0648\u0648\u06a9\u060c \u062e\u06c6\u0695\u0627\u06af\u0631 \u0648 \u0628\u06d5\u0631\u06af\u0631\u06cc \u0644\u06d5 \u0626\u0627\u0648 \u062f\u06d5\u06a9\u0627\u062a \u0648 \u0628\u06c6 \u0647\u06d5\u0645\u0648\u0648 \u067e\u06ce\u062f\u0627\u0648\u06cc\u0633\u062a\u06cc\u06cc\u06d5\u06a9\u0627\u0646\u06cc \u0695\u06c6\u0698\u0627\u0646\u06d5\u062a \u06af\u0648\u0646\u062c\u0627\u0648\u06d5. \u0632\u0646\u062c\u06cc\u0631\u06cc \u0644\u0648\u0648\u0633 \u062f\u06d5\u0633\u062a\u06af\u06d5\u06cc\u0634\u062a\u0646 \u0628\u06d5 \u06a9\u06d5\u0644\u0648\u067e\u06d5\u0644\u06d5\u06a9\u0627\u0646\u062a \u0626\u0627\u0633\u0627\u0646 \u0648 \u067e\u0627\u0631\u06ce\u0632\u0631\u0627\u0648 \u062f\u06d5\u06a9\u0627\u062a. \u0647\u06d5\u0631\u0648\u06d5\u0647\u0627 \u06af\u06cc\u0631\u0641\u0627\u0646\u06ce\u06a9\u06cc \u062a\u06d5\u0646\u06cc\u0634\u062a\u06cc \u0628\u06c6 \u0628\u0648\u062a\u06b5\u06ce\u06a9 \u0647\u06d5\u06cc\u06d5 \u0628\u06c6 \u0626\u0627\u0633\u0627\u0646\u06a9\u0627\u0631\u06cc \u0632\u06cc\u0627\u062a\u0631.<\/p>\n<p data-start=\"602\" data-end=\"826\">\u0642\u06c6\u06b5\u06cc \u0644\u0627\u067e\u062a\u06c6\u067e\u06cc \u067e\u0627\u062f\u06a9\u0631\u0627\u0648 \u0626\u0627\u0645\u06ce\u0631\u06d5\u06a9\u06d5\u062a \u062f\u06d5\u067e\u0627\u0631\u06ce\u0632\u06ce\u062a\u060c \u062f\u06cc\u0632\u0627\u06cc\u0646\u06d5 \u0626\u06d5\u0631\u06af\u0648\u0646\u06c6\u0645\u06cc\u06cc\u06d5\u06a9\u06d5\u06cc \u0648\u0627 \u062f\u06d5\u06a9\u0627\u062a \u0626\u0627\u0633\u0648\u0648\u062f\u06d5 \u0628\u06ce\u062a \u062c\u0627 \u0644\u06d5\u0633\u06d5\u0631 \u067e\u0634\u062a\u062a \u0644\u06d5\u0628\u06d5\u0631\u06cc \u0628\u06a9\u06d5\u06cc\u062a \u06cc\u0627\u0646 \u0644\u06d5 \u062f\u06d5\u0633\u062a\u062a\u062f\u0627. \u062a\u06ce\u06a9\u06d5\u06b5\u06d5\u06cc\u06d5\u06a9\u06cc \u062a\u06d5\u0648\u0627\u0648 \u0644\u06d5 \u06a9\u0627\u0631\u0627\u06cc\u06cc \u0648 \u0633\u062a\u0627\u06cc\u0644 \u0628\u06c6 \u0647\u06d5\u0631\u0632\u06d5\u06a9\u0627\u0631\u0627\u0646\u06cc \u0633\u06d5\u0631\u0642\u0627\u06b5\u06cc \u0648 \u06af\u06d5\u0646\u062c\u0627\u0646\u06cc \u067e\u06ce\u06af\u06d5\u06cc\u0634\u062a\u0648\u0648.<\/p>\n<p data-start=\"828\" data-end=\"845\"><strong data-start=\"828\" data-end=\"845\">\u062a\u0627\u06cc\u0628\u06d5\u062a\u0645\u06d5\u0646\u062f\u06cc\u06cc\u06d5 \u0633\u06d5\u0631\u06d5\u06a9\u06cc\u06cc\u06d5\u06a9\u0627\u0646:<\/strong><\/p>\n<ul data-start=\"846\" data-end=\"1073\">\n<li data-start=\"846\" data-end=\"867\">\n<p data-start=\"848\" data-end=\"867\">\u0642\u06d5\u0628\u0627\u0631\u06d5: \u0664\u0660\u00d7\u0663\u0662\u00d7\u0661\u0664 \u0633\u0645<\/p>\n<\/li>\n<li data-start=\"868\" data-end=\"902\">\n<p data-start=\"870\" data-end=\"902\">2\u00d71 \u0628\u06d5\u06a9\u0627\u0631\u0628\u06ce\u0646\u06d5: \u062c\u0627\u0646\u062a\u0627\u06cc \u067e\u0634\u062a\u06cc \u0648 \u062c\u0627\u0646\u062a\u0627\u06cc \u0634\u0627\u0646<\/p>\n<\/li>\n<li data-start=\"903\" data-end=\"931\">\n<p data-start=\"905\" data-end=\"931\">\u0642\u0648\u0645\u0627\u0634\u06cc \u067e\u06c6\u0644\u06cc\u0633\u062a\u06d5\u0631\u06cc \u067e\u0631\u06cc\u0645\u06cc\u06c6\u0645<\/p>\n<\/li>\n<li data-start=\"932\" data-end=\"957\">\n<p data-start=\"934\" data-end=\"957\">\u0632\u0646\u062c\u06cc\u0631\u06d5\u06a9\u06d5\u06cc \u0628\u06d5 \u0626\u0627\u0633\u0627\u0646\u06cc \u062f\u0627\u062f\u06d5\u062e\u0631\u06ce\u062a<\/p>\n<\/li>\n<li data-start=\"958\" data-end=\"991\">\n<p data-start=\"960\" data-end=\"991\">\u062c\u0627\u0646\u062a\u0627\u06cc \u0628\u062a\u06b5\u06d5\u06a9\u06d5 \u0648 \u0698\u0648\u0648\u0631\u06cc \u0644\u0627\u067e\u062a\u06c6\u067e\u06d5\u06a9\u06d5<\/p>\n<\/li>\n<li data-start=\"992\" data-end=\"1020\">\n<p data-start=\"994\" data-end=\"1020\">\u06af\u0648\u0646\u062c\u0627\u0648\u06d5 \u0628\u06c6 \u062a\u06d5\u0645\u06d5\u0646\u06cc 13 \u062a\u0627 25 \u0633\u0627\u06b5 \u0648 \u0633\u06d5\u0631\u0648\u0648\u062a\u0631<\/p>\n<\/li>\n<li data-start=\"1021\" data-end=\"1073\">\n<p data-start=\"1023\" data-end=\"1073\">\u0632\u06c6\u0631 \u0628\u0627\u0634\u06d5 \u0628\u06c6 \u0642\u0648\u062a\u0627\u0628\u062e\u0627\u0646\u06d5\u060c \u06a9\u06c6\u0644\u06ce\u0698\u060c \u0645\u06d5\u0628\u06d5\u0633\u062a\u06cc \u0695\u06c6\u0698\u0627\u0646\u06d5\u060c \u0648 \u06af\u06d5\u0634\u062a.<\/p>\n<\/li>\n<\/ul>\n<p data-start=\"1075\" data-end=\"1149\" data-is-last-node=\"\" data-is-only-node=\"\">\u0632\u06cc\u0631\u06d5\u06a9\u060c \u06a9\u0631\u062f\u0627\u0631\u06cc\u060c \u0648 \u0645\u06c6\u062f\u06ce\u0631\u0646\u2014\u062c\u0627\u0646\u062a\u0627\u06cc \u062f\u06b5\u062e\u0648\u0627\u0632\u062a \u0628\u06c6 \u0647\u06d5\u0645\u0648\u0648 \u0633\u06d5\u0631\u06a9\u06ce\u0634\u06cc\u06cc\u06d5\u06a9\u0627\u0646\u06cc \u0695\u06c6\u0698\u0627\u0646\u06d5\u062a!<\/p>","protected":false},"excerpt":{"rendered":"<p data-start=\"0\" data-end=\"49\">\ud83c\udf92 <strong data-start=\"3\" data-end=\"49\">\u062c\u0627\u0646\u062a\u0627\u06cc \u067e\u0634\u062a\u06cc 2\u00d71 \u0628\u06d5 \u0642\u06d5\u0628\u0627\u0631\u06d5\u06cc 40\u00d732\u00d714 \u0633\u0627\u0646\u062a\u06cc\u0645\u06d5\u062a\u0631\u060c \u06af\u0648\u0646\u062c\u0627\u0648\u06d5 \u0628\u06c6 \u062a\u06d5\u0645\u06d5\u0646\u06cc 13 \u0628\u06c6 25 \u0633\u0627\u06b5 \u0648 \u0633\u06d5\u0631\u0648\u0648.<\/strong><\/p>\n<p data-start=\"51\" data-end=\"316\" data-is-last-node=\"\" data-is-only-node=\"\">\u06d5\u0645 \u062c\u0627\u0646\u062a\u0627\u06cc\u06d5 \u0634\u06cc\u06a9\u06d5 \u062f\u06d5\u062a\u0648\u0627\u0646\u0631\u06ce\u062a \u0648\u06d5\u06a9 \u062c\u0627\u0646\u062a\u0627\u06cc \u067e\u0634\u062a\u06d5\u0648\u06d5 \u06cc\u0627\u0646 \u062c\u0627\u0646\u062a\u0627\u06cc \u0634\u0627\u0646 \u0628\u06d5\u06a9\u0627\u0631\u0628\u0647\u06ce\u0646\u0631\u06ce\u062a\u060c \u0626\u06d5\u0645\u06d5\u0634 \u0648\u0627\u06cc\u06a9\u0631\u062f\u0648\u0648\u06d5 \u06a9\u06d5 \u062a\u06d5\u0648\u0627\u0648 \u06af\u0648\u0646\u062c\u0627\u0648 \u0628\u06ce\u062a \u0628\u06c6 \u0642\u0648\u062a\u0627\u0628\u062e\u0627\u0646\u06d5 \u0648 \u06a9\u06c6\u0644\u06ce\u0698 \u0648 \u0633\u06d5\u0641\u06d5\u0631\u06a9\u0631\u062f\u0646 \u0648 \u0628\u06d5\u06a9\u0627\u0631\u0647\u06ce\u0646\u0627\u0646\u06cc \u0695\u06c6\u0698\u0627\u0646\u06d5. \u0644\u06d5 \u067e\u06c6\u0644\u06cc\u0633\u062a\u06d5\u0631\u06cc \u067e\u0631\u06cc\u0645\u06cc\u06c6\u0645 \u062f\u0631\u0648\u0633\u062a\u06a9\u0631\u0627\u0648\u06d5\u060c \u0632\u06cc\u067e\u06ce\u06a9\u06cc \u0646\u06d5\u0631\u0645 \u0648 \u06af\u06cc\u0631\u0641\u0627\u0646\u06cc \u0634\u0648\u0648\u0634\u06d5 \u0648 \u0698\u0648\u0648\u0631\u06ce\u06a9\u06cc \u0644\u0627\u067e\u062a\u06c6\u067e\u06cc \u067e\u0627\u062f\u06a9\u0631\u0627\u0648\u06cc \u0647\u06d5\u06cc\u06d5. \u06a9\u06ce\u0634\u06cc \u0633\u0648\u0648\u06a9\u06d5 \u0648 \u0628\u06d5\u0647\u06ce\u0632\u06d5 \u0648 \u0626\u0627\u0633\u0648\u0648\u062f\u06d5\u06cc\u06d5 \u0628\u06c6 \u06a9\u0627\u062a\u06ce\u06a9 \u06a9\u06d5 \u0644\u06d5 \u0695\u06c6\u0634\u062a\u0646\u062f\u0627\u06cc\u062a.<\/p>","protected":false},"featured_media":31170,"comment_status":"open","ping_status":"closed","template":"","meta":{"_uag_custom_page_level_css":"","site-sidebar-layout":"default","site-content-layout":"","ast-site-content-layout":"default","site-content-style":"default","site-sidebar-style":"default","ast-global-header-display":"","ast-banner-title-visibility":"","ast-main-header-display":"","ast-hfb-above-header-display":"","ast-hfb-below-header-display":"","ast-hfb-mobile-header-display":"","site-post-title":"","ast-breadcrumbs-content":"","ast-featured-img":"","footer-sml-layout":"","ast-disable-related-posts":"","theme-transparent-header-meta":"default","adv-header-id-meta":"","stick-header-meta":"","header-above-stick-meta":"","header-main-stick-meta":"","header-below-stick-meta":"","astra-migrate-meta-layouts":"set","ast-page-background-enabled":"default","ast-page-background-meta":{"desktop":{"background-color":"","background-image":"","background-repeat":"repeat","background-position":"center center","background-size":"auto","background-attachment":"scroll","background-type":"","background-media":"","overlay-type":"","overlay-color":"","overlay-opacity":"","overlay-gradient":""},"tablet":{"background-color":"","background-image":"","background-repeat":"repeat","background-position":"center center","background-size":"auto","background-attachment":"scroll","background-type":"","background-media":"","overlay-type":"","overlay-color":"","overlay-opacity":"","overlay-gradient":""},"mobile":{"background-color":"","background-image":"","background-repeat":"repeat","background-position":"center center","background-size":"auto","background-attachment":"scroll","background-type":"","background-media":"","overlay-type":"","overlay-color":"","overlay-opacity":"","overlay-gradient":""}},"ast-content-background-meta":{"desktop":{"background-color":"var(--ast-global-color-5)","background-image":"","background-repeat":"repeat","background-position":"center center","background-size":"auto","background-attachment":"scroll","background-type":"","background-media":"","overlay-type":"","overlay-color":"","overlay-opacity":"","overlay-gradient":""},"tablet":{"background-color":"var(--ast-global-color-5)","background-image":"","background-repeat":"repeat","background-position":"center center","background-size":"auto","background-attachment":"scroll","background-type":"","background-media":"","overlay-type":"","overlay-color":"","overlay-opacity":"","overlay-gradient":""},"mobile":{"background-color":"var(--ast-global-color-5)","background-image":"","background-repeat":"repeat","background-position":"center center","background-size":"auto","background-attachment":"scroll","background-type":"","background-media":"","overlay-type":"","overlay-color":"","overlay-opacity":"","overlay-gradient":""}}},"product_brand":[],"product_cat":[39,78,1419,166,184,99,305,92,77,76,201,318],"product_tag":[165,1420,103,178,245,241,202,293],"class_list":{"0":"post-31169","1":"product","2":"type-product","3":"status-publish","4":"has-post-thumbnail","6":"product_cat-bags","7":"product_cat-school-backpacks","8":"product_cat-bishe","9":"product_cat-brand","10":"product_cat-college-backpack","11":"product_cat-fashion","12":"product_cat-gym-backpacks","13":"product_cat-laptop-backpacks","14":"product_cat-school-bag-for-boys","15":"product_cat-school-bag-for-girls","16":"product_cat-sport-backpacks","17":"product_cat-travel-bag","18":"product_tag-backpack","19":"product_tag-bishe","20":"product_tag-laptop-backpack","21":"product_tag-school-backpack","22":"product_tag-school-backpack-for-boys","23":"product_tag-school-backpack-for-girls","24":"product_tag-sport-backpack","25":"product_tag-travel-backpacks","26":"pa_color-beige","27":"pa_color-black","28":"desktop-align-left","29":"tablet-align-center","30":"mobile-align-center","32":"first","33":"instock","34":"shipping-taxable","35":"purchasable","36":"product-type-variable","37":"has-default-attributes"},"uagb_featured_image_src":{"full":["https:\/\/maadcenter.co\/wp-content\/uploads\/2025\/08\/PXL_20250803_131639274.jpg",1800,1800,false],"thumbnail":["https:\/\/maadcenter.co\/wp-content\/uploads\/2025\/08\/PXL_20250803_131639274-150x150.jpg",150,150,true],"medium":["https:\/\/maadcenter.co\/wp-content\/uploads\/2025\/08\/PXL_20250803_131639274-300x300.jpg",300,300,true],"medium_large":["https:\/\/maadcenter.co\/wp-content\/uploads\/2025\/08\/PXL_20250803_131639274-768x768.jpg",768,768,true],"large":["https:\/\/maadcenter.co\/wp-content\/uploads\/2025\/08\/PXL_20250803_131639274-1024x1024.jpg",1024,1024,true],"1536x1536":["https:\/\/maadcenter.co\/wp-content\/uploads\/2025\/08\/PXL_20250803_131639274-1536x1536.jpg",1536,1536,true],"2048x2048":["https:\/\/maadcenter.co\/wp-content\/uploads\/2025\/08\/PXL_20250803_131639274.jpg",1800,1800,false],"trp-custom-language-flag":["https:\/\/maadcenter.co\/wp-content\/uploads\/2025\/08\/PXL_20250803_131639274-12x12.jpg",12,12,true],"depicter-thumbnail":["https:\/\/maadcenter.co\/wp-content\/uploads\/2025\/08\/PXL_20250803_131639274-200x200.jpg",200,200,true],"woocommerce_thumbnail":["https:\/\/maadcenter.co\/wp-content\/uploads\/2025\/08\/PXL_20250803_131639274-500x500.jpg",500,500,true],"woocommerce_single":["https:\/\/maadcenter.co\/wp-content\/uploads\/2025\/08\/PXL_20250803_131639274-600x600.jpg",600,600,true],"woocommerce_gallery_thumbnail":["https:\/\/maadcenter.co\/wp-content\/uploads\/2025\/08\/PXL_20250803_131639274-100x100.jpg",100,100,true],"variation_swatches_image_size":["https:\/\/maadcenter.co\/wp-content\/uploads\/2025\/08\/PXL_20250803_131639274-50x50.jpg",50,50,true],"variation_swatches_tooltip_size":["https:\/\/maadcenter.co\/wp-content\/uploads\/2025\/08\/PXL_20250803_131639274-100x100.jpg",100,100,true],"dgwt-wcas-product-suggestion":["https:\/\/maadcenter.co\/wp-content\/uploads\/2025\/08\/PXL_20250803_131639274-64x64.jpg",64,64,true]},"uagb_author_info":{"display_name":"Online sales Agent","author_link":"https:\/\/maadcenter.co\/krd\/author\/"},"uagb_comment_info":0,"uagb_excerpt":"\ud83c\udf92 40\u00d732\u00d714cm 2-in-1 Backpack for Ages 13\u201325+ This stylish backpack doubles as a handbag, perfect for school, college, travel, and daily use. Made from premium polyester, it features a smooth zipper closure, bottle holder, and padded laptop compartment. Lightweight, durable, and designed for comfort on the go.","_links":{"self":[{"href":"https:\/\/maadcenter.co\/krd\/wp-json\/wp\/v2\/product\/31169","targetHints":{"allow":["GET"]}}],"collection":[{"href":"https:\/\/maadcenter.co\/krd\/wp-json\/wp\/v2\/product"}],"about":[{"href":"https:\/\/maadcenter.co\/krd\/wp-json\/wp\/v2\/types\/product"}],"replies":[{"embeddable":true,"href":"https:\/\/maadcenter.co\/krd\/wp-json\/wp\/v2\/comments?post=31169"}],"wp:featuredmedia":[{"embeddable":true,"href":"https:\/\/maadcenter.co\/krd\/wp-json\/wp\/v2\/media\/31170"}],"wp:attachment":[{"href":"https:\/\/maadcenter.co\/krd\/wp-json\/wp\/v2\/media?parent=31169"}],"wp:term":[{"taxonomy":"product_brand","embeddable":true,"href":"https:\/\/maadcenter.co\/krd\/wp-json\/wp\/v2\/product_brand?post=31169"},{"taxonomy":"product_cat","embeddable":true,"href":"https:\/\/maadcenter.co\/krd\/wp-json\/wp\/v2\/product_cat?post=31169"},{"taxonomy":"product_tag","embeddable":true,"href":"https:\/\/maadcenter.co\/krd\/wp-json\/wp\/v2\/product_tag?post=31169"}],"curies":[{"name":"wp","href":"https:\/\/api.w.org\/{rel}","templated":true}]}}