{"id":6270,"date":"2024-06-10T14:24:09","date_gmt":"2024-06-10T11:24:09","guid":{"rendered":"https:\/\/maadcenter.co\/?post_type=product&#038;p=6270"},"modified":"2025-07-23T21:19:55","modified_gmt":"2025-07-23T18:19:55","slug":"glossy-bird-school-bags","status":"publish","type":"product","link":"https:\/\/maadcenter.co\/krd\/shop-2\/bags\/school-bag-for-girls\/glossy-bird-school-bags\/","title":{"rendered":"\u062c\u0627\u0646\u062a\u0627\u06cc \u06af\u0644\u06c6\u0633\u06cc \u0628\u06ce\u0631\u06cc \u062e\u0648\u06ce\u0646\u062f\u0646 - \u06a9\u06c6\u06b5\u06d5\u067e\u0634\u062a"},"content":{"rendered":"<p><strong>\u0628\u0627\u0628\u06d5\u062a :\u00a0<\/strong>\u0626\u06d5\u0645 \u062c\u0627\u0646\u062a\u0627\u06cc\u06d5 \u0644\u06d5 \u0642\u0648\u0645\u0627\u0634\u06cc \u06a9\u0648\u0627\u0644\u06ce\u062a\u06cc \u0628\u06d5\u0631\u0632 \u062f\u0631\u0648\u0633\u062a\u06a9\u0631\u0627\u0648\u06d5<\/p>\n<p><strong>\u062a\u0627\u06cc\u0628\u062a\u0645\u06d5\u0646\u062f\u06cc\u06d5\u06a9\u0627\u0646:\u00a0<\/strong>\u06af\u06cc\u0631\u0641\u0627\u0646\u06cc \u067e\u06ce\u0634\u06d5\u0648\u06d5\u06cc \u062c\u06cc\u0627 \u062f\u06d5\u06a9\u0631\u06ce\u062a\u06d5\u0648\u06d5 \u0644\u06d5 \u0695\u06ce\u06af\u06d5\u06cc \u0632\u0646\u062c\u06cc\u0631 \u06a9\u06d5 \u062f\u06d5\u0628\u06ce\u062a\u06d5 \u062c\u0627\u0646\u062a\u0627\u06cc \u06a9\u0624\u06b5\u06d5 \u067e\u0634\u062a \u0648 \u0644\u06d5 \u0634\u0627\u0646 \u062f\u06d5\u06a9\u0631\u06ce\u062a<\/p>\n<p><strong>\u062a\u06d5\u0645\u06d5\u0646\u06cc \u06af\u0648\u0646\u062c\u0627\u0648 :\u00a0<\/strong>\u06af\u0648\u0646\u062c\u0627\u0648\u06d5 \u0628\u06c6 \u06a9\u0686\u0627\u0646\u06cc \u062a\u06d5\u0645\u06d5\u0646 \u0661\u0660 \u0628\u06c6 \u0661\u0665 \u0633\u0627\u06b5 \u0648 \u0633\u06d5\u0631\u0648\u0648\u062a\u0631.<\/p>\n<div class=\"LT6XE\">\n<div class=\"f5cPye\" data-rl=\"en\" data-lht=\"104\">\n<div class=\"WaaZC\">\n<div class=\"RJPOee EIJn2\">\n<div class=\"rPeykc\" data-hveid=\"CAIQAQ\" data-ved=\"2ahUKEwjagcvV09COAxXQ-QIHHX8FFF8Qo_EKegQIAhAB\">\n<div class=\"NPrrbc\" data-cid=\"85e7088c-8be6-4455-8039-84f8f91d7cab\" data-uuids=\"12096833851158700060\">\n<div class=\"BMebGe btku5b fCrZyc LwdV0e FR7ZSc qVhvac OJeuxf\" role=\"button\" aria-label=\"Gir\u00eadan\u00ean t\u00eakildar bib\u00eenin\" data-hveid=\"CAMQAg\" data-ved=\"2ahUKEwjagcvV09COAxXQ-QIHHX8FFF8Q3fYKegQIAxAC\">\n<div class=\"niO4u\">\n<div class=\"kHtcsd\"><strong>\u0628\u06d5\u06a9\u0627\u0631\u062f\u06ce\u062a \u0628\u06c6 :<\/strong> <strong>:<\/strong> \u0642\u0648\u062a\u0627\u0628\u062e\u0627\u0646\u06d5<\/div>\n<\/div>\n<\/div>\n<\/div>\n<\/div>\n<\/div>\n<\/div>\n<\/div>\n<\/div>","protected":false},"excerpt":{"rendered":"<p><strong>\u0628\u0627\u0628\u06d5\u062a :\u00a0<\/strong>\u0626\u06d5\u0645 \u062c\u0627\u0646\u062a\u0627\u06cc\u06d5 \u0644\u06d5 \u0642\u0648\u0645\u0627\u0634\u06cc \u06a9\u0648\u0627\u0644\u06ce\u062a\u06cc \u0628\u06d5\u0631\u0632 \u062f\u0631\u0648\u0633\u062a\u06a9\u0631\u0627\u0648\u06d5<\/p>\n<p><strong>\u062a\u0627\u06cc\u0628\u062a\u0645\u06d5\u0646\u062f\u06cc\u06d5\u06a9\u0627\u0646:\u00a0<\/strong>\u06af\u06cc\u0631\u0641\u0627\u0646\u06cc \u067e\u06ce\u0634\u06d5\u0648\u06d5\u06cc \u062c\u06cc\u0627 \u062f\u06d5\u06a9\u0631\u06ce\u062a\u06d5\u0648\u06d5 \u0644\u06d5 \u0695\u06ce\u06af\u06d5\u06cc \u0632\u0646\u062c\u06cc\u0631 \u06a9\u06d5 \u062f\u06d5\u0628\u06ce\u062a\u06d5 \u062c\u0627\u0646\u062a\u0627\u06cc \u06a9\u0624\u06b5\u06d5 \u067e\u0634\u062a \u0648 \u0644\u06d5 \u0634\u0627\u0646 \u062f\u06d5\u06a9\u0631\u06ce\u062a<\/p>\n<p><strong>\u062a\u06d5\u0645\u06d5\u0646\u06cc \u06af\u0648\u0646\u062c\u0627\u0648 :\u00a0<\/strong>\u06af\u0648\u0646\u062c\u0627\u0648\u06d5 \u0628\u06c6 \u06a9\u0686\u0627\u0646\u06cc \u062a\u06d5\u0645\u06d5\u0646 \u0661\u0660 \u0628\u06c6 \u0661\u0665 \u0633\u0627\u06b5 \u0648 \u0633\u06d5\u0631\u0648\u0648\u062a\u0631.<\/p>\n<div class=\"LT6XE\">\n<div class=\"f5cPye\" data-rl=\"en\" data-lht=\"104\">\n<div class=\"WaaZC\">\n<div class=\"RJPOee EIJn2\">\n<div class=\"rPeykc\" data-hveid=\"CAIQAQ\" data-ved=\"2ahUKEwjagcvV09COAxXQ-QIHHX8FFF8Qo_EKegQIAhAB\">\n<div class=\"NPrrbc\" data-cid=\"85e7088c-8be6-4455-8039-84f8f91d7cab\" data-uuids=\"12096833851158700060\">\n<div class=\"BMebGe btku5b fCrZyc LwdV0e FR7ZSc qVhvac OJeuxf\" role=\"button\" aria-label=\"Gir\u00eadan\u00ean t\u00eakildar bib\u00eenin\" data-hveid=\"CAMQAg\" data-ved=\"2ahUKEwjagcvV09COAxXQ-QIHHX8FFF8Q3fYKegQIAxAC\">\n<div class=\"niO4u\">\n<div class=\"kHtcsd\"><strong>\u0628\u06d5\u06a9\u0627\u0631\u062f\u06ce\u062a \u0628\u06c6 :<\/strong> <strong>:<\/strong> \u0642\u0648\u062a\u0627\u0628\u062e\u0627\u0646\u06d5<\/div>\n<\/div>\n<\/div>\n<\/div>\n<\/div>\n<\/div>\n<\/div>\n<\/div>\n<\/div>","protected":false},"featured_media":6278,"comment_status":"open","ping_status":"closed","template":"","meta":{"_uag_custom_page_level_css":"","site-sidebar-layout":"default","site-content-layout":"","ast-site-content-layout":"default","site-content-style":"default","site-sidebar-style":"default","ast-global-header-display":"","ast-banner-title-visibility":"","ast-main-header-display":"","ast-hfb-above-header-display":"","ast-hfb-below-header-display":"","ast-hfb-mobile-header-display":"","site-post-title":"","ast-breadcrumbs-content":"","ast-featured-img":"","footer-sml-layout":"","ast-disable-related-posts":"","theme-transparent-header-meta":"default","adv-header-id-meta":"","stick-header-meta":"","header-above-stick-meta":"","header-main-stick-meta":"","header-below-stick-meta":"","astra-migrate-meta-layouts":"set","ast-page-background-enabled":"default","ast-page-background-meta":{"desktop":{"background-color":"","background-image":"","background-repeat":"repeat","background-position":"center center","background-size":"auto","background-attachment":"scroll","background-type":"","background-media":"","overlay-type":"","overlay-color":"","overlay-opacity":"","overlay-gradient":""},"tablet":{"background-color":"","background-image":"","background-repeat":"repeat","background-position":"center center","background-size":"auto","background-attachment":"scroll","background-type":"","background-media":"","overlay-type":"","overlay-color":"","overlay-opacity":"","overlay-gradient":""},"mobile":{"background-color":"","background-image":"","background-repeat":"repeat","background-position":"center center","background-size":"auto","background-attachment":"scroll","background-type":"","background-media":"","overlay-type":"","overlay-color":"","overlay-opacity":"","overlay-gradient":""}},"ast-content-background-meta":{"desktop":{"background-color":"var(--ast-global-color-5)","background-image":"","background-repeat":"repeat","background-position":"center center","background-size":"auto","background-attachment":"scroll","background-type":"","background-media":"","overlay-type":"","overlay-color":"","overlay-opacity":"","overlay-gradient":""},"tablet":{"background-color":"var(--ast-global-color-5)","background-image":"","background-repeat":"repeat","background-position":"center center","background-size":"auto","background-attachment":"scroll","background-type":"","background-media":"","overlay-type":"","overlay-color":"","overlay-opacity":"","overlay-gradient":""},"mobile":{"background-color":"var(--ast-global-color-5)","background-image":"","background-repeat":"repeat","background-position":"center center","background-size":"auto","background-attachment":"scroll","background-type":"","background-media":"","overlay-type":"","overlay-color":"","overlay-opacity":"","overlay-gradient":""}}},"product_brand":[],"product_cat":[78,39,76],"product_tag":[55,56],"class_list":{"0":"post-6270","1":"product","2":"type-product","3":"status-publish","4":"has-post-thumbnail","6":"product_cat-school-backpacks","7":"product_cat-bags","8":"product_cat-school-bag-for-girls","9":"product_tag-backpacks","10":"product_tag-school-bag","11":"pa_pattern-black","12":"pa_pattern-dark-pink","13":"pa_pattern-green","14":"pa_pattern-purple","15":"pa_pattern-red","16":"desktop-align-left","17":"tablet-align-center","18":"mobile-align-center","20":"first","21":"instock","22":"shipping-taxable","23":"purchasable","24":"product-type-variable","25":"has-default-attributes"},"uagb_featured_image_src":{"full":["https:\/\/maadcenter.co\/wp-content\/uploads\/2024\/06\/1al.png",600,600,false],"thumbnail":["https:\/\/maadcenter.co\/wp-content\/uploads\/2024\/06\/1al-150x150.png",150,150,true],"medium":["https:\/\/maadcenter.co\/wp-content\/uploads\/2024\/06\/1al-300x300.png",300,300,true],"medium_large":["https:\/\/maadcenter.co\/wp-content\/uploads\/2024\/06\/1al.png",600,600,false],"large":["https:\/\/maadcenter.co\/wp-content\/uploads\/2024\/06\/1al.png",600,600,false],"1536x1536":["https:\/\/maadcenter.co\/wp-content\/uploads\/2024\/06\/1al.png",600,600,false],"2048x2048":["https:\/\/maadcenter.co\/wp-content\/uploads\/2024\/06\/1al.png",600,600,false],"trp-custom-language-flag":["https:\/\/maadcenter.co\/wp-content\/uploads\/2024\/06\/1al-12x12.png",12,12,true],"depicter-thumbnail":["https:\/\/maadcenter.co\/wp-content\/uploads\/2024\/06\/1al.png",200,200,false],"woocommerce_thumbnail":["https:\/\/maadcenter.co\/wp-content\/uploads\/2024\/06\/1al-500x500.png",500,500,true],"woocommerce_single":["https:\/\/maadcenter.co\/wp-content\/uploads\/2024\/06\/1al.png",600,600,false],"woocommerce_gallery_thumbnail":["https:\/\/maadcenter.co\/wp-content\/uploads\/2024\/06\/1al-100x100.png",100,100,true],"variation_swatches_image_size":["https:\/\/maadcenter.co\/wp-content\/uploads\/2024\/06\/1al.png",50,50,false],"variation_swatches_tooltip_size":["https:\/\/maadcenter.co\/wp-content\/uploads\/2024\/06\/1al.png",100,100,false],"dgwt-wcas-product-suggestion":["https:\/\/maadcenter.co\/wp-content\/uploads\/2024\/06\/1al.png",64,64,false]},"uagb_author_info":{"display_name":"Online sales Agent","author_link":"https:\/\/maadcenter.co\/krd\/author\/"},"uagb_comment_info":0,"uagb_excerpt":"Material :\u00a0This Bag is Made Of High Quality Fabric Features :\u00a0Detachable front pocket via zip that becomes a backpack with ribbon shoulder straps Suitable Age :\u00a0Suitable For Girls Age 10 to 15 Years and Older. Ideal For : School","_links":{"self":[{"href":"https:\/\/maadcenter.co\/krd\/wp-json\/wp\/v2\/product\/6270","targetHints":{"allow":["GET"]}}],"collection":[{"href":"https:\/\/maadcenter.co\/krd\/wp-json\/wp\/v2\/product"}],"about":[{"href":"https:\/\/maadcenter.co\/krd\/wp-json\/wp\/v2\/types\/product"}],"replies":[{"embeddable":true,"href":"https:\/\/maadcenter.co\/krd\/wp-json\/wp\/v2\/comments?post=6270"}],"wp:featuredmedia":[{"embeddable":true,"href":"https:\/\/maadcenter.co\/krd\/wp-json\/wp\/v2\/media\/6278"}],"wp:attachment":[{"href":"https:\/\/maadcenter.co\/krd\/wp-json\/wp\/v2\/media?parent=6270"}],"wp:term":[{"taxonomy":"product_brand","embeddable":true,"href":"https:\/\/maadcenter.co\/krd\/wp-json\/wp\/v2\/product_brand?post=6270"},{"taxonomy":"product_cat","embeddable":true,"href":"https:\/\/maadcenter.co\/krd\/wp-json\/wp\/v2\/product_cat?post=6270"},{"taxonomy":"product_tag","embeddable":true,"href":"https:\/\/maadcenter.co\/krd\/wp-json\/wp\/v2\/product_tag?post=6270"}],"curies":[{"name":"wp","href":"https:\/\/api.w.org\/{rel}","templated":true}]}}