{"id":6344,"date":"2024-06-13T14:29:11","date_gmt":"2024-06-13T11:29:11","guid":{"rendered":"https:\/\/maadcenter.co\/?post_type=product&#038;p=6344"},"modified":"2025-09-03T14:15:38","modified_gmt":"2025-09-03T11:15:38","slug":"seven-school-bag-for-girls-7","status":"publish","type":"product","link":"https:\/\/maadcenter.co\/krd\/shop-2\/brand\/seven\/seven-school-bag-for-girls-7\/","title":{"rendered":"\u062c\u0627\u0646\u062a\u0627\u06cc \u062e\u0648\u06ce\u0646\u062f\u0646\u06cc - \u0633\u06ce\u06a4\u0646 -  \u06a9\u0686\u0627\u0646"},"content":{"rendered":"<dl class=\"row\">\n<dd class=\"col-12 col-sm-8 col-lg-12 col-xl-6\"><strong>\u0626\u06d5\u0645 \u062c\u0627\u0646\u062a\u0627\u06cc\u06d5 \u0644\u06d5 \u0642\u0648\u0645\u0627\u0634\u06cc \u06a9\u0648\u0627\u0644\u06ce\u062a\u06cc \u0628\u06d5\u0631\u0632 \u062f\u0631\u0648\u0633\u062a\u06a9\u0631\u0627\u0648\u06d5<\/strong><\/p>\n<p>&nbsp;<\/p>\n<p><strong>\u062a\u0627\u06cc\u0628\u06d5\u062a\u0645\u06d5\u0646\u062f\u06cc\u06d5\u06a9\u0627\u0646\u06cc: \u0626\u06d5\u0645 \u062c\u0627\u0646\u062a\u0627\u06cc \u06a9\u0624\u06b5\u06d5 \u067e\u0634\u062a\u06d5 \u0626\u06d5\u0648\u06d5\u06cc\u06d5 \u06a9\u06d5  \u06a9\u0648\u0627\u0644\u06cc\u062a\u06cc \u0628\u06d5\u0631\u0632\u06d5 \u0645\u0627\u0646\u06d5\u0648\u06d5 \u0648 \u0634\u0648\u06ce\u0646\u06cc \u0641\u0631\u0627\u0648\u0627\u0646\u06cc \u0647\u06d5\u06cc\u06d5 \u060c \u062a\u06d5\u0648\u0627\u0648 \u06af\u0648\u0646\u062c\u0627\u0648\u06d5 \u0628\u06c6 \u0647\u06d5\u06b5\u06af\u0631\u062a\u0646\u06cc \u06a9\u062a\u06ce\u0628 \u0648 \u062f\u06d5\u0641\u062a\u06d5\u0631 \u0648 \u067e\u06ce\u062f\u0627\u0648\u06cc\u0633\u062a\u06cc\u06d5\u06a9\u0627\u0646\u06cc \u0695\u06c6\u0698\u0627\u0646\u06d5\u06cc \u0642\u0648\u062a\u0627\u0628\u062e\u0627\u0646\u06d5. \u062f\u06cc\u0632\u0627\u06cc\u0646 \u06a9\u0631\u0627\u0648\u06d5 \u0628\u06c6 \u0626\u0627\u0633\u0648\u0648\u062f\u06d5\u06cc\u06cc \u0648 \u06a9\u0627\u0631\u06a9\u0631\u062f\u0646 \u0644\u06d5 \u0647\u06d5\u0645\u0627\u0646 \u06a9\u0627\u062a\u062f\u0627.<\/strong><strong>\u00a0\u06af\u06cc\u0631\u0641\u0627\u0646\u06ce\u06a9\u06cc \u062a\u0627\u06cc\u0628\u06d5\u062a \u0628\u06d5 \u0634\u0648\u0634\u06d5\u06cc \u0626\u0627\u0648 \u0628\u06c6 \u0647\u06d5\u06b5\u06af\u0631\u062a\u0646\u06cc \u062e\u06ce\u0631\u0627 \u0648 \u0626\u0627\u0633\u0627\u0646.<\/strong><\/p>\n<p><strong>\u062a\u06d5\u0645\u06d5\u0646\u06cc \u06af\u0648\u0646\u062c\u0627\u0648: \u06af\u0648\u0646\u062c\u0627\u0648\u06d5 \u0628\u06c6 \u06a9\u0686\u0627\u0646\u06cc \u062a\u06d5\u0645\u06d5\u0646 \u0661\u0660 \u0628\u06c6 \u0661\u0665 \u0633\u0627\u06b5 \u0648 \u0633\u06d5\u0631\u0648\u0648\u062a\u0631.<\/strong><\/p>\n<div class=\"LT6XE\">\n<div class=\"f5cPye\" data-rl=\"en\" data-lht=\"104\">\n<div class=\"WaaZC\">\n<div class=\"RJPOee EIJn2\">\n<div class=\"rPeykc\" data-hveid=\"CAIQAQ\" data-ved=\"2ahUKEwjagcvV09COAxXQ-QIHHX8FFF8Qo_EKegQIAhAB\">\n<div class=\"NPrrbc\" data-cid=\"85e7088c-8be6-4455-8039-84f8f91d7cab\" data-uuids=\"12096833851158700060\">\n<div class=\"BMebGe btku5b fCrZyc LwdV0e FR7ZSc qVhvac OJeuxf\" role=\"button\" aria-label=\"Gir\u00eadan\u00ean t\u00eakildar bib\u00eenin\" data-hveid=\"CAMQAg\" data-ved=\"2ahUKEwjagcvV09COAxXQ-QIHHX8FFF8Q3fYKegQIAxAC\">\n<div class=\"niO4u\">\n<div class=\"kHtcsd\"><strong>\u0628\u06d5\u06a9\u0627\u0631\u062f\u06ce\u062a \u0628\u06c6 :<\/strong> <strong>:<\/strong> <strong>\u0642\u0648\u062a\u0627\u0628\u062e\u0627\u0646\u06d5<\/strong><\/div>\n<\/div>\n<\/div>\n<\/div>\n<\/div>\n<\/div>\n<\/div>\n<\/div>\n<\/div>\n<\/dd>\n<\/dl>","protected":false},"excerpt":{"rendered":"<p><strong data-start=\"0\" data-end=\"13\" data-is-only-node=\"\">\u0645\u0648\u0627\u062f<\/strong> \u0645\u0648\u0627\u062f \u0647\u0627\u06cc \u06a9\u0648\u0627\u0644\u06ce\u062a\u06cc<br data-start=\"33\" data-end=\"36\" \/><strong data-start=\"36\" data-end=\"49\">\u062a\u0627\u06cc\u0628\u062a\u0645\u06d5\u0646\u062f\u06cc\u06d5\u06a9\u0627\u0646:<\/strong> \u0628\u06d5\u0647\u06ce\u0632\u06d5 \u0648 \u0641\u0631\u0627\u0648\u0627\u0646\u06d5 \u0648 \u06af\u06cc\u0631\u0641\u0627\u0646\u06ce\u06a9\u06cc \u062a\u0627\u06cc\u0628\u06d5\u062a\u06cc \u0628\u06c6 \u0645\u06d5\u062a\u0627\u0631\u06d5\u06cc \u0626\u0627\u0648\u06cc \u0647\u06d5\u06cc\u06d5.<br data-start=\"97\" data-end=\"100\" \/><strong data-start=\"100\" data-end=\"108\">\u062a\u06d5\u0645\u06d5\u0646 :<\/strong> \u06a9\u062c\u0627\u0646 10-15 +<br data-start=\"121\" data-end=\"124\" \/><strong data-start=\"124\" data-end=\"138\">\u06af\u0648\u0646\u062c\u0627\u0648\u06d5 \u0628\u06c6:<\/strong> \u0642\u0648\u062a\u0627\u0628\u062e\u0627\u0646\u06d5<\/p>","protected":false},"featured_media":7422,"comment_status":"open","ping_status":"closed","template":"","meta":{"_uag_custom_page_level_css":"","site-sidebar-layout":"default","site-content-layout":"","ast-site-content-layout":"default","site-content-style":"default","site-sidebar-style":"default","ast-global-header-display":"","ast-banner-title-visibility":"","ast-main-header-display":"","ast-hfb-above-header-display":"","ast-hfb-below-header-display":"","ast-hfb-mobile-header-display":"","site-post-title":"","ast-breadcrumbs-content":"","ast-featured-img":"","footer-sml-layout":"","ast-disable-related-posts":"","theme-transparent-header-meta":"default","adv-header-id-meta":"","stick-header-meta":"","header-above-stick-meta":"","header-main-stick-meta":"","header-below-stick-meta":"","astra-migrate-meta-layouts":"set","ast-page-background-enabled":"default","ast-page-background-meta":{"desktop":{"background-color":"","background-image":"","background-repeat":"repeat","background-position":"center center","background-size":"auto","background-attachment":"scroll","background-type":"","background-media":"","overlay-type":"","overlay-color":"","overlay-opacity":"","overlay-gradient":""},"tablet":{"background-color":"","background-image":"","background-repeat":"repeat","background-position":"center center","background-size":"auto","background-attachment":"scroll","background-type":"","background-media":"","overlay-type":"","overlay-color":"","overlay-opacity":"","overlay-gradient":""},"mobile":{"background-color":"","background-image":"","background-repeat":"repeat","background-position":"center center","background-size":"auto","background-attachment":"scroll","background-type":"","background-media":"","overlay-type":"","overlay-color":"","overlay-opacity":"","overlay-gradient":""}},"ast-content-background-meta":{"desktop":{"background-color":"var(--ast-global-color-5)","background-image":"","background-repeat":"repeat","background-position":"center center","background-size":"auto","background-attachment":"scroll","background-type":"","background-media":"","overlay-type":"","overlay-color":"","overlay-opacity":"","overlay-gradient":""},"tablet":{"background-color":"var(--ast-global-color-5)","background-image":"","background-repeat":"repeat","background-position":"center center","background-size":"auto","background-attachment":"scroll","background-type":"","background-media":"","overlay-type":"","overlay-color":"","overlay-opacity":"","overlay-gradient":""},"mobile":{"background-color":"var(--ast-global-color-5)","background-image":"","background-repeat":"repeat","background-position":"center center","background-size":"auto","background-attachment":"scroll","background-type":"","background-media":"","overlay-type":"","overlay-color":"","overlay-opacity":"","overlay-gradient":""}}},"product_brand":[],"product_cat":[78,39,166,76,167],"product_tag":[60,62,58,59],"class_list":{"0":"post-6344","1":"product","2":"type-product","3":"status-publish","4":"has-post-thumbnail","6":"product_cat-school-backpacks","7":"product_cat-bags","8":"product_cat-brand","9":"product_cat-school-bag-for-girls","10":"product_cat-seven","11":"product_tag-bag-for-girls","12":"product_tag-bags","13":"product_tag-school-bags","14":"product_tag-seven","15":"desktop-align-left","16":"tablet-align-center","17":"mobile-align-center","19":"first","20":"instock","21":"shipping-taxable","22":"purchasable","23":"product-type-simple"},"uagb_featured_image_src":{"full":["https:\/\/maadcenter.co\/wp-content\/uploads\/2024\/06\/product-standard-size-3.12.46-PM-4-37.png",2541,2541,false],"thumbnail":["https:\/\/maadcenter.co\/wp-content\/uploads\/2024\/06\/product-standard-size-3.12.46-PM-4-37-150x150.png",150,150,true],"medium":["https:\/\/maadcenter.co\/wp-content\/uploads\/2024\/06\/product-standard-size-3.12.46-PM-4-37-300x300.png",300,300,true],"medium_large":["https:\/\/maadcenter.co\/wp-content\/uploads\/2024\/06\/product-standard-size-3.12.46-PM-4-37-768x768.png",768,768,true],"large":["https:\/\/maadcenter.co\/wp-content\/uploads\/2024\/06\/product-standard-size-3.12.46-PM-4-37-1024x1024.png",1024,1024,true],"1536x1536":["https:\/\/maadcenter.co\/wp-content\/uploads\/2024\/06\/product-standard-size-3.12.46-PM-4-37-1536x1536.png",1536,1536,true],"2048x2048":["https:\/\/maadcenter.co\/wp-content\/uploads\/2024\/06\/product-standard-size-3.12.46-PM-4-37-2048x2048.png",2048,2048,true],"trp-custom-language-flag":["https:\/\/maadcenter.co\/wp-content\/uploads\/2024\/06\/product-standard-size-3.12.46-PM-4-37-12x12.png",12,12,true],"depicter-thumbnail":["https:\/\/maadcenter.co\/wp-content\/uploads\/2024\/06\/product-standard-size-3.12.46-PM-4-37.png",200,200,false],"woocommerce_thumbnail":["https:\/\/maadcenter.co\/wp-content\/uploads\/2024\/06\/product-standard-size-3.12.46-PM-4-37-500x500.png",500,500,true],"woocommerce_single":["https:\/\/maadcenter.co\/wp-content\/uploads\/2024\/06\/product-standard-size-3.12.46-PM-4-37-600x600.png",600,600,true],"woocommerce_gallery_thumbnail":["https:\/\/maadcenter.co\/wp-content\/uploads\/2024\/06\/product-standard-size-3.12.46-PM-4-37-100x100.png",100,100,true],"variation_swatches_image_size":["https:\/\/maadcenter.co\/wp-content\/uploads\/2024\/06\/product-standard-size-3.12.46-PM-4-37.png",50,50,false],"variation_swatches_tooltip_size":["https:\/\/maadcenter.co\/wp-content\/uploads\/2024\/06\/product-standard-size-3.12.46-PM-4-37.png",100,100,false],"dgwt-wcas-product-suggestion":["https:\/\/maadcenter.co\/wp-content\/uploads\/2024\/06\/product-standard-size-3.12.46-PM-4-37.png",64,64,false]},"uagb_author_info":{"display_name":"Online sales Agent","author_link":"https:\/\/maadcenter.co\/krd\/author\/"},"uagb_comment_info":0,"uagb_excerpt":"Material: High-quality fabricFeatures: Durable, spacious, with dedicated bottle pocketAge: Girls 10\u201315+Ideal for: School","_links":{"self":[{"href":"https:\/\/maadcenter.co\/krd\/wp-json\/wp\/v2\/product\/6344","targetHints":{"allow":["GET"]}}],"collection":[{"href":"https:\/\/maadcenter.co\/krd\/wp-json\/wp\/v2\/product"}],"about":[{"href":"https:\/\/maadcenter.co\/krd\/wp-json\/wp\/v2\/types\/product"}],"replies":[{"embeddable":true,"href":"https:\/\/maadcenter.co\/krd\/wp-json\/wp\/v2\/comments?post=6344"}],"wp:featuredmedia":[{"embeddable":true,"href":"https:\/\/maadcenter.co\/krd\/wp-json\/wp\/v2\/media\/7422"}],"wp:attachment":[{"href":"https:\/\/maadcenter.co\/krd\/wp-json\/wp\/v2\/media?parent=6344"}],"wp:term":[{"taxonomy":"product_brand","embeddable":true,"href":"https:\/\/maadcenter.co\/krd\/wp-json\/wp\/v2\/product_brand?post=6344"},{"taxonomy":"product_cat","embeddable":true,"href":"https:\/\/maadcenter.co\/krd\/wp-json\/wp\/v2\/product_cat?post=6344"},{"taxonomy":"product_tag","embeddable":true,"href":"https:\/\/maadcenter.co\/krd\/wp-json\/wp\/v2\/product_tag?post=6344"}],"curies":[{"name":"wp","href":"https:\/\/api.w.org\/{rel}","templated":true}]}}