{"id":7105,"date":"2024-06-25T15:12:41","date_gmt":"2024-06-25T12:12:41","guid":{"rendered":"https:\/\/maadcenter.co\/?post_type=product&#038;p=7105"},"modified":"2025-04-12T09:18:24","modified_gmt":"2025-04-12T06:18:24","slug":"jeep-mens-leather-clutch","status":"publish","type":"product","link":"https:\/\/maadcenter.co\/krd\/shop-2\/brand\/jeep\/jeep-mens-leather-clutch\/","title":{"rendered":"Jeep \u2013 \u00c7entey\u00ean \u00c7erm\u00ee y\u00ean M\u00earan"},"content":{"rendered":"<p>\u0628\u0631\u0627\u0646\u062f\u06cc \u062c\u06cc\u06cc\u067e<\/p>\n<p>\u062c\u0632\u062f\u0627\u0646<\/p>\n<p>-Clutches&amp;pouches<\/p>\n<p>&nbsp;<\/p>","protected":false},"excerpt":{"rendered":"<p>-Jeep Bulluo -Wallets -Clutches&amp;pouches &nbsp;<\/p>","protected":false},"featured_media":7209,"comment_status":"open","ping_status":"closed","template":"","meta":{"_uag_custom_page_level_css":"","site-sidebar-layout":"default","site-content-layout":"","ast-site-content-layout":"default","site-content-style":"default","site-sidebar-style":"default","ast-global-header-display":"","ast-banner-title-visibility":"","ast-main-header-display":"","ast-hfb-above-header-display":"","ast-hfb-below-header-display":"","ast-hfb-mobile-header-display":"","site-post-title":"","ast-breadcrumbs-content":"","ast-featured-img":"","footer-sml-layout":"","ast-disable-related-posts":"","theme-transparent-header-meta":"default","adv-header-id-meta":"","stick-header-meta":"","header-above-stick-meta":"","header-main-stick-meta":"","header-below-stick-meta":"","astra-migrate-meta-layouts":"set","ast-page-background-enabled":"default","ast-page-background-meta":{"desktop":{"background-color":"","background-image":"","background-repeat":"repeat","background-position":"center center","background-size":"auto","background-attachment":"scroll","background-type":"","background-media":"","overlay-type":"","overlay-color":"","overlay-opacity":"","overlay-gradient":""},"tablet":{"background-color":"","background-image":"","background-repeat":"repeat","background-position":"center center","background-size":"auto","background-attachment":"scroll","background-type":"","background-media":"","overlay-type":"","overlay-color":"","overlay-opacity":"","overlay-gradient":""},"mobile":{"background-color":"","background-image":"","background-repeat":"repeat","background-position":"center center","background-size":"auto","background-attachment":"scroll","background-type":"","background-media":"","overlay-type":"","overlay-color":"","overlay-opacity":"","overlay-gradient":""}},"ast-content-background-meta":{"desktop":{"background-color":"var(--ast-global-color-5)","background-image":"","background-repeat":"repeat","background-position":"center center","background-size":"auto","background-attachment":"scroll","background-type":"","background-media":"","overlay-type":"","overlay-color":"","overlay-opacity":"","overlay-gradient":""},"tablet":{"background-color":"var(--ast-global-color-5)","background-image":"","background-repeat":"repeat","background-position":"center center","background-size":"auto","background-attachment":"scroll","background-type":"","background-media":"","overlay-type":"","overlay-color":"","overlay-opacity":"","overlay-gradient":""},"mobile":{"background-color":"var(--ast-global-color-5)","background-image":"","background-repeat":"repeat","background-position":"center center","background-size":"auto","background-attachment":"scroll","background-type":"","background-media":"","overlay-type":"","overlay-color":"","overlay-opacity":"","overlay-gradient":""}}},"product_brand":[],"product_cat":[79,166,145,172,91],"product_tag":[149,152,146],"class_list":{"0":"post-7105","1":"product","2":"type-product","3":"status-publish","4":"has-post-thumbnail","6":"product_cat-wallets","7":"product_cat-brand","8":"product_cat-clutchespouches","9":"product_cat-jeep","10":"product_cat-mens-wallets","11":"product_tag-clutchespouches","12":"product_tag-mens-wallet","13":"product_tag-wallets","14":"pa_color-burnt-umber","15":"pa_color-dark-grey","16":"desktop-align-left","17":"tablet-align-center","18":"mobile-align-center","20":"first","21":"instock","22":"shipping-taxable","23":"purchasable","24":"product-type-variable","25":"has-default-attributes"},"uagb_featured_image_src":{"full":["https:\/\/maadcenter.co\/wp-content\/uploads\/2024\/06\/product-standard-size-3.12.46-PM-2-11.png",4500,4500,false],"thumbnail":["https:\/\/maadcenter.co\/wp-content\/uploads\/2024\/06\/product-standard-size-3.12.46-PM-2-11-150x150.png",150,150,true],"medium":["https:\/\/maadcenter.co\/wp-content\/uploads\/2024\/06\/product-standard-size-3.12.46-PM-2-11-300x300.png",300,300,true],"medium_large":["https:\/\/maadcenter.co\/wp-content\/uploads\/2024\/06\/product-standard-size-3.12.46-PM-2-11-768x768.png",768,768,true],"large":["https:\/\/maadcenter.co\/wp-content\/uploads\/2024\/06\/product-standard-size-3.12.46-PM-2-11-1024x1024.png",1024,1024,true],"1536x1536":["https:\/\/maadcenter.co\/wp-content\/uploads\/2024\/06\/product-standard-size-3.12.46-PM-2-11-1536x1536.png",1536,1536,true],"2048x2048":["https:\/\/maadcenter.co\/wp-content\/uploads\/2024\/06\/product-standard-size-3.12.46-PM-2-11-2048x2048.png",2048,2048,true],"trp-custom-language-flag":["https:\/\/maadcenter.co\/wp-content\/uploads\/2024\/06\/product-standard-size-3.12.46-PM-2-11-12x12.png",12,12,true],"depicter-thumbnail":["https:\/\/maadcenter.co\/wp-content\/uploads\/2024\/06\/product-standard-size-3.12.46-PM-2-11.png",200,200,false],"woocommerce_thumbnail":["https:\/\/maadcenter.co\/wp-content\/uploads\/2024\/06\/product-standard-size-3.12.46-PM-2-11-500x500.png",500,500,true],"woocommerce_single":["https:\/\/maadcenter.co\/wp-content\/uploads\/2024\/06\/product-standard-size-3.12.46-PM-2-11-600x600.png",600,600,true],"woocommerce_gallery_thumbnail":["https:\/\/maadcenter.co\/wp-content\/uploads\/2024\/06\/product-standard-size-3.12.46-PM-2-11-100x100.png",100,100,true],"variation_swatches_image_size":["https:\/\/maadcenter.co\/wp-content\/uploads\/2024\/06\/product-standard-size-3.12.46-PM-2-11.png",50,50,false],"variation_swatches_tooltip_size":["https:\/\/maadcenter.co\/wp-content\/uploads\/2024\/06\/product-standard-size-3.12.46-PM-2-11.png",100,100,false],"dgwt-wcas-product-suggestion":["https:\/\/maadcenter.co\/wp-content\/uploads\/2024\/06\/product-standard-size-3.12.46-PM-2-11.png",64,64,false]},"uagb_author_info":{"display_name":"Online sales Agent","author_link":"https:\/\/maadcenter.co\/krd\/author\/"},"uagb_comment_info":0,"uagb_excerpt":"-Jeep Bulluo -Wallets -Clutches&amp;pouches &nbsp;","_links":{"self":[{"href":"https:\/\/maadcenter.co\/krd\/wp-json\/wp\/v2\/product\/7105","targetHints":{"allow":["GET"]}}],"collection":[{"href":"https:\/\/maadcenter.co\/krd\/wp-json\/wp\/v2\/product"}],"about":[{"href":"https:\/\/maadcenter.co\/krd\/wp-json\/wp\/v2\/types\/product"}],"replies":[{"embeddable":true,"href":"https:\/\/maadcenter.co\/krd\/wp-json\/wp\/v2\/comments?post=7105"}],"wp:featuredmedia":[{"embeddable":true,"href":"https:\/\/maadcenter.co\/krd\/wp-json\/wp\/v2\/media\/7209"}],"wp:attachment":[{"href":"https:\/\/maadcenter.co\/krd\/wp-json\/wp\/v2\/media?parent=7105"}],"wp:term":[{"taxonomy":"product_brand","embeddable":true,"href":"https:\/\/maadcenter.co\/krd\/wp-json\/wp\/v2\/product_brand?post=7105"},{"taxonomy":"product_cat","embeddable":true,"href":"https:\/\/maadcenter.co\/krd\/wp-json\/wp\/v2\/product_cat?post=7105"},{"taxonomy":"product_tag","embeddable":true,"href":"https:\/\/maadcenter.co\/krd\/wp-json\/wp\/v2\/product_tag?post=7105"}],"curies":[{"name":"wp","href":"https:\/\/api.w.org\/{rel}","templated":true}]}}