{"id":8334,"date":"2024-07-09T15:55:40","date_gmt":"2024-07-09T12:55:40","guid":{"rendered":"https:\/\/maadcenter.co\/?post_type=product&#038;p=8334"},"modified":"2025-09-03T12:31:51","modified_gmt":"2025-09-03T09:31:51","slug":"sj-school-backpack-for-girls","status":"publish","type":"product","link":"https:\/\/maadcenter.co\/krd\/shop-2\/brand\/seven\/sj-school-backpack-for-girls\/","title":{"rendered":"\u062c\u0627\u0646\u062a\u0627\u06cc \u062e\u0648\u06ce\u0646\u062f\u0646\u06cc - \u0626\u06ce\u0633 \u062c\u06d5\u06cc -  \u06a9\u0686\u0627\u0646"},"content":{"rendered":"<div class=\"woocommerce-tabs wc-tabs-wrapper\">\n<div id=\"tab-description\" class=\"woocommerce-Tabs-panel woocommerce-Tabs-panel--description panel entry-content wc-tab\" role=\"tabpanel\" aria-labelledby=\"tab-title-description\">\n<p><strong>\u0626\u06d5\u0645 \u062c\u0627\u0646\u062a\u0627\u06cc\u06d5 \u0644\u06d5 \u0642\u0648\u0645\u0627\u0634\u06cc \u06a9\u0648\u0627\u0644\u06ce\u062a\u06cc \u0628\u06d5\u0631\u0632 \u062f\u0631\u0648\u0633\u062a\u06a9\u0631\u0627\u0648\u06d5<\/strong><\/p>\n<p><strong>\u062a\u0627\u06cc\u0628\u06d5\u062a\u0645\u06d5\u0646\u062f\u06cc\u06d5\u06a9\u0627\u0646\u06cc: \u0626\u06d5\u0645 \u062c\u0627\u0646\u062a\u0627\u06cc \u06a9\u0624\u06b5\u06d5 \u067e\u0634\u062a\u06d5 \u0626\u06d5\u0648\u06d5\u06cc\u06d5 \u06a9\u06d5  \u06a9\u0648\u0627\u0644\u06cc\u062a\u06cc \u0628\u06d5\u0631\u0632\u06d5 \u0645\u0627\u0646\u06d5\u0648\u06d5 \u0648 \u0634\u0648\u06ce\u0646\u06cc \u0641\u0631\u0627\u0648\u0627\u0646\u06cc \u0647\u06d5\u06cc\u06d5 +\u060c \u062a\u06d5\u0648\u0627\u0648 \u06af\u0648\u0646\u062c\u0627\u0648\u06d5 \u0628\u06c6 \u0647\u06d5\u06b5\u06af\u0631\u062a\u0646\u06cc \u06a9\u062a\u06ce\u0628 \u0648 \u062f\u06d5\u0641\u062a\u06d5\u0631 \u0648 \u067e\u06ce\u062f\u0627\u0648\u06cc\u0633\u062a\u06cc\u06d5\u06a9\u0627\u0646\u06cc \u0695\u06c6\u0698\u0627\u0646\u06d5\u06cc \u0642\u0648\u062a\u0627\u0628\u062e\u0627\u0646\u06d5. \u062f\u06cc\u0632\u0627\u06cc\u0646 \u06a9\u0631\u0627\u0648\u06d5 \u0628\u06c6 \u0626\u0627\u0633\u0648\u0648\u062f\u06d5\u06cc\u06cc \u0648 \u06a9\u0627\u0631\u06a9\u0631\u062f\u0646 \u0644\u06d5 \u0647\u06d5\u0645\u0627\u0646 \u06a9\u0627\u062a\u062f\u0627.<\/strong><\/p>\n<p><strong>Suitable Age : Suitable For Girls Age 8 to 13<\/strong><\/p>\n<div class=\"LT6XE\">\n<div class=\"f5cPye\" data-rl=\"en\" data-lht=\"104\">\n<div class=\"WaaZC\">\n<div class=\"RJPOee EIJn2\">\n<div class=\"rPeykc\" data-hveid=\"CAIQAQ\" data-ved=\"2ahUKEwjagcvV09COAxXQ-QIHHX8FFF8Qo_EKegQIAhAB\">\n<div class=\"NPrrbc\" data-cid=\"85e7088c-8be6-4455-8039-84f8f91d7cab\" data-uuids=\"12096833851158700060\">\n<div class=\"BMebGe btku5b fCrZyc LwdV0e FR7ZSc qVhvac OJeuxf\" role=\"button\" aria-label=\"Gir\u00eadan\u00ean t\u00eakildar bib\u00eenin\" data-hveid=\"CAMQAg\" data-ved=\"2ahUKEwjagcvV09COAxXQ-QIHHX8FFF8Q3fYKegQIAxAC\">\n<div class=\"niO4u\">\n<div class=\"kHtcsd\"><strong>\u0628\u06d5\u06a9\u0627\u0631\u062f\u06ce\u062a \u0628\u06c6 :<\/strong> <strong>:<\/strong> <strong>\u0642\u0648\u062a\u0627\u0628\u062e\u0627\u0646\u06d5<\/strong><\/div>\n<\/div>\n<\/div>\n<\/div>\n<\/div>\n<\/div>\n<\/div>\n<\/div>\n<\/div>\n<\/div>\n<\/div>","protected":false},"excerpt":{"rendered":"<p><strong>\u0645\u0648\u0627\u062f<\/strong> \u067e\u06c6\u0644\u06cc\u0633\u062a\u06d5\u0631\u06ce\u06a9\u06cc \u06a9\u0648\u0627\u0644\u06cc\u062a\u06cc \u0628\u06d5\u0631\u0632<br \/>\n<strong>\u062a\u0627\u06cc\u0628\u062a\u0645\u06d5\u0646\u062f\u06cc\u06d5\u06a9\u0627\u0646:<\/strong> \u062e\u06c6\u0695\u0627\u06af\u0631\u060c \u0641\u0631\u0627\u0648\u0627\u0646 \u0648 \u0626\u0627\u0633\u0648\u0648\u062f\u06d5\u2014\u06af\u0648\u0646\u062c\u0627\u0648\u06d5 \u0628\u06c6 \u0628\u06d5\u06a9\u0627\u0631\u0647\u06ce\u0646\u0627\u0646\u06cc \u0642\u0648\u062a\u0627\u0628\u062e\u0627\u0646\u06d5.<br \/>\n<strong>\u062a\u06d5\u0645\u06d5\u0646 :<\/strong> Girls 8-13<br \/>\n<strong>\u06af\u0648\u0646\u062c\u0627\u0648\u06d5 \u0628\u06c6:<\/strong> \u0642\u0648\u062a\u0627\u0628\u062e\u0627\u0646\u06d5<\/p>","protected":false},"featured_media":8336,"comment_status":"open","ping_status":"closed","template":"","meta":{"_uag_custom_page_level_css":"","site-sidebar-layout":"default","site-content-layout":"","ast-site-content-layout":"default","site-content-style":"default","site-sidebar-style":"default","ast-global-header-display":"","ast-banner-title-visibility":"","ast-main-header-display":"","ast-hfb-above-header-display":"","ast-hfb-below-header-display":"","ast-hfb-mobile-header-display":"","site-post-title":"","ast-breadcrumbs-content":"","ast-featured-img":"","footer-sml-layout":"","ast-disable-related-posts":"","theme-transparent-header-meta":"default","adv-header-id-meta":"","stick-header-meta":"","header-above-stick-meta":"","header-main-stick-meta":"","header-below-stick-meta":"","astra-migrate-meta-layouts":"set","ast-page-background-enabled":"default","ast-page-background-meta":{"desktop":{"background-color":"","background-image":"","background-repeat":"repeat","background-position":"center center","background-size":"auto","background-attachment":"scroll","background-type":"","background-media":"","overlay-type":"","overlay-color":"","overlay-opacity":"","overlay-gradient":""},"tablet":{"background-color":"","background-image":"","background-repeat":"repeat","background-position":"center center","background-size":"auto","background-attachment":"scroll","background-type":"","background-media":"","overlay-type":"","overlay-color":"","overlay-opacity":"","overlay-gradient":""},"mobile":{"background-color":"","background-image":"","background-repeat":"repeat","background-position":"center center","background-size":"auto","background-attachment":"scroll","background-type":"","background-media":"","overlay-type":"","overlay-color":"","overlay-opacity":"","overlay-gradient":""}},"ast-content-background-meta":{"desktop":{"background-color":"var(--ast-global-color-5)","background-image":"","background-repeat":"repeat","background-position":"center center","background-size":"auto","background-attachment":"scroll","background-type":"","background-media":"","overlay-type":"","overlay-color":"","overlay-opacity":"","overlay-gradient":""},"tablet":{"background-color":"var(--ast-global-color-5)","background-image":"","background-repeat":"repeat","background-position":"center center","background-size":"auto","background-attachment":"scroll","background-type":"","background-media":"","overlay-type":"","overlay-color":"","overlay-opacity":"","overlay-gradient":""},"mobile":{"background-color":"var(--ast-global-color-5)","background-image":"","background-repeat":"repeat","background-position":"center center","background-size":"auto","background-attachment":"scroll","background-type":"","background-media":"","overlay-type":"","overlay-color":"","overlay-opacity":"","overlay-gradient":""}}},"product_brand":[],"product_cat":[39,78,166,76,167,174],"product_tag":[55,64,59,65],"class_list":{"0":"post-8334","1":"product","2":"type-product","3":"status-publish","4":"has-post-thumbnail","6":"product_cat-bags","7":"product_cat-school-backpacks","8":"product_cat-brand","9":"product_cat-school-bag-for-girls","10":"product_cat-seven","11":"product_cat-sj","12":"product_tag-backpacks","13":"product_tag-school-bag-for-girls","14":"product_tag-seven","15":"product_tag-sj","16":"desktop-align-left","17":"tablet-align-center","18":"mobile-align-center","20":"first","21":"instock","22":"shipping-taxable","23":"purchasable","24":"product-type-simple"},"uagb_featured_image_src":{"full":["https:\/\/maadcenter.co\/wp-content\/uploads\/2024\/07\/20C202318-379_1_2.webp",1122,1160,false],"thumbnail":["https:\/\/maadcenter.co\/wp-content\/uploads\/2024\/07\/20C202318-379_1_2-150x150.webp",150,150,true],"medium":["https:\/\/maadcenter.co\/wp-content\/uploads\/2024\/07\/20C202318-379_1_2-290x300.webp",290,300,true],"medium_large":["https:\/\/maadcenter.co\/wp-content\/uploads\/2024\/07\/20C202318-379_1_2-768x794.webp",768,794,true],"large":["https:\/\/maadcenter.co\/wp-content\/uploads\/2024\/07\/20C202318-379_1_2-990x1024.webp",990,1024,true],"1536x1536":["https:\/\/maadcenter.co\/wp-content\/uploads\/2024\/07\/20C202318-379_1_2.webp",1122,1160,false],"2048x2048":["https:\/\/maadcenter.co\/wp-content\/uploads\/2024\/07\/20C202318-379_1_2.webp",1122,1160,false],"trp-custom-language-flag":["https:\/\/maadcenter.co\/wp-content\/uploads\/2024\/07\/20C202318-379_1_2-12x12.webp",12,12,true],"depicter-thumbnail":["https:\/\/maadcenter.co\/wp-content\/uploads\/2024\/07\/20C202318-379_1_2.webp",200,207,false],"woocommerce_thumbnail":["https:\/\/maadcenter.co\/wp-content\/uploads\/2024\/07\/20C202318-379_1_2-500x500.webp",500,500,true],"woocommerce_single":["https:\/\/maadcenter.co\/wp-content\/uploads\/2024\/07\/20C202318-379_1_2-600x620.webp",600,620,true],"woocommerce_gallery_thumbnail":["https:\/\/maadcenter.co\/wp-content\/uploads\/2024\/07\/20C202318-379_1_2-100x100.webp",100,100,true],"variation_swatches_image_size":["https:\/\/maadcenter.co\/wp-content\/uploads\/2024\/07\/20C202318-379_1_2.webp",48,50,false],"variation_swatches_tooltip_size":["https:\/\/maadcenter.co\/wp-content\/uploads\/2024\/07\/20C202318-379_1_2.webp",97,100,false],"dgwt-wcas-product-suggestion":["https:\/\/maadcenter.co\/wp-content\/uploads\/2024\/07\/20C202318-379_1_2.webp",64,66,false]},"uagb_author_info":{"display_name":"Online sales Agent","author_link":"https:\/\/maadcenter.co\/krd\/author\/"},"uagb_comment_info":0,"uagb_excerpt":"Material: High-quality polyester Features: Durable, spacious, and comfortable\u2014ideal for school use Age: Girls 8-13 Ideal for: School","_links":{"self":[{"href":"https:\/\/maadcenter.co\/krd\/wp-json\/wp\/v2\/product\/8334","targetHints":{"allow":["GET"]}}],"collection":[{"href":"https:\/\/maadcenter.co\/krd\/wp-json\/wp\/v2\/product"}],"about":[{"href":"https:\/\/maadcenter.co\/krd\/wp-json\/wp\/v2\/types\/product"}],"replies":[{"embeddable":true,"href":"https:\/\/maadcenter.co\/krd\/wp-json\/wp\/v2\/comments?post=8334"}],"wp:featuredmedia":[{"embeddable":true,"href":"https:\/\/maadcenter.co\/krd\/wp-json\/wp\/v2\/media\/8336"}],"wp:attachment":[{"href":"https:\/\/maadcenter.co\/krd\/wp-json\/wp\/v2\/media?parent=8334"}],"wp:term":[{"taxonomy":"product_brand","embeddable":true,"href":"https:\/\/maadcenter.co\/krd\/wp-json\/wp\/v2\/product_brand?post=8334"},{"taxonomy":"product_cat","embeddable":true,"href":"https:\/\/maadcenter.co\/krd\/wp-json\/wp\/v2\/product_cat?post=8334"},{"taxonomy":"product_tag","embeddable":true,"href":"https:\/\/maadcenter.co\/krd\/wp-json\/wp\/v2\/product_tag?post=8334"}],"curies":[{"name":"wp","href":"https:\/\/api.w.org\/{rel}","templated":true}]}}