{"id":9277,"date":"2024-07-20T14:42:21","date_gmt":"2024-07-20T11:42:21","guid":{"rendered":"https:\/\/maadcenter.co\/?post_type=product&#038;p=9277"},"modified":"2025-09-24T20:49:10","modified_gmt":"2025-09-24T17:49:10","slug":"fortune-school-backpack-for-girls-boys-2","status":"publish","type":"product","link":"https:\/\/maadcenter.co\/krd\/shop-2\/brand\/fortune\/fortune-school-backpack-for-girls-boys-2\/","title":{"rendered":"\u062c\u0627\u0646\u062a\u0627\u06cc \u062e\u0648\u06ce\u0646\u062f\u0646\u06cc - \u0641\u06c6\u0695\u0686\u0646 - \u06a9\u0686\u0627\u0646 \u0648 \u06a9\u0648\u0695\u0627\u0646"},"content":{"rendered":"<p><strong>\u0645\u0627\u062f\u062f\u06d5: \u0626\u06d5\u0645 \u062c\u0627\u0646\u062a\u0627\u06cc\u06d5 \u0644\u06d5 \u067e\u06c6\u0644\u06cc\u0633\u062a\u06d5\u0631\u06ce\u06a9\u06cc \u06a9\u0648\u0627\u0644\u06cc\u062a\u06cc \u0628\u06d5\u0631\u0632 \u062f\u0631\u0648\u0633\u062a\u06a9\u0631\u0627\u0648\u06d5.\u00a0<\/strong><\/p>\n<p><strong>\u062a\u0627\u06cc\u0628\u06d5\u062a\u0645\u06d5\u0646\u062f\u06cc\u06d5\u06a9\u0627\u0646: \u0626\u06d5\u0645 \u062c\u0627\u0646\u062a\u0627\u06cc \u067e\u0634\u062a\u06d5 \u06a9\u0648\u0627\u0644\u06cc\u062a\u06cc \u0628\u06d5\u0631\u0632 \u062e\u06c6\u0695\u0627\u06af\u0631\u06d5 \u0648 \u0628\u06c6\u0634\u0627\u06cc\u06cc \u0632\u06c6\u0631\u06cc \u0647\u06d5\u06cc\u06d5\u060c \u0626\u06d5\u0645\u06d5\u0634 \u0648\u0627\u06cc \u0644\u06ce\u062f\u06d5\u06a9\u0627\u062a \u0646\u0645\u0648\u0646\u06d5\u06cc\u06cc \u0628\u06ce\u062a \u0628\u06c6 \u0647\u06d5\u06b5\u06af\u0631\u062a\u0646\u06cc \u06a9\u062a\u06ce\u0628\u060c \u062f\u06d5\u0641\u062a\u06d5\u0631 \u0648 \u067e\u06ce\u062f\u0627\u0648\u06cc\u0633\u062a\u06cc\u06cc\u06d5\u06a9\u0627\u0646\u06cc \u0695\u06c6\u0698\u0627\u0646\u06d5\u06cc \u0642\u0648\u062a\u0627\u0628\u062e\u0627\u0646\u06d5. \u0628\u06c6 \u0626\u0627\u0633\u0648\u0648\u062f\u06d5\u06cc\u06cc \u0648 \u06a9\u0627\u0631\u0627\u06cc\u06cc \u062f\u06cc\u0632\u0627\u06cc\u0646 \u06a9\u0631\u0627\u0648\u06d5\u060c \u06af\u06cc\u0631\u0641\u0627\u0646\u06cc \u0628\u0648\u062a\u06b5\u06cc \u062a\u0627\u06cc\u0628\u06d5\u062a \u0628\u06c6 \u0647\u06d5\u06b5\u06af\u0631\u062a\u0646\u06cc \u062e\u06ce\u0631\u0627 \u0648 \u0626\u0627\u0633\u0627\u0646.<\/strong><\/p>\n<p><strong>\u062a\u06d5\u0645\u06d5\u0646\u06cc \u06af\u0648\u0646\u062c\u0627\u0648: \u0628\u06c6 \u06a9\u0686\u0627\u0646\/\u06a9\u0648\u0695\u0627\u0646\u06cc \u062a\u06d5\u0645\u06d5\u0646 \u0661\u0660-\u0661\u0665 \u0633\u0627\u06b5 \u0648 \u0633\u06d5\u0631\u0648\u0648\u062a\u0631 \u06af\u0648\u0646\u062c\u0627\u0648\u06d5.<\/strong><\/p>\n<div class=\"LT6XE\">\n<div class=\"f5cPye\" data-rl=\"en\" data-lht=\"104\">\n<div class=\"WaaZC\">\n<div class=\"RJPOee EIJn2\">\n<div class=\"rPeykc\" data-hveid=\"CAIQAQ\" data-ved=\"2ahUKEwjagcvV09COAxXQ-QIHHX8FFF8Qo_EKegQIAhAB\">\n<div class=\"NPrrbc\" data-cid=\"85e7088c-8be6-4455-8039-84f8f91d7cab\" data-uuids=\"12096833851158700060\">\n<div class=\"BMebGe btku5b fCrZyc LwdV0e FR7ZSc qVhvac OJeuxf\" role=\"button\" aria-label=\"Gir\u00eadan\u00ean t\u00eakildar bib\u00eenin\" data-hveid=\"CAMQAg\" data-ved=\"2ahUKEwjagcvV09COAxXQ-QIHHX8FFF8Q3fYKegQIAxAC\">\n<div class=\"niO4u\">\n<div class=\"kHtcsd\"><strong>\u0628\u06d5\u06a9\u0627\u0631\u062f\u06ce\u062a \u0628\u06c6 :<\/strong> <strong>:<\/strong> <strong>\u0642\u0648\u062a\u0627\u0628\u062e\u0627\u0646\u06d5<\/strong><\/div>\n<\/div>\n<\/div>\n<\/div>\n<\/div>\n<\/div>\n<\/div>\n<\/div>\n<\/div>\n<p>S<strong>ize : 43*14*33cm<\/strong><\/p>\n<p>&nbsp;<\/p>","protected":false},"excerpt":{"rendered":"<p><strong data-start=\"36\" data-end=\"68\">\u062c\u0627\u0646\u062a\u0627\u06cc \u06a9\u06c6\u06b5\u06d5 \u067e\u0634\u062a \u0642\u0648\u062a\u0627\u0628\u062e\u0627\u0646\u06d5 (43\u00d714\u00d733 \u0633\u0645)<\/strong><br data-start=\"68\" data-end=\"71\" \/>\u0644\u06d5 \u067e\u06c6\u0644\u06cc\u0633\u062a\u06d5\u0631\u06cc \u06a9\u0648\u0627\u0644\u06ce\u062a\u06cc \u0628\u06d5\u0631\u0632 \u062f\u0631\u0648\u0633\u062a\u06a9\u0631\u0627\u0648\u06d5\u060c \u0634\u0648\u06ce\u0646\u06cc \u0641\u0631\u0627\u0648\u0627\u0646\u06cc \u0647\u06d5\u06cc\u06d5 \u0628\u06c6 \u06a9\u062a\u06ce\u0628 \u0648 \u0647\u06d5\u0645\u0648\u0648 \u067e\u06ce\u062f\u0627\u0648\u06cc\u0633\u062a\u06cc\u06cc\u06d5 \u0633\u06d5\u0631\u06d5\u06a9\u06cc\u06cc\u06d5\u06a9\u0627\u0646\u062a\u0627\u0646. \u06af\u06cc\u0631\u0641\u0627\u0646\u06ce\u06a9\u06cc \u062a\u0627\u06cc\u0628\u06d5\u062a\u06cc \u0634\u0648\u0648\u0634\u06d5\u06cc \u0647\u06d5\u06cc\u06d5 \u0648 \u062f\u06cc\u0632\u0627\u06cc\u0646\u06ce\u06a9\u06cc \u0626\u06d5\u0631\u06af\u0648\u0646\u06c6\u0645\u06cc\u06a9\u06cc \u0647\u06d5\u06cc\u06d5 \u0628\u06c6 \u0626\u0627\u0633\u0648\u0648\u062f\u06d5\u06cc\u06cc \u0695\u06c6\u0698\u0627\u0646\u06d5.<br data-start=\"203\" data-end=\"206\" data-is-only-node=\"\" \/><strong data-start=\"206\" data-end=\"240\" data-is-last-node=\"\">\u0626\u0627\u06cc\u062f\u06cc\u0627\u06b5\u06d5 \u0628\u06c6 \u0642\u0648\u062a\u0627\u0628\u062e\u0627\u0646\u06d5\u060c \u062a\u06d5\u0645\u06d5\u0646\u06cc 10\u201315+.<\/strong><\/p>","protected":false},"featured_media":9279,"comment_status":"open","ping_status":"closed","template":"","meta":{"_uag_custom_page_level_css":"","site-sidebar-layout":"default","site-content-layout":"","ast-site-content-layout":"default","site-content-style":"default","site-sidebar-style":"default","ast-global-header-display":"","ast-banner-title-visibility":"","ast-main-header-display":"","ast-hfb-above-header-display":"","ast-hfb-below-header-display":"","ast-hfb-mobile-header-display":"","site-post-title":"","ast-breadcrumbs-content":"","ast-featured-img":"","footer-sml-layout":"","ast-disable-related-posts":"","theme-transparent-header-meta":"default","adv-header-id-meta":"","stick-header-meta":"","header-above-stick-meta":"","header-main-stick-meta":"","header-below-stick-meta":"","astra-migrate-meta-layouts":"set","ast-page-background-enabled":"default","ast-page-background-meta":{"desktop":{"background-color":"","background-image":"","background-repeat":"repeat","background-position":"center center","background-size":"auto","background-attachment":"scroll","background-type":"","background-media":"","overlay-type":"","overlay-color":"","overlay-opacity":"","overlay-gradient":""},"tablet":{"background-color":"","background-image":"","background-repeat":"repeat","background-position":"center center","background-size":"auto","background-attachment":"scroll","background-type":"","background-media":"","overlay-type":"","overlay-color":"","overlay-opacity":"","overlay-gradient":""},"mobile":{"background-color":"","background-image":"","background-repeat":"repeat","background-position":"center center","background-size":"auto","background-attachment":"scroll","background-type":"","background-media":"","overlay-type":"","overlay-color":"","overlay-opacity":"","overlay-gradient":""}},"ast-content-background-meta":{"desktop":{"background-color":"var(--ast-global-color-5)","background-image":"","background-repeat":"repeat","background-position":"center center","background-size":"auto","background-attachment":"scroll","background-type":"","background-media":"","overlay-type":"","overlay-color":"","overlay-opacity":"","overlay-gradient":""},"tablet":{"background-color":"var(--ast-global-color-5)","background-image":"","background-repeat":"repeat","background-position":"center center","background-size":"auto","background-attachment":"scroll","background-type":"","background-media":"","overlay-type":"","overlay-color":"","overlay-opacity":"","overlay-gradient":""},"mobile":{"background-color":"var(--ast-global-color-5)","background-image":"","background-repeat":"repeat","background-position":"center center","background-size":"auto","background-attachment":"scroll","background-type":"","background-media":"","overlay-type":"","overlay-color":"","overlay-opacity":"","overlay-gradient":""}}},"product_brand":[],"product_cat":[39,78,166,220,77,76],"product_tag":[55,221,208,64],"class_list":{"0":"post-9277","1":"product","2":"type-product","3":"status-publish","4":"has-post-thumbnail","6":"product_cat-bags","7":"product_cat-school-backpacks","8":"product_cat-brand","9":"product_cat-fortune","10":"product_cat-school-bag-for-boys","11":"product_cat-school-bag-for-girls","12":"product_tag-backpacks","13":"product_tag-fortune","14":"product_tag-school-bag-for-boys","15":"product_tag-school-bag-for-girls","16":"pa_color-black","17":"pa_color-olive-green","18":"desktop-align-left","19":"tablet-align-center","20":"mobile-align-center","22":"first","23":"instock","24":"shipping-taxable","25":"purchasable","26":"product-type-variable","27":"has-default-attributes"},"uagb_featured_image_src":{"full":["https:\/\/maadcenter.co\/wp-content\/uploads\/2024\/07\/product-standard-size-3_0001_Layer-10-1.png",2151,2151,false],"thumbnail":["https:\/\/maadcenter.co\/wp-content\/uploads\/2024\/07\/product-standard-size-3_0001_Layer-10-1-150x150.png",150,150,true],"medium":["https:\/\/maadcenter.co\/wp-content\/uploads\/2024\/07\/product-standard-size-3_0001_Layer-10-1-300x300.png",300,300,true],"medium_large":["https:\/\/maadcenter.co\/wp-content\/uploads\/2024\/07\/product-standard-size-3_0001_Layer-10-1-768x768.png",768,768,true],"large":["https:\/\/maadcenter.co\/wp-content\/uploads\/2024\/07\/product-standard-size-3_0001_Layer-10-1-1024x1024.png",1024,1024,true],"1536x1536":["https:\/\/maadcenter.co\/wp-content\/uploads\/2024\/07\/product-standard-size-3_0001_Layer-10-1-1536x1536.png",1536,1536,true],"2048x2048":["https:\/\/maadcenter.co\/wp-content\/uploads\/2024\/07\/product-standard-size-3_0001_Layer-10-1-2048x2048.png",2048,2048,true],"trp-custom-language-flag":["https:\/\/maadcenter.co\/wp-content\/uploads\/2024\/07\/product-standard-size-3_0001_Layer-10-1-12x12.png",12,12,true],"depicter-thumbnail":["https:\/\/maadcenter.co\/wp-content\/uploads\/2024\/07\/product-standard-size-3_0001_Layer-10-1-200x200.png",200,200,true],"woocommerce_thumbnail":["https:\/\/maadcenter.co\/wp-content\/uploads\/2024\/07\/product-standard-size-3_0001_Layer-10-1-500x500.png",500,500,true],"woocommerce_single":["https:\/\/maadcenter.co\/wp-content\/uploads\/2024\/07\/product-standard-size-3_0001_Layer-10-1-600x600.png",600,600,true],"woocommerce_gallery_thumbnail":["https:\/\/maadcenter.co\/wp-content\/uploads\/2024\/07\/product-standard-size-3_0001_Layer-10-1-100x100.png",100,100,true],"variation_swatches_image_size":["https:\/\/maadcenter.co\/wp-content\/uploads\/2024\/07\/product-standard-size-3_0001_Layer-10-1.png",50,50,false],"variation_swatches_tooltip_size":["https:\/\/maadcenter.co\/wp-content\/uploads\/2024\/07\/product-standard-size-3_0001_Layer-10-1.png",100,100,false],"dgwt-wcas-product-suggestion":["https:\/\/maadcenter.co\/wp-content\/uploads\/2024\/07\/product-standard-size-3_0001_Layer-10-1.png",64,64,false]},"uagb_author_info":{"display_name":"Online sales Agent","author_link":"https:\/\/maadcenter.co\/krd\/author\/"},"uagb_comment_info":0,"uagb_excerpt":"School Backpack (43\u00d714\u00d733cm)Made of high-quality polyester with ample space for books and essentials. Features a dedicated bottle pocket and comfortable design.Ideal for school, ages 10\u201315+.","_links":{"self":[{"href":"https:\/\/maadcenter.co\/krd\/wp-json\/wp\/v2\/product\/9277","targetHints":{"allow":["GET"]}}],"collection":[{"href":"https:\/\/maadcenter.co\/krd\/wp-json\/wp\/v2\/product"}],"about":[{"href":"https:\/\/maadcenter.co\/krd\/wp-json\/wp\/v2\/types\/product"}],"replies":[{"embeddable":true,"href":"https:\/\/maadcenter.co\/krd\/wp-json\/wp\/v2\/comments?post=9277"}],"wp:featuredmedia":[{"embeddable":true,"href":"https:\/\/maadcenter.co\/krd\/wp-json\/wp\/v2\/media\/9279"}],"wp:attachment":[{"href":"https:\/\/maadcenter.co\/krd\/wp-json\/wp\/v2\/media?parent=9277"}],"wp:term":[{"taxonomy":"product_brand","embeddable":true,"href":"https:\/\/maadcenter.co\/krd\/wp-json\/wp\/v2\/product_brand?post=9277"},{"taxonomy":"product_cat","embeddable":true,"href":"https:\/\/maadcenter.co\/krd\/wp-json\/wp\/v2\/product_cat?post=9277"},{"taxonomy":"product_tag","embeddable":true,"href":"https:\/\/maadcenter.co\/krd\/wp-json\/wp\/v2\/product_tag?post=9277"}],"curies":[{"name":"wp","href":"https:\/\/api.w.org\/{rel}","templated":true}]}}